{"id":729535,"date":"2025-08-27T20:57:27","date_gmt":"2025-08-27T17:57:27","guid":{"rendered":"https:\/\/roveyayinevi.com.tr\/index.php\/urun\/farsca-konusalim-1\/"},"modified":"2026-04-16T02:37:12","modified_gmt":"2026-04-15T23:37:12","slug":"farsca-konusalim-1","status":"publish","type":"product","link":"https:\/\/roveyayinevi.com.tr\/index.php\/urun\/farsca-konusalim-1\/","title":{"rendered":"Fars\u00e7a Konu\u015fal\u0131m-1"},"content":{"rendered":"<p>Bu Kitap Sesli bir kitapt\u0131r ve b\u00fct\u00fcn metinler sesli olarak kaydedilmi\u015ftir. Sesli Fars\u00e7a kaynaklar olduk\u00e7a az oldu\u011fundan dolay\u0131 bu eserin \u00f6\u011frencilere \u00e7ok faydal\u0131 olaca\u011f\u0131 kanaatindeyiz. Bu kitap birinci cilt olup ba\u015flang\u0131\u00e7 ve orta seviyede olan \u00f6\u011frenciler i\u00e7in uygundur. <\/p>\n","protected":false},"excerpt":{"rendered":"<p>Bu Kitap Sesli bir kitapt\u0131r ve b\u00fct\u00fcn metinler sesli olarak kaydedilmi\u015ftir. Sesli Fars\u00e7a kaynaklar olduk\u00e7a az oldu\u011fundan dolay\u0131 bu eserin \u00f6\u011frencilere \u00e7ok faydal\u0131 olaca\u011f\u0131 kanaatindeyiz. Bu<span class=\"excerpt-hellip\"> [\u2026]<\/span><\/p>\n","protected":false},"featured_media":0,"template":"","meta":{"_monsterinsights_skip_tracking":false,"_monsterinsights_sitenote_active":false,"_monsterinsights_sitenote_note":"","_monsterinsights_sitenote_category":0},"product_brand":[],"product_cat":[25522,14597,12566],"product_tag":[],"class_list":{"0":"post-729535","1":"product","2":"type-product","3":"status-publish","5":"product_cat-diger-diller","6":"product_cat-dil-ogrenimi","7":"product_cat-egitim","8":"pa_cilt-ciltsiz","9":"pa_tur-kitap","10":"pa_yayinevi-altinordu-yayinlari","11":"pa_yazar-parisa-golshaei-shahed-parvizikhosroshahi","13":"first","14":"instock","15":"sale","16":"shipping-taxable","17":"purchasable","18":"product-type-simple"},"_links":{"self":[{"href":"https:\/\/roveyayinevi.com.tr\/index.php\/wp-json\/wp\/v2\/product\/729535","targetHints":{"allow":["GET"]}}],"collection":[{"href":"https:\/\/roveyayinevi.com.tr\/index.php\/wp-json\/wp\/v2\/product"}],"about":[{"href":"https:\/\/roveyayinevi.com.tr\/index.php\/wp-json\/wp\/v2\/types\/product"}],"wp:attachment":[{"href":"https:\/\/roveyayinevi.com.tr\/index.php\/wp-json\/wp\/v2\/media?parent=729535"}],"wp:term":[{"taxonomy":"product_brand","embeddable":true,"href":"https:\/\/roveyayinevi.com.tr\/index.php\/wp-json\/wp\/v2\/product_brand?post=729535"},{"taxonomy":"product_cat","embeddable":true,"href":"https:\/\/roveyayinevi.com.tr\/index.php\/wp-json\/wp\/v2\/product_cat?post=729535"},{"taxonomy":"product_tag","embeddable":true,"href":"https:\/\/roveyayinevi.com.tr\/index.php\/wp-json\/wp\/v2\/product_tag?post=729535"}],"curies":[{"name":"wp","href":"https:\/\/api.w.org\/{rel}","templated":true}]}}