{"id":729534,"date":"2025-08-27T20:57:26","date_gmt":"2025-08-27T17:57:26","guid":{"rendered":"https:\/\/roveyayinevi.com.tr\/index.php\/urun\/yazinsal-akimlar\/"},"modified":"2026-04-16T02:37:12","modified_gmt":"2026-04-15T23:37:12","slug":"yazinsal-akimlar","status":"publish","type":"product","link":"https:\/\/roveyayinevi.com.tr\/index.php\/urun\/yazinsal-akimlar\/","title":{"rendered":"Yaz\u0131nsal Ak\u0131mlar"},"content":{"rendered":"<p>\u201cBir edebiyat yap\u0131t\u0131, kendi d\u00f6nemi ve ba\u011flam\u0131 i\u00e7erisinde de\u011ferlendirildi\u011finde dili kullanma bi\u00e7imi, savundu\u011fu de\u011ferler ve d\u00fc\u015f\u00fcncelerle ba\u015fka yap\u0131tlarla yak\u0131nla\u015farak yaz\u0131nsal bir ak\u0131ma kap\u0131 aralar. \u00c7o\u011funlukla ayn\u0131 de\u011ferler, d\u00fc\u015f\u00fcnceler ve dil bi\u00e7imi ile yak\u0131nla\u015fan ve belli bir s\u00fcre aral\u0131\u011f\u0131nda konumlanan, \u00e7o\u011funlukla yaz\u0131ld\u0131klar\u0131 d\u00f6nemin ko\u015fullar\u0131ndan beslenen ve belli yazarlar \u00e7evresinde \u00f6beklenen yap\u0131tlar sonunda bir sanatsal\/yaz\u0131nsal ak\u0131mdan s\u00f6z etmeye olanak sa\u011flarlar. Savundu\u011fu belli ba\u015fl\u0131 ilkeler ve d\u00fc\u015f\u00fcncelerle, dilsel tutumla an\u0131lan, tan\u0131mlanabilir kurallara, estetik \u00f6zelliklere g\u00f6re nitelendirilebilen yaz\u0131nsal bir ak\u0131m ya da hareket yine bu \u00f6l\u00e7\u00fctlerle \u00f6tekilerden ayr\u0131l\u0131r. \u015eu ya da bu yaz\u0131nsal ak\u0131m i\u00e7erinde yer alan yazarlar\u0131n bi\u00e7em ve g\u00fczellik, dili kullanma bi\u00e7imi, estetik ya da ger\u00e7eklik anlay\u0131\u015flar\u0131, toplum, \u00f6zg\u00fcrl\u00fck vb. konulardaki ideolojik se\u00e7imleri ayn\u0131 yaz\u0131nsal ak\u0131m i\u00e7inde an\u0131lan yazarlar\u0131n kendi \u00f6zg\u00fcll\u00fcklerine ili\u015fkin ipu\u00e7lar\u0131 verirler. Yaz\u0131nsal bir ak\u0131m \u00e7o\u011fu zaman k\u00fclt\u00fcrel bir hareket olarak an\u0131l\u0131r; bu hareketin yans\u0131lar\u0131 ba\u015fka sanatsal bi\u00e7imlerde de g\u00f6r\u00fcl\u00fcr\u2026 dolay\u0131s\u0131yla bunlar yaln\u0131zca yaz\u0131nsal alana \u00f6zg\u00fc bir ak\u0131m olmakla kalmaz ay\u0131r\u0131c\u0131 \u00f6zellikleri m\u00fczikte, resimde, sinemada, operada vd. kar\u015f\u0131l\u0131k bulur. Her yaz\u0131nsal  ak\u0131m sanatlararas\u0131 bir al\u0131\u015fveri\u015fe kap\u0131 aralar. Bunun d\u0131\u015f\u0131nda \u015fu ya da bu \u00fclkeye \u00f6zg\u00fc olmaktan \u00e7\u0131karak ba\u015fka \u00fclkelerde de varl\u0131\u011f\u0131n\u0131s \u00fcrd\u00fcr\u00fcr, bi\u00e7im ve i\u00e7eri\u011fiyle yinelenir.\u201d <\/p>\n","protected":false},"excerpt":{"rendered":"<p>\u201cBir edebiyat yap\u0131t\u0131, kendi d\u00f6nemi ve ba\u011flam\u0131 i\u00e7erisinde de\u011ferlendirildi\u011finde dili kullanma bi\u00e7imi, savundu\u011fu de\u011ferler ve d\u00fc\u015f\u00fcncelerle ba\u015fka yap\u0131tlarla yak\u0131nla\u015farak yaz\u0131nsal bir ak\u0131ma kap\u0131 aralar. \u00c7o\u011funlukla ayn\u0131<span class=\"excerpt-hellip\"> [\u2026]<\/span><\/p>\n","protected":false},"featured_media":0,"template":"","meta":{"_monsterinsights_skip_tracking":false,"_monsterinsights_sitenote_active":false,"_monsterinsights_sitenote_note":"","_monsterinsights_sitenote_category":0},"product_brand":[],"product_cat":[13072,12291],"product_tag":[],"class_list":{"0":"post-729534","1":"product","2":"type-product","3":"status-publish","5":"product_cat-arastirma-inceleme-referans","6":"product_cat-edebiyat","7":"pa_cilt-ciltsiz","8":"pa_tur-kitap","9":"pa_yayinevi-bilgesu-yayincilik","10":"pa_yazar-bilgesu-yayincilik-kolektif","12":"first","13":"instock","14":"sale","15":"shipping-taxable","16":"purchasable","17":"product-type-simple"},"_links":{"self":[{"href":"https:\/\/roveyayinevi.com.tr\/index.php\/wp-json\/wp\/v2\/product\/729534","targetHints":{"allow":["GET"]}}],"collection":[{"href":"https:\/\/roveyayinevi.com.tr\/index.php\/wp-json\/wp\/v2\/product"}],"about":[{"href":"https:\/\/roveyayinevi.com.tr\/index.php\/wp-json\/wp\/v2\/types\/product"}],"wp:attachment":[{"href":"https:\/\/roveyayinevi.com.tr\/index.php\/wp-json\/wp\/v2\/media?parent=729534"}],"wp:term":[{"taxonomy":"product_brand","embeddable":true,"href":"https:\/\/roveyayinevi.com.tr\/index.php\/wp-json\/wp\/v2\/product_brand?post=729534"},{"taxonomy":"product_cat","embeddable":true,"href":"https:\/\/roveyayinevi.com.tr\/index.php\/wp-json\/wp\/v2\/product_cat?post=729534"},{"taxonomy":"product_tag","embeddable":true,"href":"https:\/\/roveyayinevi.com.tr\/index.php\/wp-json\/wp\/v2\/product_tag?post=729534"}],"curies":[{"name":"wp","href":"https:\/\/api.w.org\/{rel}","templated":true}]}}