{"id":729532,"date":"2025-08-27T20:57:24","date_gmt":"2025-08-27T17:57:24","guid":{"rendered":"https:\/\/roveyayinevi.com.tr\/index.php\/urun\/kafka-sudoku\/"},"modified":"2026-04-16T02:37:12","modified_gmt":"2026-04-15T23:37:12","slug":"kafka-sudoku","status":"publish","type":"product","link":"https:\/\/roveyayinevi.com.tr\/index.php\/urun\/kafka-sudoku\/","title":{"rendered":"Kafka Sudoku"},"content":{"rendered":"<p>\u201cSay\u0131s\u0131z s\u0131\u011f\u0131nak vard\u0131r, ancak kurtulu\u015f yolu tektir; ama kurtulu\u015f olas\u0131l\u0131klar\u0131 yine de s\u0131\u011f\u0131naklar kadar \u00e7oktur. Bir hedef var, ama yol yok; bizim yol dedi\u011fimiz \u015fey, bir duraksamad\u0131r.\u201d Kafka Sudoku, kolay, orta, zor ve imk\u00e2ns\u0131z a\u015famalar\u0131 olan; Kafka\u2019n\u0131n s\u00f6zleri e\u015fli\u011finde keyifle \u00e7\u00f6zece\u011finiz bir deneyim sunuyor!   Sudoku, her ya\u015ftan insan\u0131n kolayca \u00f6\u011frenebilece\u011fi bir oyundur. Japonya\u2019dan \u00e7\u0131kan oyun, Japonca suuji wa dokushin ni kagiru (say\u0131lar tek olmal\u0131) kelimelerinin birle\u015fiminden \u201csudoku\u201d tabirini alm\u0131\u015ft\u0131r. Rakam yerle\u015ftirme \u015feklinde anlat\u0131labilecek bir bulmaca t\u00fcr\u00fcd\u00fcr. <\/p>\n","protected":false},"excerpt":{"rendered":"<p>\u201cSay\u0131s\u0131z s\u0131\u011f\u0131nak vard\u0131r, ancak kurtulu\u015f yolu tektir; ama kurtulu\u015f olas\u0131l\u0131klar\u0131 yine de s\u0131\u011f\u0131naklar kadar \u00e7oktur. Bir hedef var, ama yol yok; bizim yol dedi\u011fimiz \u015fey, bir<span class=\"excerpt-hellip\"> [\u2026]<\/span><\/p>\n","protected":false},"featured_media":0,"template":"","meta":{"_monsterinsights_skip_tracking":false,"_monsterinsights_sitenote_active":false,"_monsterinsights_sitenote_note":"","_monsterinsights_sitenote_category":0},"product_brand":[],"product_cat":[12492,12274],"product_tag":[],"class_list":{"0":"post-729532","1":"product","2":"type-product","3":"status-publish","5":"product_cat-bilmece-bulmaca","6":"product_cat-cocuk-ve-genclik-kitaplari","7":"pa_cilt-ciltsiz","8":"pa_tur-kitap","9":"pa_yayinevi-efil-yayinevi","10":"pa_yazar-serap-koc","12":"first","13":"instock","14":"sale","15":"shipping-taxable","16":"purchasable","17":"product-type-simple"},"_links":{"self":[{"href":"https:\/\/roveyayinevi.com.tr\/index.php\/wp-json\/wp\/v2\/product\/729532","targetHints":{"allow":["GET"]}}],"collection":[{"href":"https:\/\/roveyayinevi.com.tr\/index.php\/wp-json\/wp\/v2\/product"}],"about":[{"href":"https:\/\/roveyayinevi.com.tr\/index.php\/wp-json\/wp\/v2\/types\/product"}],"wp:attachment":[{"href":"https:\/\/roveyayinevi.com.tr\/index.php\/wp-json\/wp\/v2\/media?parent=729532"}],"wp:term":[{"taxonomy":"product_brand","embeddable":true,"href":"https:\/\/roveyayinevi.com.tr\/index.php\/wp-json\/wp\/v2\/product_brand?post=729532"},{"taxonomy":"product_cat","embeddable":true,"href":"https:\/\/roveyayinevi.com.tr\/index.php\/wp-json\/wp\/v2\/product_cat?post=729532"},{"taxonomy":"product_tag","embeddable":true,"href":"https:\/\/roveyayinevi.com.tr\/index.php\/wp-json\/wp\/v2\/product_tag?post=729532"}],"curies":[{"name":"wp","href":"https:\/\/api.w.org\/{rel}","templated":true}]}}