{"id":729531,"date":"2025-08-27T20:57:23","date_gmt":"2025-08-27T17:57:23","guid":{"rendered":"https:\/\/roveyayinevi.com.tr\/index.php\/urun\/zombi-sudoku\/"},"modified":"2026-04-16T02:37:12","modified_gmt":"2026-04-15T23:37:12","slug":"zombi-sudoku","status":"publish","type":"product","link":"https:\/\/roveyayinevi.com.tr\/index.php\/urun\/zombi-sudoku\/","title":{"rendered":"Zombi Sudoku"},"content":{"rendered":"<p>Zombi Sudoku, kolay, orta ve zor a\u015famalar\u0131 olan; klasik, s\u00fcper, X ve Jigsaw gibi keyifle \u00e7\u00f6zece\u011finiz \u00e7e\u015fitleriyle size meydan okuyor! Zombi Sudoku, beyninizi yemeye geliyor! Sudoku, her ya\u015ftan insan\u0131n kolayca \u00f6\u011frenebilece\u011fi bir oyundur. Japonya\u2019dan \u00e7\u0131kan oyun, Japonca suuji wa dokushin ni kagiru (say\u0131lar tek olmal\u0131) kelimelerinin birle\u015fiminden \u201csudoku\u201d tabirini alm\u0131\u015ft\u0131r. Rakam yerle\u015ftirme \u015feklinde anlat\u0131labilecek bir bulmaca t\u00fcr\u00fcd\u00fcr. <\/p>\n","protected":false},"excerpt":{"rendered":"<p>Zombi Sudoku, kolay, orta ve zor a\u015famalar\u0131 olan; klasik, s\u00fcper, X ve Jigsaw gibi keyifle \u00e7\u00f6zece\u011finiz \u00e7e\u015fitleriyle size meydan okuyor! Zombi Sudoku, beyninizi yemeye geliyor! Sudoku,<span class=\"excerpt-hellip\"> [\u2026]<\/span><\/p>\n","protected":false},"featured_media":0,"template":"","meta":{"_monsterinsights_skip_tracking":false,"_monsterinsights_sitenote_active":false,"_monsterinsights_sitenote_note":"","_monsterinsights_sitenote_category":0},"product_brand":[],"product_cat":[12492,12274],"product_tag":[],"class_list":{"0":"post-729531","1":"product","2":"type-product","3":"status-publish","5":"product_cat-bilmece-bulmaca","6":"product_cat-cocuk-ve-genclik-kitaplari","7":"pa_cilt-ciltsiz","8":"pa_tur-kitap","9":"pa_yayinevi-efil-yayinevi","10":"pa_yazar-serap-koc","12":"first","13":"instock","14":"sale","15":"shipping-taxable","16":"purchasable","17":"product-type-simple"},"_links":{"self":[{"href":"https:\/\/roveyayinevi.com.tr\/index.php\/wp-json\/wp\/v2\/product\/729531","targetHints":{"allow":["GET"]}}],"collection":[{"href":"https:\/\/roveyayinevi.com.tr\/index.php\/wp-json\/wp\/v2\/product"}],"about":[{"href":"https:\/\/roveyayinevi.com.tr\/index.php\/wp-json\/wp\/v2\/types\/product"}],"wp:attachment":[{"href":"https:\/\/roveyayinevi.com.tr\/index.php\/wp-json\/wp\/v2\/media?parent=729531"}],"wp:term":[{"taxonomy":"product_brand","embeddable":true,"href":"https:\/\/roveyayinevi.com.tr\/index.php\/wp-json\/wp\/v2\/product_brand?post=729531"},{"taxonomy":"product_cat","embeddable":true,"href":"https:\/\/roveyayinevi.com.tr\/index.php\/wp-json\/wp\/v2\/product_cat?post=729531"},{"taxonomy":"product_tag","embeddable":true,"href":"https:\/\/roveyayinevi.com.tr\/index.php\/wp-json\/wp\/v2\/product_tag?post=729531"}],"curies":[{"name":"wp","href":"https:\/\/api.w.org\/{rel}","templated":true}]}}