{"id":729528,"date":"2025-08-27T20:57:21","date_gmt":"2025-08-27T17:57:21","guid":{"rendered":"https:\/\/roveyayinevi.com.tr\/index.php\/urun\/yurekli-tazitay-bilge-kutad-anlatiyor-8-ciltli\/"},"modified":"2026-04-16T02:37:12","modified_gmt":"2026-04-15T23:37:12","slug":"yurekli-tazitay-bilge-kutad-anlatiyor-8-ciltli","status":"publish","type":"product","link":"https:\/\/roveyayinevi.com.tr\/index.php\/urun\/yurekli-tazitay-bilge-kutad-anlatiyor-8-ciltli\/","title":{"rendered":"Y\u00fcrekli Taz\u0131tay &#8211; Bilge Kutad Anlat\u0131yor &#8211; 8 (Ciltli)"},"content":{"rendered":"<p>Bilge Kutad Anlat\u0131yor masallar\u0131, Yusuf Has Hacib\u2019in Kutadgu Bilig eserindeki hayvan isimlerinden ilham ald\u0131. Oradaki kelimeler masal kervan\u0131na d\u00f6n\u00fc\u015ft\u00fc ve birbirinden g\u00fczel maceralara \u00e7\u0131kmak i\u00e7in sizi bekliyor. Y\u00fczy\u0131llarca birlikte ya\u015fad\u0131\u011f\u0131m\u0131z hayvanlar\u0131, yine y\u00fczy\u0131llarca bizlere e\u015flik eden de\u011ferlerle biraraya getirdik. U\u00e7suz bucaks\u0131z bir co\u011frafyada, kendimizi ve k\u00fclt\u00fcr\u00fcm\u00fcz\u00fc daha yak\u0131ndan tan\u0131mak i\u00e7in masallar\u0131n b\u00fcy\u00fcl\u00fc d\u00fcnyas\u0131na bekleniyorsunuz. Kirmen Obas\u0131\u2019nda ya\u015fayan gen\u00e7 at Y\u00fcrekli Taz\u0131tay\u2019a herkes hayrand\u0131r. Hele bayku\u015f Bilge Ugi i\u00e7in onun yeri ba\u015fkad\u0131r. Huzur i\u00e7inde ya\u015fay\u0131p giden obaya bir g\u00fcn bir h\u00e2ller olur. Hi\u00e7 beklemedikleri bir aksilik gelip onlar\u0131 bulur. Hastalan\u0131r \u00e7ocuklar, \u00e7aresiz kal\u0131r analar babalar. Sebebini bulamazlar, bo\u015funad\u0131r \u00e7abalar! Bilge Ugi imdada ko\u015far. Y\u00fcrekli Taz\u0131tay ile planlar yapar. Bakal\u0131m nas\u0131l bir maceraya at\u0131lacak taz\u0131tay ve arkada\u015f\u0131? Mutlu g\u00fcnlere kavu\u015facak m\u0131 Kirmen Obas\u0131<\/p>\n","protected":false},"excerpt":{"rendered":"<p>Bilge Kutad Anlat\u0131yor masallar\u0131, Yusuf Has Hacib\u2019in Kutadgu Bilig eserindeki hayvan isimlerinden ilham ald\u0131. Oradaki kelimeler masal kervan\u0131na d\u00f6n\u00fc\u015ft\u00fc ve birbirinden g\u00fczel maceralara \u00e7\u0131kmak i\u00e7in sizi<span class=\"excerpt-hellip\"> [\u2026]<\/span><\/p>\n","protected":false},"featured_media":0,"template":"","meta":{"_monsterinsights_skip_tracking":false,"_monsterinsights_sitenote_active":false,"_monsterinsights_sitenote_note":"","_monsterinsights_sitenote_category":0},"product_brand":[],"product_cat":[12275,12274],"product_tag":[],"class_list":{"0":"post-729528","1":"product","2":"type-product","3":"status-publish","5":"product_cat-6-12-yas-kitaplari","6":"product_cat-cocuk-ve-genclik-kitaplari","7":"pa_cilt-ciltli","8":"pa_tur-kitap","9":"pa_yayinevi-otuken-nesriyat","10":"pa_yazar-gulsen-unuvar","12":"first","13":"instock","14":"sale","15":"shipping-taxable","16":"purchasable","17":"product-type-simple"},"_links":{"self":[{"href":"https:\/\/roveyayinevi.com.tr\/index.php\/wp-json\/wp\/v2\/product\/729528","targetHints":{"allow":["GET"]}}],"collection":[{"href":"https:\/\/roveyayinevi.com.tr\/index.php\/wp-json\/wp\/v2\/product"}],"about":[{"href":"https:\/\/roveyayinevi.com.tr\/index.php\/wp-json\/wp\/v2\/types\/product"}],"wp:attachment":[{"href":"https:\/\/roveyayinevi.com.tr\/index.php\/wp-json\/wp\/v2\/media?parent=729528"}],"wp:term":[{"taxonomy":"product_brand","embeddable":true,"href":"https:\/\/roveyayinevi.com.tr\/index.php\/wp-json\/wp\/v2\/product_brand?post=729528"},{"taxonomy":"product_cat","embeddable":true,"href":"https:\/\/roveyayinevi.com.tr\/index.php\/wp-json\/wp\/v2\/product_cat?post=729528"},{"taxonomy":"product_tag","embeddable":true,"href":"https:\/\/roveyayinevi.com.tr\/index.php\/wp-json\/wp\/v2\/product_tag?post=729528"}],"curies":[{"name":"wp","href":"https:\/\/api.w.org\/{rel}","templated":true}]}}