{"id":729527,"date":"2025-08-27T20:57:20","date_gmt":"2025-08-27T17:57:20","guid":{"rendered":"https:\/\/roveyayinevi.com.tr\/index.php\/urun\/titir-surusu-bilge-kutad-anlatiyor-7-ciltli\/"},"modified":"2026-04-16T02:37:12","modified_gmt":"2026-04-15T23:37:12","slug":"titir-surusu-bilge-kutad-anlatiyor-7-ciltli","status":"publish","type":"product","link":"https:\/\/roveyayinevi.com.tr\/index.php\/urun\/titir-surusu-bilge-kutad-anlatiyor-7-ciltli\/","title":{"rendered":"Titir S\u00fcr\u00fcs\u00fc &#8211; Bilge Kutad Anlat\u0131yor &#8211; 7 (Ciltli)"},"content":{"rendered":"<p>Bilge Kutad Anlat\u0131yor masallar\u0131, Yusuf Has Hacib\u2019in Kutadgu Bilig eserindeki hayvan isimlerinden ilham ald\u0131. Oradaki kelimeler masal kervan\u0131na d\u00f6n\u00fc\u015ft\u00fc ve birbirinden g\u00fczel maceralara \u00e7\u0131kmak i\u00e7in sizi bekliyor. Y\u00fczy\u0131llarca birlikte ya\u015fad\u0131\u011f\u0131m\u0131z hayvanlar\u0131, yine y\u00fczy\u0131llarca bizlere e\u015flik eden de\u011ferlerle biraraya getirdik. U\u00e7suz bucaks\u0131z bir co\u011frafyada, kendimizi ve k\u00fclt\u00fcr\u00fcm\u00fcz\u00fc daha yak\u0131ndan tan\u0131mak i\u00e7in masallar\u0131n b\u00fcy\u00fcl\u00fc d\u00fcnyas\u0131na bekleniyorsunuz.   Titir s\u00fcr\u00fcs\u00fc, da\u011flardan ovalara inmeye ba\u015flar. Ancak yar\u0131 yolda kal\u0131rlar, her birinin g\u00f6z\u00fcnde ya\u015flar&#8230; Eli kolu ba\u011flan\u0131r \u00e7oban\u0131n, develerden biri eksiktir! K\u00f6s\u00fcrge Yaylas\u0131\u2019n\u0131n yoluysa uzun ve alabildi\u011fine diktir! Ne ilerleyebilirler ne de geriye d\u00f6nebilirler. Orac\u0131kta, \u00f6ylece kal\u0131p \u00e7ulu yere sererler.   Kim ko\u015facak bakal\u0131m titir s\u00fcr\u00fcs\u00fcn\u00fcn yard\u0131m\u0131na? Kay\u0131p deve bulunup yeti\u015febilecek mi bu masal\u0131n sonuna?<\/p>\n","protected":false},"excerpt":{"rendered":"<p>Bilge Kutad Anlat\u0131yor masallar\u0131, Yusuf Has Hacib\u2019in Kutadgu Bilig eserindeki hayvan isimlerinden ilham ald\u0131. Oradaki kelimeler masal kervan\u0131na d\u00f6n\u00fc\u015ft\u00fc ve birbirinden g\u00fczel maceralara \u00e7\u0131kmak i\u00e7in sizi<span class=\"excerpt-hellip\"> [\u2026]<\/span><\/p>\n","protected":false},"featured_media":0,"template":"","meta":{"_monsterinsights_skip_tracking":false,"_monsterinsights_sitenote_active":false,"_monsterinsights_sitenote_note":"","_monsterinsights_sitenote_category":0},"product_brand":[],"product_cat":[12275,12274],"product_tag":[],"class_list":{"0":"post-729527","1":"product","2":"type-product","3":"status-publish","5":"product_cat-6-12-yas-kitaplari","6":"product_cat-cocuk-ve-genclik-kitaplari","7":"pa_cilt-ciltli","8":"pa_tur-kitap","9":"pa_yayinevi-otuken-nesriyat","10":"pa_yazar-gulsen-unuvar","12":"first","13":"instock","14":"sale","15":"shipping-taxable","16":"purchasable","17":"product-type-simple"},"_links":{"self":[{"href":"https:\/\/roveyayinevi.com.tr\/index.php\/wp-json\/wp\/v2\/product\/729527","targetHints":{"allow":["GET"]}}],"collection":[{"href":"https:\/\/roveyayinevi.com.tr\/index.php\/wp-json\/wp\/v2\/product"}],"about":[{"href":"https:\/\/roveyayinevi.com.tr\/index.php\/wp-json\/wp\/v2\/types\/product"}],"wp:attachment":[{"href":"https:\/\/roveyayinevi.com.tr\/index.php\/wp-json\/wp\/v2\/media?parent=729527"}],"wp:term":[{"taxonomy":"product_brand","embeddable":true,"href":"https:\/\/roveyayinevi.com.tr\/index.php\/wp-json\/wp\/v2\/product_brand?post=729527"},{"taxonomy":"product_cat","embeddable":true,"href":"https:\/\/roveyayinevi.com.tr\/index.php\/wp-json\/wp\/v2\/product_cat?post=729527"},{"taxonomy":"product_tag","embeddable":true,"href":"https:\/\/roveyayinevi.com.tr\/index.php\/wp-json\/wp\/v2\/product_tag?post=729527"}],"curies":[{"name":"wp","href":"https:\/\/api.w.org\/{rel}","templated":true}]}}