{"id":729526,"date":"2025-08-27T20:57:19","date_gmt":"2025-08-27T17:57:19","guid":{"rendered":"https:\/\/roveyayinevi.com.tr\/index.php\/urun\/maygak-ana-bilge-kutad-anlatiyor-6-ciltli\/"},"modified":"2026-04-16T02:37:12","modified_gmt":"2026-04-15T23:37:12","slug":"maygak-ana-bilge-kutad-anlatiyor-6-ciltli","status":"publish","type":"product","link":"https:\/\/roveyayinevi.com.tr\/index.php\/urun\/maygak-ana-bilge-kutad-anlatiyor-6-ciltli\/","title":{"rendered":"Maygak Ana &#8211; Bilge Kutad Anlat\u0131yor &#8211; 6 (Ciltli)"},"content":{"rendered":"<p>Bilge Kutad Anlat\u0131yor masallar\u0131, Yusuf Has Hacib\u2019in Kutadgu Bilig eserindeki hayvan isimlerinden ilham ald\u0131. Oradaki kelimeler masal kervan\u0131na d\u00f6n\u00fc\u015ft\u00fc ve birbirinden g\u00fczel maceralara \u00e7\u0131kmak i\u00e7in sizi bekliyor. Y\u00fczy\u0131llarca birlikte ya\u015fad\u0131\u011f\u0131m\u0131z hayvanlar\u0131, yine y\u00fczy\u0131llarca bizlere e\u015flik eden de\u011ferlerle bir araya getirdik. U\u00e7suz bucaks\u0131z bir co\u011frafyada, kendimizi ve k\u00fclt\u00fcr\u00fcm\u00fcz\u00fc daha yak\u0131ndan tan\u0131mak i\u00e7in masallar\u0131n b\u00fcy\u00fcl\u00fc d\u00fcnyas\u0131na bekleniyorsunuz.   Pamir Da\u011f\u0131\u2019n\u0131n eteklerinde cesur mu cesur, heybetli mi heybetli bir da\u011f ke\u00e7isi ya\u015far. Ad\u0131na Maygak Ana derler, nice zorluklar\u0131 k\u0131l\u0131\u00e7tan boynuzlar\u0131yla a\u015far. Kalbi iyilik dolu olan bu ke\u00e7iye bir g\u00fcn Koca B\u00fcrk\u00fct ad\u0131nda bir ku\u015f musallat olur. Ku\u015fun bak\u0131\u015flar\u0131 kapkara, burnu \u00f6fke solur. Sanmay\u0131n ki iyilik ve k\u00f6t\u00fcl\u00fck hep yan yana durur. Bakal\u0131m g\u00f6relim bu masal, hangisinin zaferiyle son bulur.<\/p>\n","protected":false},"excerpt":{"rendered":"<p>Bilge Kutad Anlat\u0131yor masallar\u0131, Yusuf Has Hacib\u2019in Kutadgu Bilig eserindeki hayvan isimlerinden ilham ald\u0131. Oradaki kelimeler masal kervan\u0131na d\u00f6n\u00fc\u015ft\u00fc ve birbirinden g\u00fczel maceralara \u00e7\u0131kmak i\u00e7in sizi<span class=\"excerpt-hellip\"> [\u2026]<\/span><\/p>\n","protected":false},"featured_media":0,"template":"","meta":{"_monsterinsights_skip_tracking":false,"_monsterinsights_sitenote_active":false,"_monsterinsights_sitenote_note":"","_monsterinsights_sitenote_category":0},"product_brand":[],"product_cat":[12275,12274],"product_tag":[],"class_list":{"0":"post-729526","1":"product","2":"type-product","3":"status-publish","5":"product_cat-6-12-yas-kitaplari","6":"product_cat-cocuk-ve-genclik-kitaplari","7":"pa_cilt-ciltli","8":"pa_tur-kitap","9":"pa_yayinevi-otuken-nesriyat","10":"pa_yazar-gulsen-unuvar","12":"first","13":"instock","14":"sale","15":"shipping-taxable","16":"purchasable","17":"product-type-simple"},"_links":{"self":[{"href":"https:\/\/roveyayinevi.com.tr\/index.php\/wp-json\/wp\/v2\/product\/729526","targetHints":{"allow":["GET"]}}],"collection":[{"href":"https:\/\/roveyayinevi.com.tr\/index.php\/wp-json\/wp\/v2\/product"}],"about":[{"href":"https:\/\/roveyayinevi.com.tr\/index.php\/wp-json\/wp\/v2\/types\/product"}],"wp:attachment":[{"href":"https:\/\/roveyayinevi.com.tr\/index.php\/wp-json\/wp\/v2\/media?parent=729526"}],"wp:term":[{"taxonomy":"product_brand","embeddable":true,"href":"https:\/\/roveyayinevi.com.tr\/index.php\/wp-json\/wp\/v2\/product_brand?post=729526"},{"taxonomy":"product_cat","embeddable":true,"href":"https:\/\/roveyayinevi.com.tr\/index.php\/wp-json\/wp\/v2\/product_cat?post=729526"},{"taxonomy":"product_tag","embeddable":true,"href":"https:\/\/roveyayinevi.com.tr\/index.php\/wp-json\/wp\/v2\/product_tag?post=729526"}],"curies":[{"name":"wp","href":"https:\/\/api.w.org\/{rel}","templated":true}]}}