{"id":729525,"date":"2025-08-27T20:57:18","date_gmt":"2025-08-27T17:57:18","guid":{"rendered":"https:\/\/roveyayinevi.com.tr\/index.php\/urun\/cibin-bayrami-bilge-kutad-anlatiyor-5-ciltli\/"},"modified":"2026-04-16T02:37:12","modified_gmt":"2026-04-15T23:37:12","slug":"cibin-bayrami-bilge-kutad-anlatiyor-5-ciltli","status":"publish","type":"product","link":"https:\/\/roveyayinevi.com.tr\/index.php\/urun\/cibin-bayrami-bilge-kutad-anlatiyor-5-ciltli\/","title":{"rendered":"\u00c7\u0131b\u0131n Bayram\u0131 &#8211; Bilge Kutad Anlat\u0131yor &#8211; 5 (Ciltli)"},"content":{"rendered":"<p>Bilge Kutad Anlat\u0131yor masallar\u0131, Yusuf Has Hacib\u2019in Kutadgu Bilig eserindeki hayvan isimlerinden ilham ald\u0131. Oradaki kelimeler masal kervan\u0131na d\u00f6n\u00fc\u015ft\u00fc ve birbirinden g\u00fczel maceralara \u00e7\u0131kmak i\u00e7in sizi bekliyor. Y\u00fczy\u0131llarca birlikte ya\u015fad\u0131\u011f\u0131m\u0131z hayvanlar\u0131, yine y\u00fczy\u0131llarca bizlere e\u015flik eden de\u011ferlerle biraraya getirdik. U\u00e7suz bucaks\u0131z bir co\u011frafyada, kendimizi ve k\u00fclt\u00fcr\u00fcm\u00fcz\u00fc daha yak\u0131ndan tan\u0131mak i\u00e7in masallar\u0131n b\u00fcy\u00fcl\u00fc d\u00fcnyas\u0131na bekleniyorsunuz.   Subatan Vadisi\u2019nde ya\u015fayan \u00e7\u0131b\u0131nlar, pekmez kaynatma t\u00f6renini iple \u00e7ekerler. Olduk\u00e7a kalabal\u0131k sinek s\u00fcr\u00fcs\u00fcd\u00fcr bunlar, tatl\u0131y\u0131 pek severler. \u00c7ok aceleci davrand\u0131klar\u0131 i\u00e7in ba\u015flar\u0131na bir kaza gelir. \u00c7\u0131b\u0131n, bir k\u0131vam\u0131n i\u00e7inde debelendik\u00e7e debelenir. Pi\u015fman olurlar yapt\u0131klar\u0131na ama ne fayda! Zarar\u0131n neresinden d\u00f6n\u00fcl\u00fcrse k\u00e2r orada.   Madem \u00f6yle, a\u00e7\u0131ls\u0131n t\u00fclden de ince kanatlar! Bakal\u0131m bu masalda murad\u0131na erebilecek mi \u00e7\u0131b\u0131nlar?<\/p>\n","protected":false},"excerpt":{"rendered":"<p>Bilge Kutad Anlat\u0131yor masallar\u0131, Yusuf Has Hacib\u2019in Kutadgu Bilig eserindeki hayvan isimlerinden ilham ald\u0131. Oradaki kelimeler masal kervan\u0131na d\u00f6n\u00fc\u015ft\u00fc ve birbirinden g\u00fczel maceralara \u00e7\u0131kmak i\u00e7in sizi<span class=\"excerpt-hellip\"> [\u2026]<\/span><\/p>\n","protected":false},"featured_media":0,"template":"","meta":{"_monsterinsights_skip_tracking":false,"_monsterinsights_sitenote_active":false,"_monsterinsights_sitenote_note":"","_monsterinsights_sitenote_category":0},"product_brand":[],"product_cat":[12275,12274],"product_tag":[],"class_list":{"0":"post-729525","1":"product","2":"type-product","3":"status-publish","5":"product_cat-6-12-yas-kitaplari","6":"product_cat-cocuk-ve-genclik-kitaplari","7":"pa_cilt-ciltli","8":"pa_tur-kitap","9":"pa_yayinevi-otuken-nesriyat","10":"pa_yazar-gulsen-unuvar","12":"first","13":"instock","14":"sale","15":"shipping-taxable","16":"purchasable","17":"product-type-simple"},"_links":{"self":[{"href":"https:\/\/roveyayinevi.com.tr\/index.php\/wp-json\/wp\/v2\/product\/729525","targetHints":{"allow":["GET"]}}],"collection":[{"href":"https:\/\/roveyayinevi.com.tr\/index.php\/wp-json\/wp\/v2\/product"}],"about":[{"href":"https:\/\/roveyayinevi.com.tr\/index.php\/wp-json\/wp\/v2\/types\/product"}],"wp:attachment":[{"href":"https:\/\/roveyayinevi.com.tr\/index.php\/wp-json\/wp\/v2\/media?parent=729525"}],"wp:term":[{"taxonomy":"product_brand","embeddable":true,"href":"https:\/\/roveyayinevi.com.tr\/index.php\/wp-json\/wp\/v2\/product_brand?post=729525"},{"taxonomy":"product_cat","embeddable":true,"href":"https:\/\/roveyayinevi.com.tr\/index.php\/wp-json\/wp\/v2\/product_cat?post=729525"},{"taxonomy":"product_tag","embeddable":true,"href":"https:\/\/roveyayinevi.com.tr\/index.php\/wp-json\/wp\/v2\/product_tag?post=729525"}],"curies":[{"name":"wp","href":"https:\/\/api.w.org\/{rel}","templated":true}]}}