{"id":729524,"date":"2025-08-27T20:57:17","date_gmt":"2025-08-27T17:57:17","guid":{"rendered":"https:\/\/roveyayinevi.com.tr\/index.php\/urun\/boru-yuruyusu-bilge-kutad-anlatiyor-4-ciltli\/"},"modified":"2026-04-07T02:46:21","modified_gmt":"2026-04-06T23:46:21","slug":"boru-yuruyusu-bilge-kutad-anlatiyor-4-ciltli","status":"publish","type":"product","link":"https:\/\/roveyayinevi.com.tr\/index.php\/urun\/boru-yuruyusu-bilge-kutad-anlatiyor-4-ciltli\/","title":{"rendered":"B\u00f6r\u00fc Y\u00fcr\u00fcy\u00fc\u015f\u00fc &#8211; Bilge Kutad Anlat\u0131yor &#8211; 4 (Ciltli)"},"content":{"rendered":"<p>Bilge Kutad Anlat\u0131yor masallar\u0131, Yusuf Has Hacib\u2019in Kutadgu Bilig eserindeki hayvan isimlerinden ilham ald\u0131. Oradaki kelimeler masal kervan\u0131na d\u00f6n\u00fc\u015ft\u00fc ve birbirinden g\u00fczel maceralara \u00e7\u0131kmak i\u00e7in sizi bekliyor. Y\u00fczy\u0131llarca birlikte ya\u015fad\u0131\u011f\u0131m\u0131z hayvanlar\u0131, yine y\u00fczy\u0131llarca bizlere e\u015flik eden de\u011ferlerle biraraya getirdik. U\u00e7suz bucaks\u0131z bir co\u011frafyada, kendimizi ve k\u00fclt\u00fcr\u00fcm\u00fcz\u00fc daha yak\u0131ndan tan\u0131mak i\u00e7in masallar\u0131n b\u00fcy\u00fcl\u00fc d\u00fcnyas\u0131na bekleniyorsunuz.   Tam\u0131r Irma\u011f\u0131\u2019n\u0131n donmas\u0131yla susuz kalan kurt s\u00fcr\u00fcs\u00fc, iyice g\u00fc\u00e7ten d\u00fc\u015fer. Liderleri olan Sak B\u00f6r\u00fc, imdada yeti\u015fir ve par\u00e7alar buzlar\u0131 \u00fc\u00e7er be\u015fer. Kutlu y\u00fcr\u00fcy\u00fc\u015fleri zor, yollar\u0131 pek \u00e7etindir. Kuz Da\u011flar\u0131\u2019n\u0131n so\u011fu\u011fu Kutuplar\u2019dan daha serindir. Y\u0131lmadan yorulmadan y\u00fcr\u00fcrler, ge\u00e7tikleri \u00e7\u0131\u011f\u0131r \u00e7atak. A\u011fa\u00e7 dallar\u0131ndan yorgan yaparlar kendilerine, lapa lapa karlarsa yatak. Da\u011flara \u00e7arpa \u00e7arpa gelen bir sesle irkilirler. At\u0131l\u0131r Sak B\u00f6r\u00fc, h\u0131\u015f\u0131mla silkinirler. Da\u011f, ta\u015f, a\u011fa\u00e7 ve orman, s\u00fcr\u00fcden yard\u0131m umar. Bakal\u0131m bu masal\u0131n sonu nas\u0131l d\u00fcze \u00e7\u0131kar?<\/p>\n","protected":false},"excerpt":{"rendered":"<p>Bilge Kutad Anlat\u0131yor masallar\u0131, Yusuf Has Hacib\u2019in Kutadgu Bilig eserindeki hayvan isimlerinden ilham ald\u0131. Oradaki kelimeler masal kervan\u0131na d\u00f6n\u00fc\u015ft\u00fc ve birbirinden g\u00fczel maceralara \u00e7\u0131kmak i\u00e7in sizi<span class=\"excerpt-hellip\"> [\u2026]<\/span><\/p>\n","protected":false},"featured_media":0,"template":"","meta":{"_monsterinsights_skip_tracking":false,"_monsterinsights_sitenote_active":false,"_monsterinsights_sitenote_note":"","_monsterinsights_sitenote_category":0},"product_brand":[],"product_cat":[12275,12274],"product_tag":[],"class_list":{"0":"post-729524","1":"product","2":"type-product","3":"status-publish","5":"product_cat-6-12-yas-kitaplari","6":"product_cat-cocuk-ve-genclik-kitaplari","7":"pa_cilt-ciltli","8":"pa_tur-kitap","9":"pa_yayinevi-otuken-nesriyat","10":"pa_yazar-gulsen-unuvar","12":"first","13":"instock","14":"sale","15":"shipping-taxable","16":"purchasable","17":"product-type-simple"},"_links":{"self":[{"href":"https:\/\/roveyayinevi.com.tr\/index.php\/wp-json\/wp\/v2\/product\/729524","targetHints":{"allow":["GET"]}}],"collection":[{"href":"https:\/\/roveyayinevi.com.tr\/index.php\/wp-json\/wp\/v2\/product"}],"about":[{"href":"https:\/\/roveyayinevi.com.tr\/index.php\/wp-json\/wp\/v2\/types\/product"}],"wp:attachment":[{"href":"https:\/\/roveyayinevi.com.tr\/index.php\/wp-json\/wp\/v2\/media?parent=729524"}],"wp:term":[{"taxonomy":"product_brand","embeddable":true,"href":"https:\/\/roveyayinevi.com.tr\/index.php\/wp-json\/wp\/v2\/product_brand?post=729524"},{"taxonomy":"product_cat","embeddable":true,"href":"https:\/\/roveyayinevi.com.tr\/index.php\/wp-json\/wp\/v2\/product_cat?post=729524"},{"taxonomy":"product_tag","embeddable":true,"href":"https:\/\/roveyayinevi.com.tr\/index.php\/wp-json\/wp\/v2\/product_tag?post=729524"}],"curies":[{"name":"wp","href":"https:\/\/api.w.org\/{rel}","templated":true}]}}