{"id":729523,"date":"2025-08-27T20:57:16","date_gmt":"2025-08-27T17:57:16","guid":{"rendered":"https:\/\/roveyayinevi.com.tr\/index.php\/urun\/boke-efsanesi-bilge-kutad-anlatiyor-3-ciltli\/"},"modified":"2026-04-05T02:44:37","modified_gmt":"2026-04-04T23:44:37","slug":"boke-efsanesi-bilge-kutad-anlatiyor-3-ciltli","status":"publish","type":"product","link":"https:\/\/roveyayinevi.com.tr\/index.php\/urun\/boke-efsanesi-bilge-kutad-anlatiyor-3-ciltli\/","title":{"rendered":"B\u00f6ke Efsanesi &#8211; Bilge Kutad Anlat\u0131yor &#8211; 3 (Ciltli)"},"content":{"rendered":"<p>Bilge Kutad Anlat\u0131yor masallar\u0131, Yusuf Has Hacib\u2019in Kutadgu Bilig eserindeki hayvan isimlerinden ilham ald\u0131. Oradaki kelimeler masal kervan\u0131na d\u00f6n\u00fc\u015ft\u00fc ve birbirinden g\u00fczel maceralara \u00e7\u0131kmak i\u00e7in sizi bekliyor. Y\u00fczy\u0131llarca birlikte ya\u015fad\u0131\u011f\u0131m\u0131z hayvanlar\u0131, yine y\u00fczy\u0131llarca bizlere e\u015flik eden de\u011ferlerle bir araya getirdik. U\u00e7suz bucaks\u0131z bir co\u011frafyada, kendimizi ve k\u00fclt\u00fcr\u00fcm\u00fcz\u00fc daha yak\u0131ndan tan\u0131mak i\u00e7in masallar\u0131n b\u00fcy\u00fcl\u00fc d\u00fcnyas\u0131na bekleniyorsunuz.  Derler ki Or Da\u011flar\u0131\u2019n\u0131n doru\u011funda b\u00fcy\u00fck bir ejderha ya\u015far. O k\u00fckreyince yer yerinden oynar, sular sel olur ta\u015far. B\u00f6ke derler ad\u0131na, kocamand\u0131r g\u00f6vdesi. Tam on a\u011fa\u00e7 kal\u0131nl\u0131\u011f\u0131ndad\u0131r p\u00fct\u00fcrl\u00fc ensesi. Fakat buna hi\u00e7 inanmaz ormanda ya\u015fayan hayvanlar. \u201cMadem \u00f6yle biz neden hi\u00e7 g\u00f6rmedik?\u201d der s\u0131rtlanlar. \u0130\u00e7lerinden birisi \u00e7\u0131kar ve ejderhay\u0131 bulaca\u011f\u0131n\u0131 s\u00f6yler. E\u015fyalar\u0131n\u0131 s\u0131rt\u0131na sar\u0131p zorlu da\u011f yollar\u0131na d\u00fc\u015fer. K\u0131rk g\u00fcn k\u0131rk gece Kara Orman\u2019\u0131n kapkara patikalar\u0131nda y\u00fcr\u00fcr. \u0130ki de arkada\u015f eklenince yan\u0131na, \u00fc\u00e7 olup alt\u0131 g\u00f6z g\u00f6r\u00fcr. Bakal\u0131m nas\u0131l bir son bekler bu \u00fc\u00e7 kafadar\u0131? Haydi, a\u00e7 oku masal\u0131. Merak\u0131n\u0131 gidermez elbette bu kadar\u0131\u2026<\/p>\n","protected":false},"excerpt":{"rendered":"<p>Bilge Kutad Anlat\u0131yor masallar\u0131, Yusuf Has Hacib\u2019in Kutadgu Bilig eserindeki hayvan isimlerinden ilham ald\u0131. Oradaki kelimeler masal kervan\u0131na d\u00f6n\u00fc\u015ft\u00fc ve birbirinden g\u00fczel maceralara \u00e7\u0131kmak i\u00e7in sizi<span class=\"excerpt-hellip\"> [\u2026]<\/span><\/p>\n","protected":false},"featured_media":0,"template":"","meta":{"_monsterinsights_skip_tracking":false,"_monsterinsights_sitenote_active":false,"_monsterinsights_sitenote_note":"","_monsterinsights_sitenote_category":0},"product_brand":[],"product_cat":[12275,12274],"product_tag":[],"class_list":{"0":"post-729523","1":"product","2":"type-product","3":"status-publish","5":"product_cat-6-12-yas-kitaplari","6":"product_cat-cocuk-ve-genclik-kitaplari","7":"pa_cilt-ciltsiz","8":"pa_tur-kitap","9":"pa_yayinevi-otuken-nesriyat","10":"pa_yazar-gulsen-unuvar","12":"first","13":"instock","14":"sale","15":"shipping-taxable","16":"purchasable","17":"product-type-simple"},"_links":{"self":[{"href":"https:\/\/roveyayinevi.com.tr\/index.php\/wp-json\/wp\/v2\/product\/729523","targetHints":{"allow":["GET"]}}],"collection":[{"href":"https:\/\/roveyayinevi.com.tr\/index.php\/wp-json\/wp\/v2\/product"}],"about":[{"href":"https:\/\/roveyayinevi.com.tr\/index.php\/wp-json\/wp\/v2\/types\/product"}],"wp:attachment":[{"href":"https:\/\/roveyayinevi.com.tr\/index.php\/wp-json\/wp\/v2\/media?parent=729523"}],"wp:term":[{"taxonomy":"product_brand","embeddable":true,"href":"https:\/\/roveyayinevi.com.tr\/index.php\/wp-json\/wp\/v2\/product_brand?post=729523"},{"taxonomy":"product_cat","embeddable":true,"href":"https:\/\/roveyayinevi.com.tr\/index.php\/wp-json\/wp\/v2\/product_cat?post=729523"},{"taxonomy":"product_tag","embeddable":true,"href":"https:\/\/roveyayinevi.com.tr\/index.php\/wp-json\/wp\/v2\/product_tag?post=729523"}],"curies":[{"name":"wp","href":"https:\/\/api.w.org\/{rel}","templated":true}]}}