{"id":729519,"date":"2025-08-27T20:57:14","date_gmt":"2025-08-27T17:57:14","guid":{"rendered":"https:\/\/roveyayinevi.com.tr\/index.php\/urun\/sosyolojinin-ve-tarihsel-materyalizmin-olusumu\/"},"modified":"2026-04-16T02:37:12","modified_gmt":"2026-04-15T23:37:12","slug":"sosyolojinin-ve-tarihsel-materyalizmin-olusumu","status":"publish","type":"product","link":"https:\/\/roveyayinevi.com.tr\/index.php\/urun\/sosyolojinin-ve-tarihsel-materyalizmin-olusumu\/","title":{"rendered":"Sosyolojinin ve Tarihsel Materyalizmin Olu\u015fumu"},"content":{"rendered":"<p>Burjuva devriminden sonra siyasetle ve proleter devrimden \u00f6nce iktisatla ili\u015fkisi i\u00e7inde sosyolojiyi hem toplumsal bir olgu hem de potansiyel bir bilimsel d\u00fc\u015f\u00fcnceler b\u00fct\u00fcn\u00fc olarak kavramaya \u00e7al\u0131\u015faca\u011f\u0131z. Sosyoloji Frans\u0131z Devrimi\u2019nin yaratt\u0131\u011f\u0131 alt\u00fcst olu\u015flar\u0131n ard\u0131ndan yeni bir siyaset yakla\u015f\u0131m\u0131 olarak do\u011fmu\u015ftur. Militan i\u015f\u00e7i s\u0131n\u0131f\u0131 hareketinin g\u00f6lgesi ve devrimci sosyalizmin \u2013\u015fu ya da bu \u015fekilde\u2013 do\u011frudan tehdidi alt\u0131nda sosyoloji, kesinlikle kapitalist iktisad\u00ee d\u00fczenin toplumsal, ahl\u00e2k\u00ee ve k\u00fclt\u00fcrel problemleriyle ilgilenen bir giri\u015fim olarak kurumla\u015fm\u0131\u015ft\u0131r\u2026 Sosyoloji \u00e7a\u011f\u0131 burjuva devrim ve proleter devrim aras\u0131ndaki d\u00f6nemdir. Sosyoloji feodal ve ataerkil ge\u00e7mi\u015finden sanc\u0131l\u0131 bir kopu\u015f ile mevcut burjuva h\u00e2linden daha sanc\u0131l\u0131 bir kopu\u015f tehdidi aras\u0131nda bocalayan bir toplumun gerilimleri, \u00e7eli\u015fkileri ve m\u00fccadelelerinin belirleyici \u00f6nemdeki izlerini ta\u015f\u0131yan toplumsal bir d\u00fc\u015f\u00fcnsel faaliyettir. Bu \u00e7al\u0131\u015fmada var\u0131lan sonu\u00e7 ne bir \u201cyak\u0131nla\u015ft\u0131rma\u201dd\u0131r ne de bir \u201csentez\u201ddir; aksine Marx\u2019\u0131n politik iktisad\u0131 a\u015fmas\u0131na benzer bi\u00e7imde, sosyolojinin a\u015f\u0131lmas\u0131 ve tarihsel materyalizmin toplumun bilimi konumuna getirilmesi gerekti\u011fidir. Fakat bir g\u00f6reve i\u015faret etmek onun ba\u015far\u0131laca\u011f\u0131 anlam\u0131na gelmez. Bu ihtimallerin ger\u00e7ekle\u015febilmesi sadece bilim i\u00e7i geli\u015fmelere ba\u011fl\u0131 de\u011fildir. Sosyal bilimlerin do\u011fu\u015fu ve olu\u015fumu toplumsal tarihin belirli u\u011fraklar\u0131ndaki s\u0131n\u0131f m\u00fccadeleleriyle belirlendi\u011fi i\u00e7in, do\u011fal olarak bu m\u00fccadeleler ya onlar\u0131n gelecekteki geli\u015fimlerine katk\u0131da bulunacak ya da geli\u015fimlerini engelleyecektir. Dolay\u0131s\u0131yla, sosyal bilimlerin gelecekte tarihsel materyalizm y\u00f6n\u00fcnde geli\u015ftirilmesi problemi \u00e7\u00f6z\u00fcme kavu\u015fturulmak \u00fczere \u00f6n\u00fcm\u00fczde duruyor. Herkesten \u00f6nce bu g\u00f6revi ba\u015farmaya kendini adayan bizler i\u00e7in.<\/p>\n","protected":false},"excerpt":{"rendered":"<p>Burjuva devriminden sonra siyasetle ve proleter devrimden \u00f6nce iktisatla ili\u015fkisi i\u00e7inde sosyolojiyi hem toplumsal bir olgu hem de potansiyel bir bilimsel d\u00fc\u015f\u00fcnceler b\u00fct\u00fcn\u00fc olarak kavramaya \u00e7al\u0131\u015faca\u011f\u0131z.<span class=\"excerpt-hellip\"> [\u2026]<\/span><\/p>\n","protected":false},"featured_media":0,"template":"","meta":{"_monsterinsights_skip_tracking":false,"_monsterinsights_sitenote_active":false,"_monsterinsights_sitenote_note":"","_monsterinsights_sitenote_category":0},"product_brand":[],"product_cat":[12325,12324],"product_tag":[],"class_list":{"0":"post-729519","1":"product","2":"type-product","3":"status-publish","5":"product_cat-diger-sosyoloji","6":"product_cat-sosyoloji","7":"pa_cilt-ciltsiz","8":"pa_tur-kitap","9":"pa_yayinevi-islik-yayinlari","10":"pa_yazar-goran-therborn","12":"first","13":"instock","14":"sale","15":"shipping-taxable","16":"purchasable","17":"product-type-simple"},"_links":{"self":[{"href":"https:\/\/roveyayinevi.com.tr\/index.php\/wp-json\/wp\/v2\/product\/729519","targetHints":{"allow":["GET"]}}],"collection":[{"href":"https:\/\/roveyayinevi.com.tr\/index.php\/wp-json\/wp\/v2\/product"}],"about":[{"href":"https:\/\/roveyayinevi.com.tr\/index.php\/wp-json\/wp\/v2\/types\/product"}],"wp:attachment":[{"href":"https:\/\/roveyayinevi.com.tr\/index.php\/wp-json\/wp\/v2\/media?parent=729519"}],"wp:term":[{"taxonomy":"product_brand","embeddable":true,"href":"https:\/\/roveyayinevi.com.tr\/index.php\/wp-json\/wp\/v2\/product_brand?post=729519"},{"taxonomy":"product_cat","embeddable":true,"href":"https:\/\/roveyayinevi.com.tr\/index.php\/wp-json\/wp\/v2\/product_cat?post=729519"},{"taxonomy":"product_tag","embeddable":true,"href":"https:\/\/roveyayinevi.com.tr\/index.php\/wp-json\/wp\/v2\/product_tag?post=729519"}],"curies":[{"name":"wp","href":"https:\/\/api.w.org\/{rel}","templated":true}]}}