{"id":729515,"date":"2025-08-27T20:57:10","date_gmt":"2025-08-27T17:57:10","guid":{"rendered":"https:\/\/roveyayinevi.com.tr\/index.php\/urun\/denizin-ortasinda-bir-macera-akil-almaz-maceralar-6\/"},"modified":"2025-10-16T14:34:53","modified_gmt":"2025-10-16T11:34:53","slug":"denizin-ortasinda-bir-macera-akil-almaz-maceralar-6","status":"publish","type":"product","link":"https:\/\/roveyayinevi.com.tr\/index.php\/urun\/denizin-ortasinda-bir-macera-akil-almaz-maceralar-6\/","title":{"rendered":"Denizin Ortas\u0131nda Bir Macera &#8211; Ak\u0131l Almaz Maceralar 6"},"content":{"rendered":"<p>O anda hepsi yerlerine \u00e7ak\u0131l\u0131verdi. Bu eski teknenin motoru \u00e7al\u0131\u015f\u0131yormu\u015f me\u011fer! \u015eakir fark\u0131na varmadan bunu ke\u015ffetmi\u015fti ama bu maceral\u0131 bir ke\u015fif, onlara biraz pahal\u0131ya mal olacakt\u0131.Zakir bir anda geriye bakt\u0131 ve arkada\u015flar\u0131na d\u00f6nerek ba\u011f\u0131rd\u0131: \u201cHemen atlayal\u0131m! \u201c<\/p>\n","protected":false},"excerpt":{"rendered":"<p>O anda hepsi yerlerine \u00e7ak\u0131l\u0131verdi. Bu eski teknenin motoru \u00e7al\u0131\u015f\u0131yormu\u015f me\u011fer! \u015eakir fark\u0131na varmadan bunu ke\u015ffetmi\u015fti ama bu maceral\u0131 bir ke\u015fif, onlara biraz pahal\u0131ya mal olacakt\u0131.Zakir<span class=\"excerpt-hellip\"> [\u2026]<\/span><\/p>\n","protected":false},"featured_media":0,"template":"","meta":{"_monsterinsights_skip_tracking":false,"_monsterinsights_sitenote_active":false,"_monsterinsights_sitenote_note":"","_monsterinsights_sitenote_category":0},"product_brand":[],"product_cat":[12274,12284],"product_tag":[],"class_list":{"0":"post-729515","1":"product","2":"type-product","3":"status-publish","5":"product_cat-cocuk-ve-genclik-kitaplari","6":"product_cat-hikayeler","7":"pa_cilt-ciltsiz","8":"pa_tur-kitap","9":"pa_yayinevi-mavi-kirpi-yayinlari","10":"pa_yazar-yusuf-pazarci","12":"first","13":"instock","14":"sale","15":"shipping-taxable","16":"purchasable","17":"product-type-simple"},"_links":{"self":[{"href":"https:\/\/roveyayinevi.com.tr\/index.php\/wp-json\/wp\/v2\/product\/729515","targetHints":{"allow":["GET"]}}],"collection":[{"href":"https:\/\/roveyayinevi.com.tr\/index.php\/wp-json\/wp\/v2\/product"}],"about":[{"href":"https:\/\/roveyayinevi.com.tr\/index.php\/wp-json\/wp\/v2\/types\/product"}],"wp:attachment":[{"href":"https:\/\/roveyayinevi.com.tr\/index.php\/wp-json\/wp\/v2\/media?parent=729515"}],"wp:term":[{"taxonomy":"product_brand","embeddable":true,"href":"https:\/\/roveyayinevi.com.tr\/index.php\/wp-json\/wp\/v2\/product_brand?post=729515"},{"taxonomy":"product_cat","embeddable":true,"href":"https:\/\/roveyayinevi.com.tr\/index.php\/wp-json\/wp\/v2\/product_cat?post=729515"},{"taxonomy":"product_tag","embeddable":true,"href":"https:\/\/roveyayinevi.com.tr\/index.php\/wp-json\/wp\/v2\/product_tag?post=729515"}],"curies":[{"name":"wp","href":"https:\/\/api.w.org\/{rel}","templated":true}]}}