{"id":729514,"date":"2025-08-27T20:57:09","date_gmt":"2025-08-27T17:57:09","guid":{"rendered":"https:\/\/roveyayinevi.com.tr\/index.php\/urun\/insan-bilimlerinin-felsefi-elestirisi\/"},"modified":"2026-04-16T02:37:11","modified_gmt":"2026-04-15T23:37:11","slug":"insan-bilimlerinin-felsefi-elestirisi","status":"publish","type":"product","link":"https:\/\/roveyayinevi.com.tr\/index.php\/urun\/insan-bilimlerinin-felsefi-elestirisi\/","title":{"rendered":"\u0130nsan Bilimlerinin Felsefi Ele\u015ftirisi"},"content":{"rendered":"<p>\u0130nsan Bilimlerinin Felsefi Ele\u015ftirisi: Nat\u00fcralizmin Olanakl\u0131l\u0131\u011f\u0131, ele\u015ftirel realizm ad\u0131yla bilinen d\u00fc\u015f\u00fcnce ak\u0131m\u0131n\u0131n bilhassa sosyal bilimler felsefesi alan\u0131ndaki paradigma-kurucu metnidir. Yay\u0131mlanmas\u0131ndan bu yana ge\u00e7en yakla\u015f\u0131k k\u0131rk y\u0131ll\u0131k s\u00fcre i\u00e7erisinde, ba\u015fta Margaret S. Archer, Andrew Sayer, Tony Lawson, Peter Manicas gibi \u00f6nemli isimler olmak \u00fczere pek \u00e7ok sosyal bilimcinin sosyal bilim kavray\u0131\u015f\u0131na ve empirik \u00e7al\u0131\u015fmalar\u0131na y\u00f6n veren bu \u00e7al\u0131\u015fman\u0131n bug\u00fcn art\u0131k bir klasik eser vasf\u0131na eri\u015fti\u011fi rahatl\u0131kla s\u00f6ylenebilir. Nitekim yak\u0131n zamanda kaybetti\u011fimiz Roy Bhaskar, \u00f6mr\u00fc boyunca geli\u015ftirdi\u011fi felsefi sistemini (Realist Bir Bilim Teorisi adl\u0131 ilk \u00e7al\u0131\u015fmas\u0131yla birlikte) bu eseri \u00fczerine in\u015fa etmi\u015ftir.Bhaskar\u2019\u0131n yolunu a\u00e7t\u0131\u011f\u0131, pozitivist olmayan bir nat\u00fcralizm aray\u0131\u015f\u0131 ve bu ama\u00e7la ger\u00e7ekle\u015ftirdi\u011fi sa\u011flam temellendirme, pozitivizm-hermeneutik verimsiz ikilemine yakalanmadan sosyal bilim yapmak isteyenler i\u00e7in zihin a\u00e7\u0131c\u0131 bir niteli\u011fe sahiptir. Bu \u00f6zelli\u011fiyle, ili\u015fkisel sosyal bilim kavray\u0131\u015f\u0131n\u0131n farkl\u0131 g\u00fczerg\u00e2hlar\u0131n\u0131 diyaloga sokmaya d\u00f6n\u00fck giri\u015fimler i\u00e7in de \u00fczerinden atlanamaz bir eser niteli\u011findedir. Dolay\u0131s\u0131yla \u00e7al\u0131\u015fmay\u0131, bir yan\u0131yla, T\u00fcrkiye\u2019nin ili\u015fkisel sosyal bilim literat\u00fcr\u00fcne bir katk\u0131 olarak okumak m\u00fcmk\u00fcnd\u00fcr. Di\u011fer yandan, sosyal teorinin en temel meselelerinden biri olan yap\u0131-f\u00e2il meselesine dair Bhaskar\u2019\u0131n s\u00f6yleyecek \u00e7ok \u015feyi oldu\u011fu da g\u00f6r\u00fclecektir.<\/p>\n","protected":false},"excerpt":{"rendered":"<p>\u0130nsan Bilimlerinin Felsefi Ele\u015ftirisi: Nat\u00fcralizmin Olanakl\u0131l\u0131\u011f\u0131, ele\u015ftirel realizm ad\u0131yla bilinen d\u00fc\u015f\u00fcnce ak\u0131m\u0131n\u0131n bilhassa sosyal bilimler felsefesi alan\u0131ndaki paradigma-kurucu metnidir. Yay\u0131mlanmas\u0131ndan bu yana ge\u00e7en yakla\u015f\u0131k k\u0131rk y\u0131ll\u0131k<span class=\"excerpt-hellip\"> [\u2026]<\/span><\/p>\n","protected":false},"featured_media":0,"template":"","meta":{"_monsterinsights_skip_tracking":false,"_monsterinsights_sitenote_active":false,"_monsterinsights_sitenote_note":"","_monsterinsights_sitenote_category":0},"product_brand":[],"product_cat":[20351,12388],"product_tag":[],"class_list":{"0":"post-729514","1":"product","2":"type-product","3":"status-publish","5":"product_cat-dusunce","6":"product_cat-felsefe","7":"pa_cilt-ciltsiz","8":"pa_tur-kitap","9":"pa_yayinevi-nika-yayinevi","10":"pa_yazar-roy-bhaskar","12":"first","13":"instock","14":"sale","15":"shipping-taxable","16":"purchasable","17":"product-type-simple"},"_links":{"self":[{"href":"https:\/\/roveyayinevi.com.tr\/index.php\/wp-json\/wp\/v2\/product\/729514","targetHints":{"allow":["GET"]}}],"collection":[{"href":"https:\/\/roveyayinevi.com.tr\/index.php\/wp-json\/wp\/v2\/product"}],"about":[{"href":"https:\/\/roveyayinevi.com.tr\/index.php\/wp-json\/wp\/v2\/types\/product"}],"wp:attachment":[{"href":"https:\/\/roveyayinevi.com.tr\/index.php\/wp-json\/wp\/v2\/media?parent=729514"}],"wp:term":[{"taxonomy":"product_brand","embeddable":true,"href":"https:\/\/roveyayinevi.com.tr\/index.php\/wp-json\/wp\/v2\/product_brand?post=729514"},{"taxonomy":"product_cat","embeddable":true,"href":"https:\/\/roveyayinevi.com.tr\/index.php\/wp-json\/wp\/v2\/product_cat?post=729514"},{"taxonomy":"product_tag","embeddable":true,"href":"https:\/\/roveyayinevi.com.tr\/index.php\/wp-json\/wp\/v2\/product_tag?post=729514"}],"curies":[{"name":"wp","href":"https:\/\/api.w.org\/{rel}","templated":true}]}}