{"id":729513,"date":"2025-08-27T20:57:09","date_gmt":"2025-08-27T17:57:09","guid":{"rendered":"https:\/\/roveyayinevi.com.tr\/index.php\/urun\/dalgalari-asmak\/"},"modified":"2026-04-16T02:37:11","modified_gmt":"2026-04-15T23:37:11","slug":"dalgalari-asmak","status":"publish","type":"product","link":"https:\/\/roveyayinevi.com.tr\/index.php\/urun\/dalgalari-asmak\/","title":{"rendered":"Dalgalar\u0131 A\u015fmak"},"content":{"rendered":"<p>Farkl\u0131 \u015fiddet bi\u00e7imlerini, cinsiyet ve cinsel kimlikleri i\u00e7inde bar\u0131nd\u0131ran toplumsal cinsiyet temelli \u015fiddetin azalt\u0131lmas\u0131 son kertede de onu ortaya \u00e7\u0131karan toplumsal ko\u015fullar\u0131n ortadan kald\u0131r\u0131labilmesi ba\u015fta sivil toplum olmak \u00fczere farkl\u0131 alanlardan farkl\u0131 kurum ve disiplinlerin i\u015fbirli\u011fi i\u00e7erisinde geli\u015ftirece\u011fi ve prati\u011fe d\u00f6kece\u011fi uygulamalarla m\u00fcmk\u00fcn olacakt\u0131r. Bu i\u015fbirli\u011finin ba\u015far\u0131l\u0131 olabilmesi i\u00e7in toplumsal cinsiyet temelli \u015fiddetin, ya\u015fam\u0131n \u00e7e\u015fitli alanlar\u0131ndaki g\u00f6r\u00fcn\u00fcmlerinin ve farkl\u0131 akt\u00f6rlerin toplumsal cinsiyet temelli \u015fiddeti nas\u0131l deneyimlediklerinin ortaya konmas\u0131 \u00f6nem arz etmektedir.Elinizdeki kitapta, Ak\u0131n Demiral, Aylin G\u00f6rg\u00fcn Baran, Bahar Araz, Derya G\u00fcler Ayd\u0131n, Burcu Hatibo\u011flu K\u0131sat, Canan Koca, Gizem Pehlevan, \u0130lknur Y\u00fcksel-Kaptano\u011flu, \u00d6zge Sanem \u00d6zate\u015f Gelmez, Selda Ta\u015fdemir Af\u015far ve Semahat Dicle Maybek&#8217;in \u00e7al\u0131\u015fmalar\u0131 yer almaktad\u0131r. Yazarlar \u00e7al\u0131\u015fmalar\u0131yla spordan sanata, iktisattan sosyal hizmete, hukuktan sosyolojiye uzanan farkl\u0131 u\u011fraklarda \u015fiddeti ortaya \u00e7\u0131kartan, normalle\u015ftiren ve s\u00fcre\u011fen hale getiren, hatta bu \u015fiddetin \u00fcst\u00fcn\u00fc \u00f6rten toplumsal e\u015fitsizlikleri tart\u0131\u015fmaya a\u00e7arak toplumsal cinsiyet temelli \u015fiddetle m\u00fccadelenin olanaklar\u0131n\u0131 g\u00f6zler \u00f6n\u00fcne sermeye \u00e7al\u0131\u015fmaktad\u0131r.<\/p>\n","protected":false},"excerpt":{"rendered":"<p>Farkl\u0131 \u015fiddet bi\u00e7imlerini, cinsiyet ve cinsel kimlikleri i\u00e7inde bar\u0131nd\u0131ran toplumsal cinsiyet temelli \u015fiddetin azalt\u0131lmas\u0131 son kertede de onu ortaya \u00e7\u0131karan toplumsal ko\u015fullar\u0131n ortadan kald\u0131r\u0131labilmesi ba\u015fta sivil<span class=\"excerpt-hellip\"> [\u2026]<\/span><\/p>\n","protected":false},"featured_media":0,"template":"","meta":{"_monsterinsights_skip_tracking":false,"_monsterinsights_sitenote_active":false,"_monsterinsights_sitenote_note":"","_monsterinsights_sitenote_category":0},"product_brand":[],"product_cat":[12324,27533],"product_tag":[],"class_list":{"0":"post-729513","1":"product","2":"type-product","3":"status-publish","5":"product_cat-sosyoloji","6":"product_cat-sosyolojiye-giris","7":"pa_cilt-ciltsiz","8":"pa_tur-kitap","9":"pa_yayinevi-nika-yayinevi","10":"pa_yazar-nika-yayinevi-kolektif","12":"first","13":"instock","14":"sale","15":"shipping-taxable","16":"purchasable","17":"product-type-simple"},"_links":{"self":[{"href":"https:\/\/roveyayinevi.com.tr\/index.php\/wp-json\/wp\/v2\/product\/729513","targetHints":{"allow":["GET"]}}],"collection":[{"href":"https:\/\/roveyayinevi.com.tr\/index.php\/wp-json\/wp\/v2\/product"}],"about":[{"href":"https:\/\/roveyayinevi.com.tr\/index.php\/wp-json\/wp\/v2\/types\/product"}],"wp:attachment":[{"href":"https:\/\/roveyayinevi.com.tr\/index.php\/wp-json\/wp\/v2\/media?parent=729513"}],"wp:term":[{"taxonomy":"product_brand","embeddable":true,"href":"https:\/\/roveyayinevi.com.tr\/index.php\/wp-json\/wp\/v2\/product_brand?post=729513"},{"taxonomy":"product_cat","embeddable":true,"href":"https:\/\/roveyayinevi.com.tr\/index.php\/wp-json\/wp\/v2\/product_cat?post=729513"},{"taxonomy":"product_tag","embeddable":true,"href":"https:\/\/roveyayinevi.com.tr\/index.php\/wp-json\/wp\/v2\/product_tag?post=729513"}],"curies":[{"name":"wp","href":"https:\/\/api.w.org\/{rel}","templated":true}]}}