{"id":729512,"date":"2025-08-27T20:57:08","date_gmt":"2025-08-27T17:57:08","guid":{"rendered":"https:\/\/roveyayinevi.com.tr\/index.php\/urun\/kurt-sorunu-2\/"},"modified":"2026-04-16T02:37:11","modified_gmt":"2026-04-15T23:37:11","slug":"kurt-sorunu-2","status":"publish","type":"product","link":"https:\/\/roveyayinevi.com.tr\/index.php\/urun\/kurt-sorunu-2\/","title":{"rendered":"K\u00fcrt Sorunu"},"content":{"rendered":"<p>\u0130ki bilim insan\u0131n\u0131n ger\u00e7ekle\u015ftirdi\u011fi K\u00fcrt Sorunu K\u00f6keni ve Geli\u015fimi adl\u0131 bu \u00e7al\u0131\u015fma, tarafs\u0131zca de\u011ferlendirilmesi gereken K\u00fcrt sorununa bir\u00e7ok y\u00f6n\u00fcyle b\u00fcy\u00fcte\u00e7 tutuyor; sorunun k\u00f6kenini ve olas\u0131 \u00e7\u00f6z\u00fcmlerini ge\u00e7mi\u015ften gelece\u011fe uzanan bir zaman yelpazesinde irdeliyor.Kitap, \u201cetnisite\u201d, \u201culus\u201d, \u201caz\u0131nl\u0131k\u201d, \u201chalk\u201d, \u201caz\u0131nl\u0131k haklar\u0131\u201d gibi can al\u0131c\u0131 terimlerdeki kar\u0131\u015f\u0131kl\u0131klar\u0131 giderirken, okura T\u00fcrk ve K\u00fcrt milliyet\u00e7iliklerinin geli\u015fme \u00e7izgilerini de izleme f\u0131rsat\u0131 veriyor.K\u00fcrt sorunu \u00fczerine akademik \u00e7al\u0131\u015fmalar \u015fimdiye kadar \u00e7o\u011funlukla yabanc\u0131lar taraf\u0131ndan b\u00fcy\u00fck oranda ikincil ve yabanc\u0131l kaynak temelinde yap\u0131ld\u0131. Bu kitap, uluslararas\u0131 literat\u00fcre T\u00fcrkiye\u2019den bir katk\u0131 niteli\u011fi ta\u015f\u0131makla birlikte, alan\u0131nda objektif ve temel bir ba\u015fvuru kayna\u011f\u0131d\u0131r.<\/p>\n","protected":false},"excerpt":{"rendered":"<p>\u0130ki bilim insan\u0131n\u0131n ger\u00e7ekle\u015ftirdi\u011fi K\u00fcrt Sorunu K\u00f6keni ve Geli\u015fimi adl\u0131 bu \u00e7al\u0131\u015fma, tarafs\u0131zca de\u011ferlendirilmesi gereken K\u00fcrt sorununa bir\u00e7ok y\u00f6n\u00fcyle b\u00fcy\u00fcte\u00e7 tutuyor; sorunun k\u00f6kenini ve olas\u0131 \u00e7\u00f6z\u00fcmlerini<span class=\"excerpt-hellip\"> [\u2026]<\/span><\/p>\n","protected":false},"featured_media":0,"template":"","meta":{"_monsterinsights_skip_tracking":false,"_monsterinsights_sitenote_active":false,"_monsterinsights_sitenote_note":"","_monsterinsights_sitenote_category":0},"product_brand":[],"product_cat":[13656,12337],"product_tag":[],"class_list":{"0":"post-729512","1":"product","2":"type-product","3":"status-publish","5":"product_cat-azinliklar-etnik-sorunlar","6":"product_cat-politika-siyaset","7":"pa_cilt-ciltsiz","8":"pa_tur-kitap","9":"pa_yayinevi-islik-yayinlari","10":"pa_yazar-kemal-kirisci-gareth-m-winrow","12":"first","13":"instock","14":"sale","15":"shipping-taxable","16":"purchasable","17":"product-type-simple"},"_links":{"self":[{"href":"https:\/\/roveyayinevi.com.tr\/index.php\/wp-json\/wp\/v2\/product\/729512","targetHints":{"allow":["GET"]}}],"collection":[{"href":"https:\/\/roveyayinevi.com.tr\/index.php\/wp-json\/wp\/v2\/product"}],"about":[{"href":"https:\/\/roveyayinevi.com.tr\/index.php\/wp-json\/wp\/v2\/types\/product"}],"wp:attachment":[{"href":"https:\/\/roveyayinevi.com.tr\/index.php\/wp-json\/wp\/v2\/media?parent=729512"}],"wp:term":[{"taxonomy":"product_brand","embeddable":true,"href":"https:\/\/roveyayinevi.com.tr\/index.php\/wp-json\/wp\/v2\/product_brand?post=729512"},{"taxonomy":"product_cat","embeddable":true,"href":"https:\/\/roveyayinevi.com.tr\/index.php\/wp-json\/wp\/v2\/product_cat?post=729512"},{"taxonomy":"product_tag","embeddable":true,"href":"https:\/\/roveyayinevi.com.tr\/index.php\/wp-json\/wp\/v2\/product_tag?post=729512"}],"curies":[{"name":"wp","href":"https:\/\/api.w.org\/{rel}","templated":true}]}}