{"id":729511,"date":"2025-08-27T20:57:07","date_gmt":"2025-08-27T17:57:07","guid":{"rendered":"https:\/\/roveyayinevi.com.tr\/index.php\/urun\/hayatimin-rolu\/"},"modified":"2026-04-16T02:37:11","modified_gmt":"2026-04-15T23:37:11","slug":"hayatimin-rolu","status":"publish","type":"product","link":"https:\/\/roveyayinevi.com.tr\/index.php\/urun\/hayatimin-rolu\/","title":{"rendered":"Hayat\u0131m\u0131n Rol\u00fc"},"content":{"rendered":"<p>Hayat\u0131n\u0131n rol\u00fc i\u00e7in erkenden b\u00fcy\u00fcmek zorunda kalanlar\u0131n hik\u00e2yesi&#8230;Katalan edebiyat\u0131n\u0131n \u00f6d\u00fcll\u00fc yazarlar\u0131ndan Maite Carranza, ekonomik darbo\u011faza giren bir ailenin ya\u015fad\u0131klar\u0131n\u0131 bir gencin g\u00f6z\u00fcnden anlatt\u0131\u011f\u0131 roman\u0131yla ilk kez G\u00fcn\u0131\u015f\u0131\u011f\u0131 Kitapl\u0131\u011f\u0131&#8217;nda. Olivia, oyuncu annesinin bunal\u0131ma girmesi ve hastaneye kald\u0131r\u0131lmas\u0131yla, olan bitenden habersiz k\u00fc\u00e7\u00fck karde\u015fi Tim&#8217;i oyalamak ve hayata yeniden tutunmak i\u00e7in bir film oyunu kurgular. Yeni ta\u015f\u0131nd\u0131klar\u0131 mahallede onlar\u0131 yeni renkler, y\u00fczle\u015fmeler, kimlikler ve roller beklemektedir. &#8220;Hepimizin ba\u015f\u0131na gelebilir&#8221; duygusundan &#8220;Hayat s\u00fcrprizlerle doludur&#8221; duygusuna usta i\u015fi bir kurguyla s\u00fcr\u00fckleyen roman, her ya\u015ftan okura &#8220;tan\u0131d\u0131k&#8221; gelecek ve umudu y\u00fcceltecek nitelikte. Aile i\u00e7inde rollerin de\u011fi\u015fmesi, erken ya\u015fta a\u011f\u0131r sorumluluklar \u00fcstlenmek, yoksullukla ba\u015f etmek gibi zorlu s\u00fcre\u00e7leri naif bir \u00fcslupla kaleme alan yazardan etkileyici bir kitap.Oyuncu annesi ve k\u00fc\u00e7\u00fck karde\u015fi Tim&#8217;le ya\u015fayan Olivia, bor\u00e7lar\u0131 y\u00fcz\u00fcnden bankan\u0131n kap\u0131ya dayand\u0131\u011f\u0131n\u0131 \u00f6\u011frenir. Annesi i\u015fsiz kalm\u0131\u015f ve elde avu\u00e7takiler h\u0131zla t\u00fckenince de ciddi bunal\u0131ma girmi\u015ftir. Yoksulla\u015fan ailenin y\u00fck\u00fc, on iki ya\u015f\u0131ndaki Olivia&#8217;n\u0131n omuzlar\u0131ndad\u0131r art\u0131k. Bir yandan, k\u00fc\u00e7\u00fck Tim&#8217;i oyalamak i\u00e7in kurdu\u011fu oyunu s\u00fcrd\u00fcr\u00fcrken, bir yandan da hastaneye kald\u0131r\u0131lan annesinin iyile\u015fmesi i\u00e7in \u00e7\u0131rp\u0131n\u0131r. Yoksul bir mahallede edindikleri yeni \u00e7evreye ve okula ayak uydurmaya \u00e7al\u0131\u015fan iki karde\u015f, beklenmedik arkada\u015fl\u0131klarla, g\u00fc\u00e7 veren insanlarla sarmalan\u0131rlar\u2026<\/p>\n","protected":false},"excerpt":{"rendered":"<p>Hayat\u0131n\u0131n rol\u00fc i\u00e7in erkenden b\u00fcy\u00fcmek zorunda kalanlar\u0131n hik\u00e2yesi&#8230;Katalan edebiyat\u0131n\u0131n \u00f6d\u00fcll\u00fc yazarlar\u0131ndan Maite Carranza, ekonomik darbo\u011faza giren bir ailenin ya\u015fad\u0131klar\u0131n\u0131 bir gencin g\u00f6z\u00fcnden anlatt\u0131\u011f\u0131 roman\u0131yla ilk kez<span class=\"excerpt-hellip\"> [\u2026]<\/span><\/p>\n","protected":false},"featured_media":0,"template":"","meta":{"_monsterinsights_skip_tracking":false,"_monsterinsights_sitenote_active":false,"_monsterinsights_sitenote_note":"","_monsterinsights_sitenote_category":0},"product_brand":[],"product_cat":[12275,12274],"product_tag":[],"class_list":{"0":"post-729511","1":"product","2":"type-product","3":"status-publish","5":"product_cat-6-12-yas-kitaplari","6":"product_cat-cocuk-ve-genclik-kitaplari","7":"pa_cilt-ciltsiz","8":"pa_tur-kitap","9":"pa_yayinevi-gunisigi-kitapligi","10":"pa_yazar-maite-carranza","12":"first","13":"instock","14":"sale","15":"shipping-taxable","16":"purchasable","17":"product-type-simple"},"_links":{"self":[{"href":"https:\/\/roveyayinevi.com.tr\/index.php\/wp-json\/wp\/v2\/product\/729511","targetHints":{"allow":["GET"]}}],"collection":[{"href":"https:\/\/roveyayinevi.com.tr\/index.php\/wp-json\/wp\/v2\/product"}],"about":[{"href":"https:\/\/roveyayinevi.com.tr\/index.php\/wp-json\/wp\/v2\/types\/product"}],"wp:attachment":[{"href":"https:\/\/roveyayinevi.com.tr\/index.php\/wp-json\/wp\/v2\/media?parent=729511"}],"wp:term":[{"taxonomy":"product_brand","embeddable":true,"href":"https:\/\/roveyayinevi.com.tr\/index.php\/wp-json\/wp\/v2\/product_brand?post=729511"},{"taxonomy":"product_cat","embeddable":true,"href":"https:\/\/roveyayinevi.com.tr\/index.php\/wp-json\/wp\/v2\/product_cat?post=729511"},{"taxonomy":"product_tag","embeddable":true,"href":"https:\/\/roveyayinevi.com.tr\/index.php\/wp-json\/wp\/v2\/product_tag?post=729511"}],"curies":[{"name":"wp","href":"https:\/\/api.w.org\/{rel}","templated":true}]}}