{"id":729509,"date":"2025-08-27T20:57:06","date_gmt":"2025-08-27T17:57:06","guid":{"rendered":"https:\/\/roveyayinevi.com.tr\/index.php\/urun\/sarikamis\/"},"modified":"2026-04-16T02:37:11","modified_gmt":"2026-04-15T23:37:11","slug":"sarikamis","status":"publish","type":"product","link":"https:\/\/roveyayinevi.com.tr\/index.php\/urun\/sarikamis\/","title":{"rendered":"Sar\u0131kam\u0131\u015f"},"content":{"rendered":"<p>Zifiri karanl\u0131k\u2026 Tipiyle kar\u0131\u015f\u0131k bir f\u0131rt\u0131na vard\u0131. Soluk al\u0131p vermek zor. Askerler s\u0131rt\u0131n\u0131 tipiye vererek y\u00fcr\u00fcmeye gayret ediyordu.  Sabah\u2026 F\u0131rt\u0131na ve tipiden eser kalmam\u0131\u015ft\u0131. Hava so\u011fuk fakat sakindi\u2026 Te\u011fmen \u0130smail Hakk\u0131 komutas\u0131ndaki on dokuz ki\u015filik m\u00fcfreze Rus savunma mevzilerinin gerisinde ke\u015fif ve g\u00f6zetleme faaliyetindeydi. Ama\u00e7lar\u0131, Ruslar\u0131n cephedeki kuvvetlerini ve haz\u0131rl\u0131klar\u0131n\u0131 \u00f6\u011frenmekti&#8230; S\u0131zd\u0131klar\u0131 Rus mevzilerinde sabaha dek y\u00fcr\u00fcm\u00fc\u015f ve cephenin otuz kilometre gerisindeki \u00fc\u00e7 yol a\u011fz\u0131na varm\u0131\u015flard\u0131. M\u00fcfreze yola yak\u0131n k\u00fc\u00e7\u00fck bir korulu\u011fa gizlenmi\u015f yollar\u0131 ve g\u00fcneye a\u00e7\u0131lan geni\u015f d\u00fczl\u00fckleri g\u00f6zlemeye koyulmu\u015ftu. Her taraf karla kapl\u0131 oldu\u011fundan, kilometrelerce uzakl\u0131ktaki k\u0131p\u0131rdamalar bile kolayca fark ediliyordu\u2026 Te\u011fmen \u0130smail Hakk\u0131, \u00f6\u011fleye kadar \u00e7o\u011fu yiyecek \u00e7uval\u0131 ve f\u0131\u00e7\u0131 y\u00fckl\u00fc at arabalar\u0131n\u0131n ge\u00e7i\u015fini izledi. Sayd\u0131. Tam 230 araba\u2026 Saat 14.00\u2019te cephe y\u00f6n\u00fcnden gelen Kazak s\u00fcvarilerini g\u00f6rd\u00fc. Onlar\u0131n ard\u0131ndan gelenlerin, ba\u015flar\u0131ndaki kalpak ve \u015fapkalardan, k\u00fcrk yakal\u0131 \u00fcniformalar\u0131ndan, omuzlar\u0131ndaki i\u015faretlerden y\u00fcksek r\u00fctbeli subaylar oldu\u011fu anla\u015f\u0131l\u0131yordu. Kendilerini belli etmemeleri, ate\u015f a\u00e7mamalar\u0131 ve \u00e7ok zor durumda kalmad\u0131k\u00e7a \u00e7at\u0131\u015fmaya girmemeleri konusunda kesin emir alm\u0131\u015f olan Te\u011fmen \u0130smail Hakk\u0131, av\u0131n\u0131 ka\u00e7\u0131ran avc\u0131n\u0131n y\u00fcrek buruklu\u011fuyla kafileyi seyretmek zorunda kald\u0131&#8230; Te\u011fmen \u0130smail Hakk\u0131\u2019n\u0131n m\u00fcfrezesinin t\u00fcfeklerinin \u00f6n\u00fcnden resmige\u00e7it yapar gibi ge\u00e7enler, \u00c7ar ve ona refakat edenlerdi&#8230; Keskin ni\u015fanc\u0131lar\u0131n da aralar\u0131nda oldu\u011fu m\u00fcfrezenin a\u00e7aca\u011f\u0131 seri bir ate\u015f sonras\u0131, \u00c7ar\u2019\u0131n yaralanmas\u0131 veya \u00f6lmesi b\u00fcy\u00fck olas\u0131l\u0131kt\u0131. B\u00f6yle bir sonu\u00e7 Rus ordusunun b\u00fct\u00fcn g\u00fcc\u00fcyle T\u00fcrk mevzilerini ezer gibi b\u00fcy\u00fck bir taarruza kalk\u0131\u015fmas\u0131na neden olabilir ya da her \u015feyi b\u0131rak\u0131p \u00e7ok uzaklara geri \u00e7ekilmelerine yol a\u00e7abilirdi. Her iki durumda da Sar\u0131kam\u0131\u015f\u2019\u0131 ele ge\u00e7irece\u011fim diye bir taarruza ihtiya\u00e7 duyulmayacak, di\u011fer bir ihtimalle de k\u0131\u015f ko\u015fullar\u0131nda harek\u00e2t\u0131n yap\u0131lmas\u0131nda \u0131srarc\u0131 olunmayacakt\u0131&#8230; Sava\u015f sanat\u0131nda \u201ctalihli olmak\u201d \u00f6nemli fakt\u00f6rlerden biridir. Tersi olunca da buna, \u201cyazg\u0131\u201d denir\u2026   <\/p>\n","protected":false},"excerpt":{"rendered":"<p>Zifiri karanl\u0131k\u2026 Tipiyle kar\u0131\u015f\u0131k bir f\u0131rt\u0131na vard\u0131. Soluk al\u0131p vermek zor. Askerler s\u0131rt\u0131n\u0131 tipiye vererek y\u00fcr\u00fcmeye gayret ediyordu. Sabah\u2026 F\u0131rt\u0131na ve tipiden eser kalmam\u0131\u015ft\u0131. Hava so\u011fuk<span class=\"excerpt-hellip\"> [\u2026]<\/span><\/p>\n","protected":false},"featured_media":0,"template":"","meta":{"_monsterinsights_skip_tracking":false,"_monsterinsights_sitenote_active":false,"_monsterinsights_sitenote_note":"","_monsterinsights_sitenote_category":0},"product_brand":[],"product_cat":[18545,12291],"product_tag":[],"class_list":{"0":"post-729509","1":"product","2":"type-product","3":"status-publish","5":"product_cat-anlati","6":"product_cat-edebiyat","7":"pa_cilt-ciltsiz","8":"pa_tur-kitap","9":"pa_yayinevi-inkilap-kitabevi","10":"pa_yazar-osman-pamukoglu","12":"first","13":"instock","14":"sale","15":"shipping-taxable","16":"purchasable","17":"product-type-simple"},"_links":{"self":[{"href":"https:\/\/roveyayinevi.com.tr\/index.php\/wp-json\/wp\/v2\/product\/729509","targetHints":{"allow":["GET"]}}],"collection":[{"href":"https:\/\/roveyayinevi.com.tr\/index.php\/wp-json\/wp\/v2\/product"}],"about":[{"href":"https:\/\/roveyayinevi.com.tr\/index.php\/wp-json\/wp\/v2\/types\/product"}],"wp:attachment":[{"href":"https:\/\/roveyayinevi.com.tr\/index.php\/wp-json\/wp\/v2\/media?parent=729509"}],"wp:term":[{"taxonomy":"product_brand","embeddable":true,"href":"https:\/\/roveyayinevi.com.tr\/index.php\/wp-json\/wp\/v2\/product_brand?post=729509"},{"taxonomy":"product_cat","embeddable":true,"href":"https:\/\/roveyayinevi.com.tr\/index.php\/wp-json\/wp\/v2\/product_cat?post=729509"},{"taxonomy":"product_tag","embeddable":true,"href":"https:\/\/roveyayinevi.com.tr\/index.php\/wp-json\/wp\/v2\/product_tag?post=729509"}],"curies":[{"name":"wp","href":"https:\/\/api.w.org\/{rel}","templated":true}]}}