{"id":729508,"date":"2025-08-27T20:57:05","date_gmt":"2025-08-27T17:57:05","guid":{"rendered":"https:\/\/roveyayinevi.com.tr\/index.php\/urun\/kamu-yatirim-kararlarinin-finansal-acidan-degerlendirilmesi-turkiye-icin-bir-model-onerisi\/"},"modified":"2026-04-16T02:37:11","modified_gmt":"2026-04-15T23:37:11","slug":"kamu-yatirim-kararlarinin-finansal-acidan-degerlendirilmesi-turkiye-icin-bir-model-onerisi","status":"publish","type":"product","link":"https:\/\/roveyayinevi.com.tr\/index.php\/urun\/kamu-yatirim-kararlarinin-finansal-acidan-degerlendirilmesi-turkiye-icin-bir-model-onerisi\/","title":{"rendered":"Kamu Yat\u0131r\u0131m Kararlar\u0131n\u0131n Finansal A\u00e7\u0131dan De\u011ferlendirilmesi T\u00fcrkiye \u0130\u00e7in Bir Model \u00d6nerisi"},"content":{"rendered":"<p>1-      Kamu Yat\u0131r\u0131mlar\u0131 2-      Kamu Yat\u0131r\u0131m Projelerinin De\u011ferlendirilmesi 3-      Kamu Yat\u0131r\u0131m Projelerinin De\u011ferlendirilmesinde D\u00fcnya Uygulamalar\u0131 4-      Kamu Yat\u0131r\u0131m Projeleri De\u011ferlendirilme Uygulamalar\u0131 <\/p>\n","protected":false},"excerpt":{"rendered":"<p>1- Kamu Yat\u0131r\u0131mlar\u0131 2- Kamu Yat\u0131r\u0131m Projelerinin De\u011ferlendirilmesi 3- Kamu Yat\u0131r\u0131m Projelerinin De\u011ferlendirilmesinde D\u00fcnya Uygulamalar\u0131 4- Kamu Yat\u0131r\u0131m Projeleri De\u011ferlendirilme Uygulamalar\u0131<\/p>\n","protected":false},"featured_media":0,"template":"","meta":{"_monsterinsights_skip_tracking":false,"_monsterinsights_sitenote_active":false,"_monsterinsights_sitenote_note":"","_monsterinsights_sitenote_category":0},"product_brand":[],"product_cat":[17249,13043],"product_tag":[],"class_list":{"0":"post-729508","1":"product","2":"type-product","3":"status-publish","5":"product_cat-borsa-finans","6":"product_cat-ekonomi","7":"pa_cilt-ciltsiz","8":"pa_tur-kitap","9":"pa_yayinevi-gazi-kitabevi","10":"pa_yazar-burcu-zengin","12":"first","13":"instock","14":"sale","15":"shipping-taxable","16":"purchasable","17":"product-type-simple"},"_links":{"self":[{"href":"https:\/\/roveyayinevi.com.tr\/index.php\/wp-json\/wp\/v2\/product\/729508","targetHints":{"allow":["GET"]}}],"collection":[{"href":"https:\/\/roveyayinevi.com.tr\/index.php\/wp-json\/wp\/v2\/product"}],"about":[{"href":"https:\/\/roveyayinevi.com.tr\/index.php\/wp-json\/wp\/v2\/types\/product"}],"wp:attachment":[{"href":"https:\/\/roveyayinevi.com.tr\/index.php\/wp-json\/wp\/v2\/media?parent=729508"}],"wp:term":[{"taxonomy":"product_brand","embeddable":true,"href":"https:\/\/roveyayinevi.com.tr\/index.php\/wp-json\/wp\/v2\/product_brand?post=729508"},{"taxonomy":"product_cat","embeddable":true,"href":"https:\/\/roveyayinevi.com.tr\/index.php\/wp-json\/wp\/v2\/product_cat?post=729508"},{"taxonomy":"product_tag","embeddable":true,"href":"https:\/\/roveyayinevi.com.tr\/index.php\/wp-json\/wp\/v2\/product_tag?post=729508"}],"curies":[{"name":"wp","href":"https:\/\/api.w.org\/{rel}","templated":true}]}}