{"id":729506,"date":"2025-08-27T20:57:04","date_gmt":"2025-08-27T17:57:04","guid":{"rendered":"https:\/\/roveyayinevi.com.tr\/index.php\/urun\/siyaset-biliminde-gecmisten-gunumuze-yasanan-gelismeler\/"},"modified":"2026-04-16T02:37:11","modified_gmt":"2026-04-15T23:37:11","slug":"siyaset-biliminde-gecmisten-gunumuze-yasanan-gelismeler","status":"publish","type":"product","link":"https:\/\/roveyayinevi.com.tr\/index.php\/urun\/siyaset-biliminde-gecmisten-gunumuze-yasanan-gelismeler\/","title":{"rendered":"Siyaset Biliminde Ge\u00e7mi\u015ften G\u00fcn\u00fcm\u00fcze Ya\u015fanan Geli\u015fmeler"},"content":{"rendered":"<p>1-      Sanayi \u00d6ncesi Kent, \u0130ktidar ve Mekan 2-      Siyasal Parti \u00c7al\u0131\u015fmalar\u0131 : Tarihsel ve Kavramsal Bir Analiz 3-      Osmanl\u0131 Devletinde ve T\u00fcrkiye\u2019de Lisans D\u00fczeyinde Siyaset Bilimi ile Kamu Y\u00f6netimi E\u011fitimi \u2013 \u00d6\u011fretiminin Kurumsal Geli\u015fimi : 1859-1979 4-      T\u00fcrk Siyasal Hayat\u0131nda Genel Se\u00e7imler, H\u00fck\u00fcmetler ve Siyasi Kat\u0131l\u0131m (1950-2020) 5-      Kamu Y\u00f6netiminde \u00c7a\u011fda\u015f Yakla\u015f\u0131mlar \u00dczerine Bir De\u011ferlendirme 6-      Toplum S\u00f6zle\u015fmesi Teorileri Farkl\u0131 Bir Perspektif : Hogu Grotius 7-      David Easton\u2019\u0131n Sistem Analizi Yakla\u015f\u0131m\u0131 ve Y\u00f6netim Sisteminin Bir \u00d6\u011fesi Olarak Karar Verme 8-      Tarihin Sonu Tezi ve Yeni Biny\u0131ldaki Geli\u015fmeler I\u015f\u0131\u011f\u0131nda Politik Ele\u015ftirisi 9-      Feminist Hareketin Yeni Stratejisi : Dijital Feminizm 10-  Kamu \u0130yili\u011fi Olarak Kat\u0131l\u0131m : Etkile\u015fimci Akt\u00f6r Odakl\u0131 Bir Kavramsal \u00c7er\u00e7eve 11-  Yurtta\u015fl\u0131k, Sosyal Adalet ve Sosyal Yurtta\u015fl\u0131k Ekseninde T\u00fcrkiye\u2019de Sosyo-Ekonomik Haklar\u0131n Analizi 12-  Sivil Toplum ve T\u00fcrkiye\u2019deki Geli\u015fimi 13-  Ahmet Hamdi Tanp\u0131nar\u2019\u0131n Metinlerinde T\u00fcrk Modernle\u015fmesinin Temel Sorunlar\u0131 ve Krizleri \u00dczerine Bir De\u011ferlendirme 14-  \u00d6rg\u00fctsel Adalet ve Duygusal Ba\u011fl\u0131l\u0131k \u0130li\u015fkisi \u00dczerine Bir Alan Ara\u015ft\u0131rmas\u0131 : A\u011fr\u0131 ve Bitlis \u0130l Afet ve Acil Durum M\u00fcd\u00fcrl\u00fc\u011f\u00fc Personeli 15-  \u0130darenin Yarg\u0131 Denetimi D\u0131\u015f\u0131nda B\u0131rak\u0131lan Cumhurba\u015fkanl\u0131\u011f\u0131 \u0130\u015flemlerinin Hukuk Devleti A\u00e7\u0131s\u0131ndan Analizi 16-  Bioshock from Utopia to Dystopia : Ideological Analysis of a Video Game   <\/p>\n","protected":false},"excerpt":{"rendered":"<p>1- Sanayi \u00d6ncesi Kent, \u0130ktidar ve Mekan 2- Siyasal Parti \u00c7al\u0131\u015fmalar\u0131 : Tarihsel ve Kavramsal Bir Analiz 3- Osmanl\u0131 Devletinde ve T\u00fcrkiye\u2019de Lisans D\u00fczeyinde Siyaset Bilimi<span class=\"excerpt-hellip\"> [\u2026]<\/span><\/p>\n","protected":false},"featured_media":0,"template":"","meta":{"_monsterinsights_skip_tracking":false,"_monsterinsights_sitenote_active":false,"_monsterinsights_sitenote_note":"","_monsterinsights_sitenote_category":0},"product_brand":[],"product_cat":[12337,14706],"product_tag":[],"class_list":{"0":"post-729506","1":"product","2":"type-product","3":"status-publish","5":"product_cat-politika-siyaset","6":"product_cat-siyaset-bilimi","7":"pa_cilt-ciltsiz","8":"pa_tur-kitap","9":"pa_yayinevi-gazi-kitabevi","10":"pa_yazar-sahin-karabulut","12":"first","13":"instock","14":"sale","15":"shipping-taxable","16":"purchasable","17":"product-type-simple"},"_links":{"self":[{"href":"https:\/\/roveyayinevi.com.tr\/index.php\/wp-json\/wp\/v2\/product\/729506","targetHints":{"allow":["GET"]}}],"collection":[{"href":"https:\/\/roveyayinevi.com.tr\/index.php\/wp-json\/wp\/v2\/product"}],"about":[{"href":"https:\/\/roveyayinevi.com.tr\/index.php\/wp-json\/wp\/v2\/types\/product"}],"wp:attachment":[{"href":"https:\/\/roveyayinevi.com.tr\/index.php\/wp-json\/wp\/v2\/media?parent=729506"}],"wp:term":[{"taxonomy":"product_brand","embeddable":true,"href":"https:\/\/roveyayinevi.com.tr\/index.php\/wp-json\/wp\/v2\/product_brand?post=729506"},{"taxonomy":"product_cat","embeddable":true,"href":"https:\/\/roveyayinevi.com.tr\/index.php\/wp-json\/wp\/v2\/product_cat?post=729506"},{"taxonomy":"product_tag","embeddable":true,"href":"https:\/\/roveyayinevi.com.tr\/index.php\/wp-json\/wp\/v2\/product_tag?post=729506"}],"curies":[{"name":"wp","href":"https:\/\/api.w.org\/{rel}","templated":true}]}}