{"id":729503,"date":"2025-08-27T20:57:02","date_gmt":"2025-08-27T17:57:02","guid":{"rendered":"https:\/\/roveyayinevi.com.tr\/index.php\/urun\/talcott-parsonsin-sosyal-eylem-teorisinde-iktisat-biliminin-metodolojisi-ve-ona-yonelik-elestiriler\/"},"modified":"2026-04-16T02:37:11","modified_gmt":"2026-04-15T23:37:11","slug":"talcott-parsonsin-sosyal-eylem-teorisinde-iktisat-biliminin-metodolojisi-ve-ona-yonelik-elestiriler","status":"publish","type":"product","link":"https:\/\/roveyayinevi.com.tr\/index.php\/urun\/talcott-parsonsin-sosyal-eylem-teorisinde-iktisat-biliminin-metodolojisi-ve-ona-yonelik-elestiriler\/","title":{"rendered":"Talcott Parsons&#8217;\u0131n Sosyal Eylem Teorisinde \u0130ktisat Biliminin Metodolojisi ve Ona Y\u00f6nelik Ele\u015ftiriler"},"content":{"rendered":"<p>1-      Birinci B\u00f6l\u00fcm : Parsons\u2019\u0131n Hayat\u0131, Etkisi ve Etkilendi\u011fi D\u00fc\u015f\u00fcn\u00fcrler 2-      \u0130kinci B\u00f6l\u00fcm : Parsons\u2019\u0131n \u0130radeci Eylem Teorisi ve Bu \u00c7er\u00e7evede Faydac\u0131l\u0131k ve Hobbes\u00e7u D\u00fczen Sorununun Ele\u015ftirisi 3-      \u00dc\u00e7\u00fcnc\u00fc B\u00f6l\u00fcm : Parsons\u2019\u0131n Eylem Teorisinde Metodoloji ve \u0130ktisat <\/p>\n","protected":false},"excerpt":{"rendered":"<p>1- Birinci B\u00f6l\u00fcm : Parsons\u2019\u0131n Hayat\u0131, Etkisi ve Etkilendi\u011fi D\u00fc\u015f\u00fcn\u00fcrler 2- \u0130kinci B\u00f6l\u00fcm : Parsons\u2019\u0131n \u0130radeci Eylem Teorisi ve Bu \u00c7er\u00e7evede Faydac\u0131l\u0131k ve Hobbes\u00e7u D\u00fczen Sorununun<span class=\"excerpt-hellip\"> [\u2026]<\/span><\/p>\n","protected":false},"featured_media":0,"template":"","meta":{"_monsterinsights_skip_tracking":false,"_monsterinsights_sitenote_active":false,"_monsterinsights_sitenote_note":"","_monsterinsights_sitenote_category":0},"product_brand":[],"product_cat":[12325,12324],"product_tag":[],"class_list":{"0":"post-729503","1":"product","2":"type-product","3":"status-publish","5":"product_cat-diger-sosyoloji","6":"product_cat-sosyoloji","7":"pa_cilt-ciltsiz","8":"pa_tur-kitap","9":"pa_yayinevi-gazi-kitabevi","10":"pa_yazar-bunyamin-duran-ata-devrim","12":"first","13":"instock","14":"sale","15":"shipping-taxable","16":"purchasable","17":"product-type-simple"},"_links":{"self":[{"href":"https:\/\/roveyayinevi.com.tr\/index.php\/wp-json\/wp\/v2\/product\/729503","targetHints":{"allow":["GET"]}}],"collection":[{"href":"https:\/\/roveyayinevi.com.tr\/index.php\/wp-json\/wp\/v2\/product"}],"about":[{"href":"https:\/\/roveyayinevi.com.tr\/index.php\/wp-json\/wp\/v2\/types\/product"}],"wp:attachment":[{"href":"https:\/\/roveyayinevi.com.tr\/index.php\/wp-json\/wp\/v2\/media?parent=729503"}],"wp:term":[{"taxonomy":"product_brand","embeddable":true,"href":"https:\/\/roveyayinevi.com.tr\/index.php\/wp-json\/wp\/v2\/product_brand?post=729503"},{"taxonomy":"product_cat","embeddable":true,"href":"https:\/\/roveyayinevi.com.tr\/index.php\/wp-json\/wp\/v2\/product_cat?post=729503"},{"taxonomy":"product_tag","embeddable":true,"href":"https:\/\/roveyayinevi.com.tr\/index.php\/wp-json\/wp\/v2\/product_tag?post=729503"}],"curies":[{"name":"wp","href":"https:\/\/api.w.org\/{rel}","templated":true}]}}