{"id":729502,"date":"2025-08-27T20:57:01","date_gmt":"2025-08-27T17:57:01","guid":{"rendered":"https:\/\/roveyayinevi.com.tr\/index.php\/urun\/tarimda-sozlesmeli-uretim\/"},"modified":"2026-04-16T02:37:11","modified_gmt":"2026-04-15T23:37:11","slug":"tarimda-sozlesmeli-uretim","status":"publish","type":"product","link":"https:\/\/roveyayinevi.com.tr\/index.php\/urun\/tarimda-sozlesmeli-uretim\/","title":{"rendered":"Tar\u0131mda S\u00f6zle\u015fmeli \u00dcretim"},"content":{"rendered":"<p>1-      S\u00f6zle\u015fmeli \u00dcretimle \u0130lgili Temel Hususlar 2-      S\u00f6zle\u015fmelerle \u0130lgili Hususlar 3-      S\u00f6zle\u015fmeli \u00dcretimde Uyu\u015fmazl\u0131klar\u0131n \u00c7\u00f6z\u00fcm\u00fc 4-      S\u00f6zle\u015fmeli \u00dcretim D\u00fczenlemelerinde Yakla\u015f\u0131mlar 5-      Vaka \u0130ncelemeleri 6-      D\u00fcnya\u2019dan \u00d6rnekler 7-      T\u00fcrkiye\u2019de S\u00f6zle\u015fmeli \u00dcretim <\/p>\n","protected":false},"excerpt":{"rendered":"<p>1- S\u00f6zle\u015fmeli \u00dcretimle \u0130lgili Temel Hususlar 2- S\u00f6zle\u015fmelerle \u0130lgili Hususlar 3- S\u00f6zle\u015fmeli \u00dcretimde Uyu\u015fmazl\u0131klar\u0131n \u00c7\u00f6z\u00fcm\u00fc 4- S\u00f6zle\u015fmeli \u00dcretim D\u00fczenlemelerinde Yakla\u015f\u0131mlar 5- Vaka \u0130ncelemeleri 6- D\u00fcnya\u2019dan \u00d6rnekler<span class=\"excerpt-hellip\"> [\u2026]<\/span><\/p>\n","protected":false},"featured_media":0,"template":"","meta":{"_monsterinsights_skip_tracking":false,"_monsterinsights_sitenote_active":false,"_monsterinsights_sitenote_note":"","_monsterinsights_sitenote_category":0},"product_brand":[],"product_cat":[14841,13043],"product_tag":[],"class_list":{"0":"post-729502","1":"product","2":"type-product","3":"status-publish","5":"product_cat-arastirma-inceleme-kuram","6":"product_cat-ekonomi","7":"pa_cilt-ciltsiz","8":"pa_tur-kitap","9":"pa_yayinevi-gazi-kitabevi","10":"pa_yazar-osman-kaan-ozdogan","12":"first","13":"instock","14":"sale","15":"shipping-taxable","16":"purchasable","17":"product-type-simple"},"_links":{"self":[{"href":"https:\/\/roveyayinevi.com.tr\/index.php\/wp-json\/wp\/v2\/product\/729502","targetHints":{"allow":["GET"]}}],"collection":[{"href":"https:\/\/roveyayinevi.com.tr\/index.php\/wp-json\/wp\/v2\/product"}],"about":[{"href":"https:\/\/roveyayinevi.com.tr\/index.php\/wp-json\/wp\/v2\/types\/product"}],"wp:attachment":[{"href":"https:\/\/roveyayinevi.com.tr\/index.php\/wp-json\/wp\/v2\/media?parent=729502"}],"wp:term":[{"taxonomy":"product_brand","embeddable":true,"href":"https:\/\/roveyayinevi.com.tr\/index.php\/wp-json\/wp\/v2\/product_brand?post=729502"},{"taxonomy":"product_cat","embeddable":true,"href":"https:\/\/roveyayinevi.com.tr\/index.php\/wp-json\/wp\/v2\/product_cat?post=729502"},{"taxonomy":"product_tag","embeddable":true,"href":"https:\/\/roveyayinevi.com.tr\/index.php\/wp-json\/wp\/v2\/product_tag?post=729502"}],"curies":[{"name":"wp","href":"https:\/\/api.w.org\/{rel}","templated":true}]}}