{"id":729500,"date":"2025-08-27T20:57:00","date_gmt":"2025-08-27T17:57:00","guid":{"rendered":"https:\/\/roveyayinevi.com.tr\/index.php\/urun\/aile-isletmelerinde-yonetim-ve-insan-kaynaklari\/"},"modified":"2026-04-16T02:37:11","modified_gmt":"2026-04-15T23:37:11","slug":"aile-isletmelerinde-yonetim-ve-insan-kaynaklari","status":"publish","type":"product","link":"https:\/\/roveyayinevi.com.tr\/index.php\/urun\/aile-isletmelerinde-yonetim-ve-insan-kaynaklari\/","title":{"rendered":"Aile \u0130\u015fletmelerinde Y\u00f6netim ve \u0130nsan Kaynaklar\u0131"},"content":{"rendered":"<p>Toplam 20 b\u00f6l\u00fcmden olu\u015fan Aile \u0130\u015fletmelerinde Y\u00f6netim ve \u0130nsan Kaynaklar\u0131 kitab\u0131m\u0131z\u0131n 3 ana k\u0131s\u0131m\u0131 bulunmaktad\u0131r. 1-  Birinci K\u0131s\u0131m : Aile \u0130\u015fletmelerinde Y\u00f6netim ve \u00d6rg\u00fct K\u00fclt\u00fcr\u00fc \u2013 Toplam 9 alt b\u00f6l\u00fcmden olu\u015fmaktad\u0131r. 2- \u0130kinci K\u0131s\u0131m : Aile \u0130\u015fletmelerinde Y\u00f6netim Sorunlar\u0131 \u2013 Toplam 5 alt b\u00f6l\u00fcmden olu\u015fmaktad\u0131r. 3- \u00dc\u00e7\u00fcnc\u00fc K\u0131s\u0131m : Aile \u0130\u015fletmelerinde \u0130nsan Kaynaklar\u0131 Uygulamalar\u0131 \u2013 Toplam 6 alt b\u00f6l\u00fcmden olu\u015fmaktad\u0131r. <\/p>\n","protected":false},"excerpt":{"rendered":"<p>Toplam 20 b\u00f6l\u00fcmden olu\u015fan Aile \u0130\u015fletmelerinde Y\u00f6netim ve \u0130nsan Kaynaklar\u0131 kitab\u0131m\u0131z\u0131n 3 ana k\u0131s\u0131m\u0131 bulunmaktad\u0131r. 1- Birinci K\u0131s\u0131m : Aile \u0130\u015fletmelerinde Y\u00f6netim ve \u00d6rg\u00fct K\u00fclt\u00fcr\u00fc \u2013<span class=\"excerpt-hellip\"> [\u2026]<\/span><\/p>\n","protected":false},"featured_media":0,"template":"","meta":{"_monsterinsights_skip_tracking":false,"_monsterinsights_sitenote_active":false,"_monsterinsights_sitenote_note":"","_monsterinsights_sitenote_category":0},"product_brand":[],"product_cat":[13043,19008],"product_tag":[],"class_list":{"0":"post-729500","1":"product","2":"type-product","3":"status-publish","5":"product_cat-ekonomi","6":"product_cat-yonetim","7":"pa_cilt-ciltsiz","8":"pa_tur-kitap","9":"pa_yayinevi-gazi-kitabevi","10":"pa_yazar-gazi-kitabevi-kolektif","12":"first","13":"instock","14":"sale","15":"shipping-taxable","16":"purchasable","17":"product-type-simple"},"_links":{"self":[{"href":"https:\/\/roveyayinevi.com.tr\/index.php\/wp-json\/wp\/v2\/product\/729500","targetHints":{"allow":["GET"]}}],"collection":[{"href":"https:\/\/roveyayinevi.com.tr\/index.php\/wp-json\/wp\/v2\/product"}],"about":[{"href":"https:\/\/roveyayinevi.com.tr\/index.php\/wp-json\/wp\/v2\/types\/product"}],"wp:attachment":[{"href":"https:\/\/roveyayinevi.com.tr\/index.php\/wp-json\/wp\/v2\/media?parent=729500"}],"wp:term":[{"taxonomy":"product_brand","embeddable":true,"href":"https:\/\/roveyayinevi.com.tr\/index.php\/wp-json\/wp\/v2\/product_brand?post=729500"},{"taxonomy":"product_cat","embeddable":true,"href":"https:\/\/roveyayinevi.com.tr\/index.php\/wp-json\/wp\/v2\/product_cat?post=729500"},{"taxonomy":"product_tag","embeddable":true,"href":"https:\/\/roveyayinevi.com.tr\/index.php\/wp-json\/wp\/v2\/product_tag?post=729500"}],"curies":[{"name":"wp","href":"https:\/\/api.w.org\/{rel}","templated":true}]}}