{"id":729498,"date":"2025-08-27T20:56:58","date_gmt":"2025-08-27T17:56:58","guid":{"rendered":"https:\/\/roveyayinevi.com.tr\/index.php\/urun\/turkiyenin-yapisal-ozellikleri-ve-anayasal\/"},"modified":"2026-04-16T02:37:11","modified_gmt":"2026-04-15T23:37:11","slug":"turkiyenin-yapisal-ozellikleri-ve-anayasal","status":"publish","type":"product","link":"https:\/\/roveyayinevi.com.tr\/index.php\/urun\/turkiyenin-yapisal-ozellikleri-ve-anayasal\/","title":{"rendered":"T\u00fcrkiye&#8217;nin Yap\u0131sal \u00d6zellikleri ve Anayasal"},"content":{"rendered":"<p>Cumhuriyet Kitaplar\u0131, U\u011fur Mumcu&#8217;nun 1969 y\u0131l\u0131nda yazd\u0131\u011f\u0131 bir bilimsel makalesini g\u00f6zden ge\u00e7irilerek ilk kez kitap olarak yay\u0131mlamaktan dolay\u0131 \u00f6v\u00fcn\u00e7 duyuyor. Bu kitap, gen\u00e7 U\u011fur Mumcu\u2019nun birikiminin derinli\u011fini g\u00f6stermesi a\u00e7\u0131s\u0131ndan dikkat \u00e7ekicidir. T\u00fcrkiye\u2019nin demokrasi tarihindeki a\u015famalar\u0131 irdelemede sa\u011flam bir tutarl\u0131l\u0131k i\u00e7ermektedir. Mumcu\u2019nun ileriki y\u0131llarda boyutland\u0131rd\u0131\u011f\u0131 Cumhuriyet devrimi ve kazan\u0131mlar\u0131 ile sol \u00f6\u011fretiyi b\u00fct\u00fcnle\u015ftiren \u00e7izgisinin ilk \u00e7arp\u0131c\u0131 g\u00f6stergesi niteli\u011findedir. T\u00fcm d\u00fcnyay\u0131 \u00e7evreleyen \u201c68 ku\u015fa\u011f\u0131\u201d ile \u00f6zg\u00fcrl\u00fck\u00e7\u00fc 1961 Anayasas\u0131\u2019n\u0131n etkisi alt\u0131ndaki T\u00fcrkiye\u2019nin d\u00fc\u015f\u00fcnce ve tart\u0131\u015fma evrenini belgelemektedir. Kitapta ayr\u0131ca Mumcu, bir kurucu ve kurtar\u0131c\u0131 d\u00fc\u015f\u00fcnce ve uygulama y\u00f6ntemi olarak Kemalizm\u2019e bug\u00fcn de g\u00fcncelli\u011fini koruyan yorumlar getirmektedir. <\/p>\n","protected":false},"excerpt":{"rendered":"<p>Cumhuriyet Kitaplar\u0131, U\u011fur Mumcu&#8217;nun 1969 y\u0131l\u0131nda yazd\u0131\u011f\u0131 bir bilimsel makalesini g\u00f6zden ge\u00e7irilerek ilk kez kitap olarak yay\u0131mlamaktan dolay\u0131 \u00f6v\u00fcn\u00e7 duyuyor. Bu kitap, gen\u00e7 U\u011fur Mumcu\u2019nun birikiminin<span class=\"excerpt-hellip\"> [\u2026]<\/span><\/p>\n","protected":false},"featured_media":0,"template":"","meta":{"_monsterinsights_skip_tracking":false,"_monsterinsights_sitenote_active":false,"_monsterinsights_sitenote_note":"","_monsterinsights_sitenote_category":0},"product_brand":[],"product_cat":[13590,12337],"product_tag":[],"class_list":{"0":"post-729498","1":"product","2":"type-product","3":"status-publish","5":"product_cat-arastirma-inceleme-politika-siyaset","6":"product_cat-politika-siyaset","7":"pa_cilt-ciltsiz","8":"pa_tur-kitap","9":"pa_yayinevi-cumhuriyet-kitaplari","10":"pa_yazar-ugur-mumcu","12":"first","13":"instock","14":"sale","15":"shipping-taxable","16":"purchasable","17":"product-type-simple"},"_links":{"self":[{"href":"https:\/\/roveyayinevi.com.tr\/index.php\/wp-json\/wp\/v2\/product\/729498","targetHints":{"allow":["GET"]}}],"collection":[{"href":"https:\/\/roveyayinevi.com.tr\/index.php\/wp-json\/wp\/v2\/product"}],"about":[{"href":"https:\/\/roveyayinevi.com.tr\/index.php\/wp-json\/wp\/v2\/types\/product"}],"wp:attachment":[{"href":"https:\/\/roveyayinevi.com.tr\/index.php\/wp-json\/wp\/v2\/media?parent=729498"}],"wp:term":[{"taxonomy":"product_brand","embeddable":true,"href":"https:\/\/roveyayinevi.com.tr\/index.php\/wp-json\/wp\/v2\/product_brand?post=729498"},{"taxonomy":"product_cat","embeddable":true,"href":"https:\/\/roveyayinevi.com.tr\/index.php\/wp-json\/wp\/v2\/product_cat?post=729498"},{"taxonomy":"product_tag","embeddable":true,"href":"https:\/\/roveyayinevi.com.tr\/index.php\/wp-json\/wp\/v2\/product_tag?post=729498"}],"curies":[{"name":"wp","href":"https:\/\/api.w.org\/{rel}","templated":true}]}}