{"id":729495,"date":"2025-08-27T20:56:56","date_gmt":"2025-08-27T17:56:56","guid":{"rendered":"https:\/\/roveyayinevi.com.tr\/index.php\/urun\/siddetin-golgesinde-iliskilerin-karanlik-kuyulari\/"},"modified":"2026-04-16T02:37:11","modified_gmt":"2026-04-15T23:37:11","slug":"siddetin-golgesinde-iliskilerin-karanlik-kuyulari","status":"publish","type":"product","link":"https:\/\/roveyayinevi.com.tr\/index.php\/urun\/siddetin-golgesinde-iliskilerin-karanlik-kuyulari\/","title":{"rendered":"\u015eiddetin G\u00f6lgesinde \u0130li\u015fkilerin Karanl\u0131k Kuyular\u0131"},"content":{"rendered":"<p>\u015eiddet genellikle tokat atma, yumruklama, tekmeleme gibi fiziksel sald\u0131r\u0131larla \u00f6zde\u015fle\u015ftirilir. Oysa ili\u015fkilerde \u015fiddet, \u00e7ok daha geni\u015f kapsaml\u0131 bir kavramd\u0131r. Duygusal, fiziksel, cinsel, ekonomik, ideolojik veya manevi y\u00f6nden ac\u0131 \u00e7ektiren ya da zarar veren her t\u00fcr tutum ve davran\u0131\u015f, ili\u015fkide \u015fiddete i\u015faret eder. Bask\u0131 kurarak sindirmek, k\u00fc\u00e7\u00fck d\u00fc\u015f\u00fcr\u00fcc\u00fc isimler takmak, s\u00fcrekli ele\u015ftirmek, a\u015fa\u011f\u0131lamak, korkutmak, ac\u0131nd\u0131rarak duygusal \u015fantaj yapmak, umursamamak, k\u00fcsmek, paras\u0131z b\u0131rakmak, cinsel istismarda bulunmak, aldatmak, terk etmekle, \u00f6ld\u00fcrmekle tehdit etmek, su\u00e7a y\u00f6nlendirmek, d\u00f6vmek, yaralamak gibi bir\u00e7ok davran\u0131\u015f ili\u015fkide \u015fiddettir. \u015eiddet \u00e7o\u011fu ili\u015fkiye, nedensiz ele\u015ftiri, alay, a\u015fa\u011f\u0131lama, umursamazl\u0131k ve anlams\u0131z k\u0131skan\u00e7l\u0131klar bi\u00e7iminde sinsice s\u0131zar. Bazen ileri gidip y\u00fczde patlayan tokat, deriyi yar\u0131p ge\u00e7en b\u0131\u00e7ak veya kalbe saplanan kur\u015fun olur.Hangi bi\u00e7imde olursa olsun \u015fiddet, ili\u015fkiye ve sevgiye ihanettir.   \u015eiddet, ili\u015fkilerin karanl\u0131k kuyusudur!  Kanatlar\u0131n\u0131z k\u0131r\u0131ld\u0131ktan sonra i\u00e7ine at\u0131ld\u0131\u011f\u0131n\u0131z; korkular\u0131n\u0131zdan, al\u0131\u015fkanl\u0131klar\u0131n\u0131zdan beslenen bir kuyu! <\/p>\n","protected":false},"excerpt":{"rendered":"<p>\u015eiddet genellikle tokat atma, yumruklama, tekmeleme gibi fiziksel sald\u0131r\u0131larla \u00f6zde\u015fle\u015ftirilir. Oysa ili\u015fkilerde \u015fiddet, \u00e7ok daha geni\u015f kapsaml\u0131 bir kavramd\u0131r. Duygusal, fiziksel, cinsel, ekonomik, ideolojik veya manevi<span class=\"excerpt-hellip\"> [\u2026]<\/span><\/p>\n","protected":false},"featured_media":0,"template":"","meta":{"_monsterinsights_skip_tracking":false,"_monsterinsights_sitenote_active":false,"_monsterinsights_sitenote_note":"","_monsterinsights_sitenote_category":0},"product_brand":[],"product_cat":[12358,12357],"product_tag":[],"class_list":{"0":"post-729495","1":"product","2":"type-product","3":"status-publish","5":"product_cat-genel-psikoloji","6":"product_cat-psikoloji","7":"pa_cilt-ciltsiz","8":"pa_tur-kitap","9":"pa_yayinevi-inkilap-kitabevi","10":"pa_yazar-safak-nakasima","12":"first","13":"instock","14":"sale","15":"shipping-taxable","16":"purchasable","17":"product-type-simple"},"_links":{"self":[{"href":"https:\/\/roveyayinevi.com.tr\/index.php\/wp-json\/wp\/v2\/product\/729495","targetHints":{"allow":["GET"]}}],"collection":[{"href":"https:\/\/roveyayinevi.com.tr\/index.php\/wp-json\/wp\/v2\/product"}],"about":[{"href":"https:\/\/roveyayinevi.com.tr\/index.php\/wp-json\/wp\/v2\/types\/product"}],"wp:attachment":[{"href":"https:\/\/roveyayinevi.com.tr\/index.php\/wp-json\/wp\/v2\/media?parent=729495"}],"wp:term":[{"taxonomy":"product_brand","embeddable":true,"href":"https:\/\/roveyayinevi.com.tr\/index.php\/wp-json\/wp\/v2\/product_brand?post=729495"},{"taxonomy":"product_cat","embeddable":true,"href":"https:\/\/roveyayinevi.com.tr\/index.php\/wp-json\/wp\/v2\/product_cat?post=729495"},{"taxonomy":"product_tag","embeddable":true,"href":"https:\/\/roveyayinevi.com.tr\/index.php\/wp-json\/wp\/v2\/product_tag?post=729495"}],"curies":[{"name":"wp","href":"https:\/\/api.w.org\/{rel}","templated":true}]}}