{"id":729494,"date":"2025-08-27T20:56:55","date_gmt":"2025-08-27T17:56:55","guid":{"rendered":"https:\/\/roveyayinevi.com.tr\/index.php\/urun\/gundonumu-harekati\/"},"modified":"2026-04-16T02:37:11","modified_gmt":"2026-04-15T23:37:11","slug":"gundonumu-harekati","status":"publish","type":"product","link":"https:\/\/roveyayinevi.com.tr\/index.php\/urun\/gundonumu-harekati\/","title":{"rendered":"G\u00fcnd\u00f6n\u00fcm\u00fc Harekat\u0131"},"content":{"rendered":"<p>Stalingrad bozgunu sonras\u0131nda umutlar\u0131n\u0131 i\u00e7inde n\u00fckleer bir bomban\u0131n da oldu\u011fu mucize silahlara ba\u011flayan Nazi Almanyas\u0131 i\u00e7in,  pen\u00e7elerinden ka\u00e7arak T\u00fcrkiye\u2019ye s\u0131\u011f\u0131nan parlak bilim insan\u0131 Paul Winkler u\u011fruna \u00e7ok \u015fey feda edilebilecek birisi haline gelmi\u015ftir. Zalimli\u011fi ile nam salm\u0131\u015f Gestapo\u2019nun pe\u015fine takt\u0131\u011f\u0131 SS\u2019lerden ka\u00e7arken hayat\u0131n\u0131 yeni bir kimlikle s\u00fcrd\u00fcren muhalif bilim insan\u0131 Winkler, can\u0131 pahas\u0131na bir m\u00fccadeleye giri\u015fecek; bir yanda Nazilerin elindeki k\u0131z karde\u015fi, di\u011fer yanda ka\u00e7mak zorunda kald\u0131\u011f\u0131 i\u00e7in ayr\u0131ld\u0131\u011f\u0131 Cemile aras\u0131nda bir se\u00e7im yapmak zorunda kalacakt\u0131r.  Mustafa Ali Yurdupak, d\u00fcnya tarihine II. D\u00fcnya Sava\u015f\u0131\u2019nda Do\u011fu Cephesi\u2019ndeki son Alman tank taarruzu olarak ge\u00e7en Kursk Muharebesi \u00f6ncesinde, 1943 y\u0131l\u0131n\u0131n o tekinsiz k\u0131\u015f\u0131nda, \u0130stanbul\u2019a gelen Gestapo ajan\u0131 Klaus Schramm ile i\u015finin ehli T\u00fcrk ajanlar\u0131 Amcabey ve Tar\u0131k Silahtar\u2019\u0131n aras\u0131nda ya\u015fanan k\u0131yas\u0131ya m\u00fccadeleyi anlat\u0131rken okurlar\u0131n\u0131 heyecanl\u0131 bir maceraya davet ediyor. Bu macerada k\u0131l\u0131k de\u011fi\u015ftirmeler gizli ittifaklar, hainlikler, i\u015fkence e\u015fli\u011finde sorgular, faili me\u00e7hul cinayetler ve t\u00fcrl\u00fc casusluk numaralar\u0131yla bezeli dolu dizgin bir hik\u00e2ye sizleri bekliyor. <\/p>\n","protected":false},"excerpt":{"rendered":"<p>Stalingrad bozgunu sonras\u0131nda umutlar\u0131n\u0131 i\u00e7inde n\u00fckleer bir bomban\u0131n da oldu\u011fu mucize silahlara ba\u011flayan Nazi Almanyas\u0131 i\u00e7in, pen\u00e7elerinden ka\u00e7arak T\u00fcrkiye\u2019ye s\u0131\u011f\u0131nan parlak bilim insan\u0131 Paul Winkler u\u011fruna<span class=\"excerpt-hellip\"> [\u2026]<\/span><\/p>\n","protected":false},"featured_media":0,"template":"","meta":{"_monsterinsights_skip_tracking":false,"_monsterinsights_sitenote_active":false,"_monsterinsights_sitenote_note":"","_monsterinsights_sitenote_category":0},"product_brand":[],"product_cat":[12291,12711],"product_tag":[],"class_list":{"0":"post-729494","1":"product","2":"type-product","3":"status-publish","5":"product_cat-edebiyat","6":"product_cat-roman-oyku","7":"pa_cilt-ciltsiz","8":"pa_tur-kitap","9":"pa_yayinevi-inkilap-kitabevi","10":"pa_yazar-mustafa-ali-yurdupak","12":"first","13":"instock","14":"sale","15":"shipping-taxable","16":"purchasable","17":"product-type-simple"},"_links":{"self":[{"href":"https:\/\/roveyayinevi.com.tr\/index.php\/wp-json\/wp\/v2\/product\/729494","targetHints":{"allow":["GET"]}}],"collection":[{"href":"https:\/\/roveyayinevi.com.tr\/index.php\/wp-json\/wp\/v2\/product"}],"about":[{"href":"https:\/\/roveyayinevi.com.tr\/index.php\/wp-json\/wp\/v2\/types\/product"}],"wp:attachment":[{"href":"https:\/\/roveyayinevi.com.tr\/index.php\/wp-json\/wp\/v2\/media?parent=729494"}],"wp:term":[{"taxonomy":"product_brand","embeddable":true,"href":"https:\/\/roveyayinevi.com.tr\/index.php\/wp-json\/wp\/v2\/product_brand?post=729494"},{"taxonomy":"product_cat","embeddable":true,"href":"https:\/\/roveyayinevi.com.tr\/index.php\/wp-json\/wp\/v2\/product_cat?post=729494"},{"taxonomy":"product_tag","embeddable":true,"href":"https:\/\/roveyayinevi.com.tr\/index.php\/wp-json\/wp\/v2\/product_tag?post=729494"}],"curies":[{"name":"wp","href":"https:\/\/api.w.org\/{rel}","templated":true}]}}