{"id":729492,"date":"2025-08-27T20:56:53","date_gmt":"2025-08-27T17:56:53","guid":{"rendered":"https:\/\/roveyayinevi.com.tr\/index.php\/urun\/gustav-klimt-ustalardan-cocuklar-icin-sanat-dersleri\/"},"modified":"2026-03-12T02:47:48","modified_gmt":"2026-03-11T23:47:48","slug":"gustav-klimt-ustalardan-cocuklar-icin-sanat-dersleri","status":"publish","type":"product","link":"https:\/\/roveyayinevi.com.tr\/index.php\/urun\/gustav-klimt-ustalardan-cocuklar-icin-sanat-dersleri\/","title":{"rendered":"Gustav Klimt Ustalardan \u00c7ocuklar \u0130\u00e7in Sanat Dersleri"},"content":{"rendered":"<p>Birbirinden farkl\u0131 \u00e7izim, boyama ve yap\u0131\u015ft\u0131rma etkinlikleri i\u00e7eren bu kitap ile sen de Gustav Klimt\u2019ten sanat dersleri alabilirsin. Kendi sanat eserini yaratabilece\u011fin dev poster ile birlikte 50 \u00c7\u0131kartma   Yirminci y\u00fczy\u0131l\u0131n en \u00fcnl\u00fc ressamlar\u0131ndan biri olan Gustav Klimt gibi resim yapmay\u0131 \u00f6\u011fren! Bu kitapta pek \u00e7ok e\u011flenceli aktivite bulacaks\u0131n, hayalini nas\u0131l resme d\u00f6n\u00fc\u015ft\u00fcrebilece\u011fini \u00f6\u011frenecek, ilham almak i\u00e7in m\u00fczik dinlemenin \u00f6nemini ke\u015ffedecek ve resim yapmak i\u00e7in birbirinden farkl\u0131 \u015fekiller kullanacaks\u0131n.   Sanat dersinin sonunda ise \u00f6\u011frendiklerini kullanarak kendi sanat eserini yaratacaks\u0131n! <\/p>\n","protected":false},"excerpt":{"rendered":"<p>Birbirinden farkl\u0131 \u00e7izim, boyama ve yap\u0131\u015ft\u0131rma etkinlikleri i\u00e7eren bu kitap ile sen de Gustav Klimt\u2019ten sanat dersleri alabilirsin. Kendi sanat eserini yaratabilece\u011fin dev poster ile birlikte<span class=\"excerpt-hellip\"> [\u2026]<\/span><\/p>\n","protected":false},"featured_media":0,"template":"","meta":{"_monsterinsights_skip_tracking":false,"_monsterinsights_sitenote_active":false,"_monsterinsights_sitenote_note":"","_monsterinsights_sitenote_category":0},"product_brand":[],"product_cat":[12274,12518],"product_tag":[],"class_list":{"0":"post-729492","1":"product","2":"type-product","3":"status-publish","5":"product_cat-cocuk-ve-genclik-kitaplari","6":"product_cat-okul-oncesi-kitaplar","7":"pa_cilt-ciltsiz","8":"pa_tur-kitap","9":"pa_yayinevi-hayalperest-yayinlari","10":"pa_yazar-rachel-williams","12":"first","13":"instock","14":"sale","15":"shipping-taxable","16":"purchasable","17":"product-type-simple"},"_links":{"self":[{"href":"https:\/\/roveyayinevi.com.tr\/index.php\/wp-json\/wp\/v2\/product\/729492","targetHints":{"allow":["GET"]}}],"collection":[{"href":"https:\/\/roveyayinevi.com.tr\/index.php\/wp-json\/wp\/v2\/product"}],"about":[{"href":"https:\/\/roveyayinevi.com.tr\/index.php\/wp-json\/wp\/v2\/types\/product"}],"wp:attachment":[{"href":"https:\/\/roveyayinevi.com.tr\/index.php\/wp-json\/wp\/v2\/media?parent=729492"}],"wp:term":[{"taxonomy":"product_brand","embeddable":true,"href":"https:\/\/roveyayinevi.com.tr\/index.php\/wp-json\/wp\/v2\/product_brand?post=729492"},{"taxonomy":"product_cat","embeddable":true,"href":"https:\/\/roveyayinevi.com.tr\/index.php\/wp-json\/wp\/v2\/product_cat?post=729492"},{"taxonomy":"product_tag","embeddable":true,"href":"https:\/\/roveyayinevi.com.tr\/index.php\/wp-json\/wp\/v2\/product_tag?post=729492"}],"curies":[{"name":"wp","href":"https:\/\/api.w.org\/{rel}","templated":true}]}}