{"id":729491,"date":"2025-08-27T20:56:52","date_gmt":"2025-08-27T17:56:52","guid":{"rendered":"https:\/\/roveyayinevi.com.tr\/index.php\/urun\/meleklerin-bilgeligitarot\/"},"modified":"2026-04-16T02:37:11","modified_gmt":"2026-04-15T23:37:11","slug":"meleklerin-bilgeligitarot","status":"publish","type":"product","link":"https:\/\/roveyayinevi.com.tr\/index.php\/urun\/meleklerin-bilgeligitarot\/","title":{"rendered":"Meleklerin Bilgeli\u011fiTarot"},"content":{"rendered":"<p>Zengin sembollerle dolu olan bu Tarot destesi, ba\u015fmeleklerin g\u00fcc\u00fcnden ve bilgeli\u011finden yararlanarak \u0130lahi Varl\u0131k\u2019la konu\u015fman\u0131za yard\u0131m etmek i\u00e7in tasarland\u0131. Bu kitapta geleneksel Tarot resimlerinin ve mesajlar\u0131n\u0131n, klasik karakterlerin de\u011fi\u015fik ve \u00e7a\u011fda\u015f betimlemelerini i\u00e7eren ve moralinizi y\u00fckselten yorumlar\u0131n\u0131 bulacaks\u0131n\u0131z. D\u00fcnya \u00e7ap\u0131nda takdir g\u00f6ren melek Tarot yorumcusu Radleigh Valentine, bir yandan okumalara derinlik kazand\u0131rmak i\u00e7in Tarot\u2019un uzun tarihinden yararlan\u0131rken bir yandan da kullan\u0131m a\u00e7\u0131s\u0131ndan kolayl\u0131k sa\u011flamas\u0131 ad\u0131na her bir kart\u0131n \u00fcst\u00fcnde ona mahsus \u00f6zellikleri belirtmi\u015ftir. Bu kartlar size g\u00f6klerden arad\u0131\u011f\u0131n\u0131z tavsiyeleri ve yan\u0131tlar\u0131 alman\u0131z\u0131n olumlu ve g\u00fc\u00e7l\u00fc bir y\u00f6ntemini sunuyor! <\/p>\n","protected":false},"excerpt":{"rendered":"<p>Zengin sembollerle dolu olan bu Tarot destesi, ba\u015fmeleklerin g\u00fcc\u00fcnden ve bilgeli\u011finden yararlanarak \u0130lahi Varl\u0131k\u2019la konu\u015fman\u0131za yard\u0131m etmek i\u00e7in tasarland\u0131. Bu kitapta geleneksel Tarot resimlerinin ve mesajlar\u0131n\u0131n,<span class=\"excerpt-hellip\"> [\u2026]<\/span><\/p>\n","protected":false},"featured_media":0,"template":"","meta":{"_monsterinsights_skip_tracking":false,"_monsterinsights_sitenote_active":false,"_monsterinsights_sitenote_note":"","_monsterinsights_sitenote_category":0},"product_brand":[],"product_cat":[18082,15563],"product_tag":[],"class_list":{"0":"post-729491","1":"product","2":"type-product","3":"status-publish","5":"product_cat-astroloji-fal-ruya","6":"product_cat-hobi","7":"pa_cilt-ciltsiz","8":"pa_tur-kitap","9":"pa_yayinevi-butik-yayinlari","10":"pa_yazar-butik-yayinlari-kolektif","12":"first","13":"instock","14":"sale","15":"shipping-taxable","16":"purchasable","17":"product-type-simple"},"_links":{"self":[{"href":"https:\/\/roveyayinevi.com.tr\/index.php\/wp-json\/wp\/v2\/product\/729491","targetHints":{"allow":["GET"]}}],"collection":[{"href":"https:\/\/roveyayinevi.com.tr\/index.php\/wp-json\/wp\/v2\/product"}],"about":[{"href":"https:\/\/roveyayinevi.com.tr\/index.php\/wp-json\/wp\/v2\/types\/product"}],"wp:attachment":[{"href":"https:\/\/roveyayinevi.com.tr\/index.php\/wp-json\/wp\/v2\/media?parent=729491"}],"wp:term":[{"taxonomy":"product_brand","embeddable":true,"href":"https:\/\/roveyayinevi.com.tr\/index.php\/wp-json\/wp\/v2\/product_brand?post=729491"},{"taxonomy":"product_cat","embeddable":true,"href":"https:\/\/roveyayinevi.com.tr\/index.php\/wp-json\/wp\/v2\/product_cat?post=729491"},{"taxonomy":"product_tag","embeddable":true,"href":"https:\/\/roveyayinevi.com.tr\/index.php\/wp-json\/wp\/v2\/product_tag?post=729491"}],"curies":[{"name":"wp","href":"https:\/\/api.w.org\/{rel}","templated":true}]}}