{"id":729490,"date":"2025-08-27T20:56:52","date_gmt":"2025-08-27T17:56:52","guid":{"rendered":"https:\/\/roveyayinevi.com.tr\/index.php\/urun\/human-design-rave-iching-kartlari\/"},"modified":"2026-04-16T02:37:11","modified_gmt":"2026-04-15T23:37:11","slug":"human-design-rave-iching-kartlari","status":"publish","type":"product","link":"https:\/\/roveyayinevi.com.tr\/index.php\/urun\/human-design-rave-iching-kartlari\/","title":{"rendered":"Human Design Rave I\u2019Ch\u0131ng Kartlar\u0131"},"content":{"rendered":"<p>Uluslararas\u0131 Human Design Okulu \u00d6\u011fretmeni Lynda Bunnell taraf\u0131ndan haz\u0131rlanan Rave I\u2019Ching Kart Destesi. Bu deste; g\u00fcnl\u00fck hayatlar\u0131m\u0131z\u0131 bir\u00e7ok farkl\u0131 \u015fekilde ayd\u0131nlatman\u0131n yan\u0131 s\u0131ra Rave I\u2019Ching Kap\u0131lar\u0131 ve \u00c7izgileri hakk\u0131nda daha fazla bilgi edinmek i\u00e7in de kullan\u0131l\u0131r. Bu Kart Destesi, sanat\u00e7\u0131 Kate McCavitt\u2019in orijinal sanat eserlerinin g\u00f6r\u00fcnt\u00fcleriyle resmedilmi\u015ftir. <\/p>\n","protected":false},"excerpt":{"rendered":"<p>Uluslararas\u0131 Human Design Okulu \u00d6\u011fretmeni Lynda Bunnell taraf\u0131ndan haz\u0131rlanan Rave I\u2019Ching Kart Destesi. Bu deste; g\u00fcnl\u00fck hayatlar\u0131m\u0131z\u0131 bir\u00e7ok farkl\u0131 \u015fekilde ayd\u0131nlatman\u0131n yan\u0131 s\u0131ra Rave I\u2019Ching Kap\u0131lar\u0131<span class=\"excerpt-hellip\"> [\u2026]<\/span><\/p>\n","protected":false},"featured_media":0,"template":"","meta":{"_monsterinsights_skip_tracking":false,"_monsterinsights_sitenote_active":false,"_monsterinsights_sitenote_note":"","_monsterinsights_sitenote_category":0},"product_brand":[],"product_cat":[19840,12364],"product_tag":[],"class_list":{"0":"post-729490","1":"product","2":"type-product","3":"status-publish","5":"product_cat-astroloji","6":"product_cat-genel-konular","7":"pa_cilt-ciltsiz","8":"pa_tur-kitap","9":"pa_yayinevi-butik-yayinlari","10":"pa_yazar-radleigh-valentine","12":"first","13":"instock","14":"sale","15":"shipping-taxable","16":"purchasable","17":"product-type-simple"},"_links":{"self":[{"href":"https:\/\/roveyayinevi.com.tr\/index.php\/wp-json\/wp\/v2\/product\/729490","targetHints":{"allow":["GET"]}}],"collection":[{"href":"https:\/\/roveyayinevi.com.tr\/index.php\/wp-json\/wp\/v2\/product"}],"about":[{"href":"https:\/\/roveyayinevi.com.tr\/index.php\/wp-json\/wp\/v2\/types\/product"}],"wp:attachment":[{"href":"https:\/\/roveyayinevi.com.tr\/index.php\/wp-json\/wp\/v2\/media?parent=729490"}],"wp:term":[{"taxonomy":"product_brand","embeddable":true,"href":"https:\/\/roveyayinevi.com.tr\/index.php\/wp-json\/wp\/v2\/product_brand?post=729490"},{"taxonomy":"product_cat","embeddable":true,"href":"https:\/\/roveyayinevi.com.tr\/index.php\/wp-json\/wp\/v2\/product_cat?post=729490"},{"taxonomy":"product_tag","embeddable":true,"href":"https:\/\/roveyayinevi.com.tr\/index.php\/wp-json\/wp\/v2\/product_tag?post=729490"}],"curies":[{"name":"wp","href":"https:\/\/api.w.org\/{rel}","templated":true}]}}