{"id":729489,"date":"2025-08-27T20:56:51","date_gmt":"2025-08-27T17:56:51","guid":{"rendered":"https:\/\/roveyayinevi.com.tr\/index.php\/urun\/akasik-tarot\/"},"modified":"2026-04-16T02:37:11","modified_gmt":"2026-04-15T23:37:11","slug":"akasik-tarot","status":"publish","type":"product","link":"https:\/\/roveyayinevi.com.tr\/index.php\/urun\/akasik-tarot\/","title":{"rendered":"Aka\u015fik Tarot"},"content":{"rendered":"<p>Aka\u015fik Tarot, gelece\u011fi tahmin etme, gizli i\u00e7g\u00f6r\u00fcleri ve yepyeni g\u00fc\u00e7leri ortaya \u00e7\u0131kartma konusunda \u015fa\u015f\u0131rt\u0131c\u0131 derecede do\u011fru bir ara\u00e7t\u0131r. 62 karttan olu\u015fan bu benzersiz deste, bilinmeyeni ke\u015ffetmenize yard\u0131m etmek i\u00e7in sizi B\u00fcy\u00fck Kay\u0131t Salonu\u2019na g\u00f6t\u00fcrebilir. \u00d6te yandan, eski ve yeni yetenekleri, beklenmedik zaferleri, yak\u0131nda ger\u00e7ekle\u015fecek bir bulu\u015fmay\u0131, hen\u00fcz kar\u015f\u0131la\u015f\u0131lmam\u0131\u015f m\u00fcttefikleri ve muazzam bir refaha ula\u015fman\u0131n yollar\u0131n\u0131 da g\u00f6sterebilir. Aka\u015fik Tarot, uzay\u0131 ve zaman\u0131 a\u015fan ve herkese a\u00e7\u0131k b\u00fcy\u00fck bilgelik ve g\u00fc\u00e7 alanlar\u0131 olan Aka\u015fik Kay\u0131tlar\u2019\u0131n s\u0131n\u0131rs\u0131z bilgisine ve engin enerjisine ula\u015fmak i\u00e7in tasarlanm\u0131\u015ft\u0131r. Her bir kart vas\u0131tas\u0131yla bir Aka\u015fik G\u00fc\u00e7\u2019le ba\u011flant\u0131 kurabilir ve kendinizi her zaman sizinle Aka\u015fik D\u00fcnya aras\u0131nda akan psi\u015fik ak\u0131mlara a\u00e7abilirsiniz. Bu kartlar ruh rehberlerinizle, g\u00f6klerdeki ustalarla, meleklerle ve sevdiklerinizin ruhlar\u0131yla ba\u011flant\u0131 kurman\u0131za yard\u0131m edecektir. Tek bir kart\u0131 \u00e7evirerek bu Aka\u015fik D\u00fcnya\u2019ya girebilirsiniz! <\/p>\n","protected":false},"excerpt":{"rendered":"<p>Aka\u015fik Tarot, gelece\u011fi tahmin etme, gizli i\u00e7g\u00f6r\u00fcleri ve yepyeni g\u00fc\u00e7leri ortaya \u00e7\u0131kartma konusunda \u015fa\u015f\u0131rt\u0131c\u0131 derecede do\u011fru bir ara\u00e7t\u0131r. 62 karttan olu\u015fan bu benzersiz deste, bilinmeyeni ke\u015ffetmenize<span class=\"excerpt-hellip\"> [\u2026]<\/span><\/p>\n","protected":false},"featured_media":0,"template":"","meta":{"_monsterinsights_skip_tracking":false,"_monsterinsights_sitenote_active":false,"_monsterinsights_sitenote_note":"","_monsterinsights_sitenote_category":0},"product_brand":[],"product_cat":[18082,15563],"product_tag":[],"class_list":{"0":"post-729489","1":"product","2":"type-product","3":"status-publish","5":"product_cat-astroloji-fal-ruya","6":"product_cat-hobi","7":"pa_cilt-ciltsiz","8":"pa_tur-kitap","9":"pa_yayinevi-butik-yayinlari","10":"pa_yazar-butik-yayinlari-kolektif","12":"first","13":"instock","14":"sale","15":"shipping-taxable","16":"purchasable","17":"product-type-simple"},"_links":{"self":[{"href":"https:\/\/roveyayinevi.com.tr\/index.php\/wp-json\/wp\/v2\/product\/729489","targetHints":{"allow":["GET"]}}],"collection":[{"href":"https:\/\/roveyayinevi.com.tr\/index.php\/wp-json\/wp\/v2\/product"}],"about":[{"href":"https:\/\/roveyayinevi.com.tr\/index.php\/wp-json\/wp\/v2\/types\/product"}],"wp:attachment":[{"href":"https:\/\/roveyayinevi.com.tr\/index.php\/wp-json\/wp\/v2\/media?parent=729489"}],"wp:term":[{"taxonomy":"product_brand","embeddable":true,"href":"https:\/\/roveyayinevi.com.tr\/index.php\/wp-json\/wp\/v2\/product_brand?post=729489"},{"taxonomy":"product_cat","embeddable":true,"href":"https:\/\/roveyayinevi.com.tr\/index.php\/wp-json\/wp\/v2\/product_cat?post=729489"},{"taxonomy":"product_tag","embeddable":true,"href":"https:\/\/roveyayinevi.com.tr\/index.php\/wp-json\/wp\/v2\/product_tag?post=729489"}],"curies":[{"name":"wp","href":"https:\/\/api.w.org\/{rel}","templated":true}]}}