{"id":729488,"date":"2025-08-27T20:56:50","date_gmt":"2025-08-27T17:56:50","guid":{"rendered":"https:\/\/roveyayinevi.com.tr\/index.php\/urun\/geceden-kacis\/"},"modified":"2026-04-16T02:37:11","modified_gmt":"2026-04-15T23:37:11","slug":"geceden-kacis","status":"publish","type":"product","link":"https:\/\/roveyayinevi.com.tr\/index.php\/urun\/geceden-kacis\/","title":{"rendered":"Geceden Ka\u00e7\u0131\u015f"},"content":{"rendered":"<p>Ba\u015far\u0131ya giden yol uykudan m\u0131 ge\u00e7iyor?Kitaplar\u0131 25 milyondan fazla satan ve 40 dile \u00e7evrilen \u0130rlandal\u0131 yazar Eoin Colfer&#8217;\u0131n yaz\u0131p \u00fcnl\u00fc \u00e7izer Katy Halford&#8217;un resimledi\u011fi Geceden Ka\u00e7\u0131\u015f, Tudem&#8217;in, okumaya isteksiz ve okuma g\u00fc\u00e7l\u00fc\u011f\u00fc \u00e7eken \u00e7ocuklar i\u00e7in \u00f6zel olarak haz\u0131rlad\u0131\u011f\u0131 \u201cSEN de OKU\u201d koleksiyonundaki yerini al\u0131yor!Bilim insanlar\u0131 her zaman, g\u00fcnlerin daha uzun olmas\u0131n\u0131 dilemi\u015ftir. Ama yery\u00fcz\u00fcnde bunu d\u00fc\u015fleyen biri daha var: gecenin karanl\u0131\u011f\u0131ndan kurtulmaya \u00e7al\u0131\u015fan dokuz ya\u015f\u0131ndaki Mercan&#8230;K\u00fc\u00e7\u00fck Mercan, \u201cb\u00fcy\u00fck\u201d yetenekleri olan bir mucittir. G\u00fcnlerini, laboratuvar ortam\u0131nda geli\u015ftirdi\u011fi Yedek \u0130p Tutucu, Klozet Kapa\u011f\u0131 Sens\u00f6r\u00fc ya da \u015eenlik Topu gibi hayat\u0131 kolayla\u015ft\u0131racak ilgin\u00e7 icatlar tasarlayarak ge\u00e7irir. Hatta yapt\u0131\u011f\u0131 bulu\u015flarla yak\u0131n \u00e7evresinin g\u00fcnl\u00fck ya\u015fam pratiklerini bile de\u011fi\u015ftirmeyi ba\u015far\u0131r. Kafas\u0131 yeni fikirlerle dolup ta\u015fan k\u00fc\u00e7\u00fck k\u0131z\u0131n t\u00fcm sorulara ve sorunlara kendince \u00e7\u00f6z\u00fcm \u00f6nerileri vard\u0131r; bir tanesi hari\u00e7: geceleri \u00e7al\u0131\u015fmas\u0131na engel olan Uyku Vakti Problemi! Bir g\u00fcn\u00fcn i\u00e7inde, kafas\u0131ndaki d\u00fc\u015f\u00fcnceleri hayata ge\u00e7irebilmeye yetecek kadar saat olmamas\u0131ndan yak\u0131n\u0131r durur. Ah, \u015fu uyku vakti de hep yanl\u0131\u015f zamana denk gelmiyor mudur? Ke\u015fke geceleri de \u00e7al\u0131\u015fabilse&#8230; Mercan, ne yap\u0131p edip kendisini yata\u011fa gitmekten kurtaracak fikri bulmaya kararl\u0131d\u0131r. \u00dcstelik bu, roket destekli u\u00e7u\u015f giysisiyle, saatte bin dokuz y\u00fcz kilometre h\u0131zla d\u00fcnyan\u0131n etraf\u0131nda say\u0131s\u0131z tur atmas\u0131n\u0131 gerektirecek olsa bile&#8230;\u0130rlanda h\u00fck\u00fcmeti taraf\u0131ndan \u00e7ocuk edebiyat\u0131 alan\u0131nda liyakat madalyas\u0131na de\u011fer g\u00f6r\u00fclen Eoin Colfer&#8217;\u0131n kaleme ald\u0131\u011f\u0131 Geceden Ka\u00e7\u0131\u015f, yapacaklar\u0131n\u0131 bir g\u00fcn\u00fcn saatlerine s\u0131\u011fd\u0131ramayan ak\u0131ll\u0131 m\u0131 ak\u0131ll\u0131 bir k\u0131z\u0131n, bilimin ve teknolojinin nimetlerinden faydalanarak, zamana kar\u015f\u0131 verdi\u011fi yar\u0131\u015f\u0131 konu ediniyor.Yapt\u0131\u011f\u0131 icatlarla etraf\u0131ndakilerin hayat\u0131n\u0131 iyile\u015ftiren, hatta G\u00f6klerin Krali\u00e7esi&#8217;ne d\u00f6n\u00fc\u015fmeyi bile ba\u015faran k\u00fc\u00e7\u00fck Mercan&#8217;\u0131n azim dolu \u00f6yk\u00fcs\u00fc; d\u00fcnya bilim tarihinin geli\u015fimine b\u00fcy\u00fck katk\u0131larda bulunan baz\u0131 \u00f6nemli kad\u0131nlar\u0131n \u00e7\u0131\u011f\u0131r a\u00e7an \u00e7al\u0131\u015fmalar\u0131ndan \u00f6rnekler veriyor, de\u011fi\u015fik ara\u015ft\u0131rmalara kap\u0131 aral\u0131yor.Sa\u011fl\u0131kl\u0131 bir bedene sahip olman\u0131n ve belki de en \u00f6nemlisi, daha iyi d\u00fc\u015f\u00fcnebilmenin iyi bir uykuya ba\u011fl\u0131 oldu\u011funu hat\u0131rlatan kitap, ortaya att\u0131\u011f\u0131 Z+U=DK denklemiyle bu tezini savunuyor.\u00c7ocuklar\u0131 yarat\u0131c\u0131 d\u00fc\u015f\u00fcnmeye ve yeni projeler \u00fcretmeye y\u00fcreklendiren Geceden Ka\u00e7\u0131\u015f, bu alanda at\u0131lacak her ad\u0131mda do\u011faya ve \u00e7evreye kar\u015f\u0131 duyarl\u0131 olman\u0131n gereklili\u011fine de\u011finmeyi de ihmal etmiyor<\/p>\n","protected":false},"excerpt":{"rendered":"<p>Ba\u015far\u0131ya giden yol uykudan m\u0131 ge\u00e7iyor?Kitaplar\u0131 25 milyondan fazla satan ve 40 dile \u00e7evrilen \u0130rlandal\u0131 yazar Eoin Colfer&#8217;\u0131n yaz\u0131p \u00fcnl\u00fc \u00e7izer Katy Halford&#8217;un resimledi\u011fi Geceden Ka\u00e7\u0131\u015f,<span class=\"excerpt-hellip\"> [\u2026]<\/span><\/p>\n","protected":false},"featured_media":0,"template":"","meta":{"_monsterinsights_skip_tracking":false,"_monsterinsights_sitenote_active":false,"_monsterinsights_sitenote_note":"","_monsterinsights_sitenote_category":0},"product_brand":[],"product_cat":[12275,12274],"product_tag":[],"class_list":{"0":"post-729488","1":"product","2":"type-product","3":"status-publish","5":"product_cat-6-12-yas-kitaplari","6":"product_cat-cocuk-ve-genclik-kitaplari","7":"pa_cilt-ciltsiz","8":"pa_tur-kitap","9":"pa_yayinevi-tudem-yayinlari","10":"pa_yazar-eoin-colfer","12":"first","13":"instock","14":"sale","15":"shipping-taxable","16":"purchasable","17":"product-type-simple"},"_links":{"self":[{"href":"https:\/\/roveyayinevi.com.tr\/index.php\/wp-json\/wp\/v2\/product\/729488","targetHints":{"allow":["GET"]}}],"collection":[{"href":"https:\/\/roveyayinevi.com.tr\/index.php\/wp-json\/wp\/v2\/product"}],"about":[{"href":"https:\/\/roveyayinevi.com.tr\/index.php\/wp-json\/wp\/v2\/types\/product"}],"wp:attachment":[{"href":"https:\/\/roveyayinevi.com.tr\/index.php\/wp-json\/wp\/v2\/media?parent=729488"}],"wp:term":[{"taxonomy":"product_brand","embeddable":true,"href":"https:\/\/roveyayinevi.com.tr\/index.php\/wp-json\/wp\/v2\/product_brand?post=729488"},{"taxonomy":"product_cat","embeddable":true,"href":"https:\/\/roveyayinevi.com.tr\/index.php\/wp-json\/wp\/v2\/product_cat?post=729488"},{"taxonomy":"product_tag","embeddable":true,"href":"https:\/\/roveyayinevi.com.tr\/index.php\/wp-json\/wp\/v2\/product_tag?post=729488"}],"curies":[{"name":"wp","href":"https:\/\/api.w.org\/{rel}","templated":true}]}}