{"id":729487,"date":"2025-08-27T20:56:49","date_gmt":"2025-08-27T17:56:49","guid":{"rendered":"https:\/\/roveyayinevi.com.tr\/index.php\/urun\/bronz-bahce\/"},"modified":"2026-04-16T02:37:11","modified_gmt":"2026-04-15T23:37:11","slug":"bronz-bahce","status":"publish","type":"product","link":"https:\/\/roveyayinevi.com.tr\/index.php\/urun\/bronz-bahce\/","title":{"rendered":"Bronz Bah\u00e7e"},"content":{"rendered":"<p>&#8220;Bug\u00fcn vadide korkun\u00e7 bir \u015fey oldu. Babam\u0131 \u00f6ld\u00fcrmek zorunda kald\u0131m.&#8221;I\u015f\u0131\u011f\u0131n g\u00f6lgelerle dans etti\u011fi Buenos Aires&#8217;te ge\u00e7en ola\u011fan\u00fcst\u00fc bir gerilim. Bir ortadan kaybolma, bir aray\u0131\u015f ve bir kahraman\u0131n do\u011fu\u015fu&#8230; Buenos Aires\u2019te s\u0131radan bir hayat s\u00fcren mimar Fabi\u00e1n Danubio\u2019nun hayat\u0131, d\u00f6rt ya\u015f\u0131ndaki k\u0131z\u0131 Moira\u2019n\u0131n ortadan kaybolmas\u0131 ve ard\u0131ndan kar\u0131s\u0131 Lila&#8217;n\u0131n intihar\u0131yla alt\u00fcst olur. Bak\u0131c\u0131s\u0131 ile bir arkada\u015f\u0131n\u0131n do\u011fum g\u00fcn\u00fc partisine gitmek \u00fczere evden \u00e7\u0131kan Moira bir daha geri d\u00f6nemez. Bu sars\u0131c\u0131 kaybolu\u015fla birlikte Fabi\u00e1n i\u00e7in y\u0131llarca s\u00fcrecek bir k\u00e2bus ba\u015flar. Polisin ve \u00f6zel dedektif Doberti\u2019nin dahil oldu\u011fu davada hi\u00e7 ilerleme kaydedilmemesi ve bir t\u00fcrl\u00fc ula\u015f\u0131lamayan ipu\u00e7lar\u0131 Fabi\u00e1n&#8217;\u0131 bu i\u015fin pe\u015fine d\u00fc\u015fmeye mecbur eder. Tam on y\u0131l sonra k\u0131z\u0131n\u0131 buldu\u011funda y\u0131llarca \u00fcst\u00fc \u00f6rt\u00fclm\u00fc\u015f pek \u00e7ok yalan a\u00e7\u0131\u011fa \u00e7\u0131kacak ve beklenmedik ger\u00e7eklerle y\u00fczle\u015fmek zorunda kalacakt\u0131r. <\/p>\n","protected":false},"excerpt":{"rendered":"<p>&#8220;Bug\u00fcn vadide korkun\u00e7 bir \u015fey oldu. Babam\u0131 \u00f6ld\u00fcrmek zorunda kald\u0131m.&#8221;I\u015f\u0131\u011f\u0131n g\u00f6lgelerle dans etti\u011fi Buenos Aires&#8217;te ge\u00e7en ola\u011fan\u00fcst\u00fc bir gerilim. Bir ortadan kaybolma, bir aray\u0131\u015f ve bir<span class=\"excerpt-hellip\"> [\u2026]<\/span><\/p>\n","protected":false},"featured_media":0,"template":"","meta":{"_monsterinsights_skip_tracking":false,"_monsterinsights_sitenote_active":false,"_monsterinsights_sitenote_note":"","_monsterinsights_sitenote_category":0},"product_brand":[],"product_cat":[12291,50487],"product_tag":[],"class_list":{"0":"post-729487","1":"product","2":"type-product","3":"status-publish","5":"product_cat-edebiyat","6":"product_cat-kurgu","7":"pa_cilt-ciltsiz","8":"pa_tur-kitap","9":"pa_yayinevi-epsilon-yayinlari","10":"pa_yazar-gustavo-malajovich","12":"first","13":"instock","14":"sale","15":"shipping-taxable","16":"purchasable","17":"product-type-simple"},"_links":{"self":[{"href":"https:\/\/roveyayinevi.com.tr\/index.php\/wp-json\/wp\/v2\/product\/729487","targetHints":{"allow":["GET"]}}],"collection":[{"href":"https:\/\/roveyayinevi.com.tr\/index.php\/wp-json\/wp\/v2\/product"}],"about":[{"href":"https:\/\/roveyayinevi.com.tr\/index.php\/wp-json\/wp\/v2\/types\/product"}],"wp:attachment":[{"href":"https:\/\/roveyayinevi.com.tr\/index.php\/wp-json\/wp\/v2\/media?parent=729487"}],"wp:term":[{"taxonomy":"product_brand","embeddable":true,"href":"https:\/\/roveyayinevi.com.tr\/index.php\/wp-json\/wp\/v2\/product_brand?post=729487"},{"taxonomy":"product_cat","embeddable":true,"href":"https:\/\/roveyayinevi.com.tr\/index.php\/wp-json\/wp\/v2\/product_cat?post=729487"},{"taxonomy":"product_tag","embeddable":true,"href":"https:\/\/roveyayinevi.com.tr\/index.php\/wp-json\/wp\/v2\/product_tag?post=729487"}],"curies":[{"name":"wp","href":"https:\/\/api.w.org\/{rel}","templated":true}]}}