{"id":729486,"date":"2025-08-27T20:56:48","date_gmt":"2025-08-27T17:56:48","guid":{"rendered":"https:\/\/roveyayinevi.com.tr\/index.php\/urun\/ne-yapmali-cocuklar-icin-ilkyardim\/"},"modified":"2026-04-16T02:37:11","modified_gmt":"2026-04-15T23:37:11","slug":"ne-yapmali-cocuklar-icin-ilkyardim","status":"publish","type":"product","link":"https:\/\/roveyayinevi.com.tr\/index.php\/urun\/ne-yapmali-cocuklar-icin-ilkyardim\/","title":{"rendered":"Ne Yapmal\u0131? &#8211; \u00c7ocuklar \u0130\u00e7in \u0130lkyard\u0131m"},"content":{"rendered":"<p>Hayat\u0131m\u0131z \u00e7ok de\u011ferlidir. G\u00fcnl\u00fck ya\u015fant\u0131m\u0131zda her an kar\u015f\u0131m\u0131za \u00e7\u0131kabilecek bir kaza veya ya\u015fam\u0131 tehlikeye d\u00fc\u015f\u00fcren bir durumda ilkyard\u0131m bilmek hayat kurtar\u0131r. Bu kitapta; evinizde ailenizle yemek yerken, okul bah\u00e7esinde ko\u015farken, denizde y\u00fczerken, ormanda gezerken veya bir ma\u011fazada al\u0131\u015fveri\u015f yaparken ba\u015f\u0131n\u0131za gelebilecek olas\u0131 sa\u011fl\u0131k sorunlar\u0131n\u0131 ve kazalar\u0131, bu durumda yap\u0131lmas\u0131 ve yap\u0131lmamas\u0131 gerekenleri okuyacaks\u0131n\u0131z.   Masalperest Yay\u0131nlar\u0131 taraf\u0131ndan yay\u0131mlanan kitap, T\u00fcrkiye\u2019nin d\u00f6rt bir yan\u0131ndaki kitabevlerinde ve t\u00fcm online sat\u0131\u015f kanallar\u0131nda sat\u0131\u015fa sunulmu\u015ftur.   Do\u00e7 Dr. Ahu Pakdemirli 14 Ocak 1978\u2019de \u0130zmir\u2019de do\u011fdu. 2002 y\u0131l\u0131nda Marmara \u00dcniversitesi \u0130ngilizce T\u0131p Fak\u00fcltesi\u2019nden mezun olarak \u201ct\u0131p doktoru\u201d unvan\u0131 ald\u0131ktan sonra 2009\u2019da \u201caile hekimli\u011fi\u201d belgesi ald\u0131. 2013 y\u0131l\u0131nda \u201cilkyard\u0131m e\u011fitmeni\u201d olduktan sonra Dokuz Eyl\u00fcl \u00dcniversitesi\u2019nde \u0130lk ve Acil Yard\u0131m Program\u0131\u2019nda \u00f6\u011fretim g\u00f6revlisi olarak g\u00f6reve ba\u015flad\u0131. Ayn\u0131 y\u0131llarda Kuzey K\u0131br\u0131s T\u00fcrk Cumhuriyeti\u2019nde de bu alanda dersler anlatt\u0131, paramedikler yeti\u015ftirdi. 2018 y\u0131l\u0131nda Fizyoloji doktoras\u0131n\u0131 tam puanla bitirdi ve 2020\u2019de \u201cdo\u00e7ent\u201d unvan\u0131 ald\u0131. Halen Sa\u011fl\u0131k Bilimleri \u00dcniversitesi G\u00fclhane T\u0131p Fak\u00fcltesi Fizyoloji anabilim dal\u0131nda \u00f6\u011fretim \u00fcyesi olarak g\u00f6rev yapmakta olup; t\u0131p, paramedik, eczac\u0131l\u0131k, diyetisyen, fizik tedavi, hem\u015firelik gibi farkl\u0131 sa\u011fl\u0131k alanlar\u0131ndaki \u00f6\u011frencilere fizyoloji dersi anlatmaktad\u0131r. Ayn\u0131 \u00fcniversitede ikinci doktora olarak \u201cT\u0131bbi KBRN\u201d doktoras\u0131 yapmaktad\u0131r. Fizyoloji, k\u00f6k h\u00fccre, ilk ve acil yard\u0131m, KBRN alanlar\u0131nda pek \u00e7ok bilimsel makale, bildiri ve kitap b\u00f6l\u00fcmleri bulunmaktad\u0131r. \u0130leri d\u00fczeyde \u0130ngilizce  ve Frans\u0131zca bilen Do\u00e7. Dr. Ahu Pakdemirli evli ve d\u00f6rt \u00e7ocuk annesidir. <\/p>\n","protected":false},"excerpt":{"rendered":"<p>Hayat\u0131m\u0131z \u00e7ok de\u011ferlidir. G\u00fcnl\u00fck ya\u015fant\u0131m\u0131zda her an kar\u015f\u0131m\u0131za \u00e7\u0131kabilecek bir kaza veya ya\u015fam\u0131 tehlikeye d\u00fc\u015f\u00fcren bir durumda ilkyard\u0131m bilmek hayat kurtar\u0131r. Bu kitapta; evinizde ailenizle yemek<span class=\"excerpt-hellip\"> [\u2026]<\/span><\/p>\n","protected":false},"featured_media":0,"template":"","meta":{"_monsterinsights_skip_tracking":false,"_monsterinsights_sitenote_active":false,"_monsterinsights_sitenote_note":"","_monsterinsights_sitenote_category":0},"product_brand":[],"product_cat":[12275,12274],"product_tag":[],"class_list":{"0":"post-729486","1":"product","2":"type-product","3":"status-publish","5":"product_cat-6-12-yas-kitaplari","6":"product_cat-cocuk-ve-genclik-kitaplari","7":"pa_cilt-ciltsiz","8":"pa_tur-kitap","9":"pa_yayinevi-masalperest","10":"pa_yazar-ahu-pakdemirli","12":"first","13":"instock","14":"sale","15":"shipping-taxable","16":"purchasable","17":"product-type-simple"},"_links":{"self":[{"href":"https:\/\/roveyayinevi.com.tr\/index.php\/wp-json\/wp\/v2\/product\/729486","targetHints":{"allow":["GET"]}}],"collection":[{"href":"https:\/\/roveyayinevi.com.tr\/index.php\/wp-json\/wp\/v2\/product"}],"about":[{"href":"https:\/\/roveyayinevi.com.tr\/index.php\/wp-json\/wp\/v2\/types\/product"}],"wp:attachment":[{"href":"https:\/\/roveyayinevi.com.tr\/index.php\/wp-json\/wp\/v2\/media?parent=729486"}],"wp:term":[{"taxonomy":"product_brand","embeddable":true,"href":"https:\/\/roveyayinevi.com.tr\/index.php\/wp-json\/wp\/v2\/product_brand?post=729486"},{"taxonomy":"product_cat","embeddable":true,"href":"https:\/\/roveyayinevi.com.tr\/index.php\/wp-json\/wp\/v2\/product_cat?post=729486"},{"taxonomy":"product_tag","embeddable":true,"href":"https:\/\/roveyayinevi.com.tr\/index.php\/wp-json\/wp\/v2\/product_tag?post=729486"}],"curies":[{"name":"wp","href":"https:\/\/api.w.org\/{rel}","templated":true}]}}