{"id":729485,"date":"2025-08-27T20:56:47","date_gmt":"2025-08-27T17:56:47","guid":{"rendered":"https:\/\/roveyayinevi.com.tr\/index.php\/urun\/ruh-ziynetleri\/"},"modified":"2026-04-16T02:37:11","modified_gmt":"2026-04-15T23:37:11","slug":"ruh-ziynetleri","status":"publish","type":"product","link":"https:\/\/roveyayinevi.com.tr\/index.php\/urun\/ruh-ziynetleri\/","title":{"rendered":"Ruh Ziynetleri"},"content":{"rendered":"<p>Gen\u00e7 Han\u0131mefendi! Her \u015fey \u00e7a\u011f\u0131n r\u00fczg\u00e2r\u0131yla h\u0131zla t\u00fcketilirken\u2026 Teknoloji bizi sanal bir d\u00fcnyaya do\u011fru kuvvetlice \u00e7ekerken\u2026 Bizi \u00f6z\u00fcm\u00fcze ba\u011flayan de\u011ferlerimiz bir halat\u0131n ipleri gibi incelirken&#8230; D\u00fc\u015f\u00fcrd\u00fc\u011f\u00fcn, unuttu\u011fun yahut vazge\u00e7ti\u011fin ziynetlerini yeniden ellerine b\u0131rak\u0131yorum. Bu ziynetler, ruhuna ait\u2026 Onlar, seni i\u00e7inde ta\u015f\u0131d\u0131\u011f\u0131n ama mahzun b\u0131rak\u0131lm\u0131\u015f erdemlerle bir daha bulu\u015fturacak. Ruh ziynetleri, bir \u015fi\u015feye konulup denize b\u0131rak\u0131lm\u0131\u015f mektuplar gibi sahibini ar\u0131yor. Yani seni&#8230;<\/p>\n","protected":false},"excerpt":{"rendered":"<p>Gen\u00e7 Han\u0131mefendi! Her \u015fey \u00e7a\u011f\u0131n r\u00fczg\u00e2r\u0131yla h\u0131zla t\u00fcketilirken\u2026 Teknoloji bizi sanal bir d\u00fcnyaya do\u011fru kuvvetlice \u00e7ekerken\u2026 Bizi \u00f6z\u00fcm\u00fcze ba\u011flayan de\u011ferlerimiz bir halat\u0131n ipleri gibi incelirken&#8230; D\u00fc\u015f\u00fcrd\u00fc\u011f\u00fcn,<span class=\"excerpt-hellip\"> [\u2026]<\/span><\/p>\n","protected":false},"featured_media":0,"template":"","meta":{"_monsterinsights_skip_tracking":false,"_monsterinsights_sitenote_active":false,"_monsterinsights_sitenote_note":"","_monsterinsights_sitenote_category":0},"product_brand":[],"product_cat":[12364,12376],"product_tag":[],"class_list":{"0":"post-729485","1":"product","2":"type-product","3":"status-publish","5":"product_cat-genel-konular","6":"product_cat-kisisel-gelisim","7":"pa_cilt-ciltsiz","8":"pa_tur-kitap","9":"pa_yayinevi-nesil-yayinlari","10":"pa_yazar-tugba-akbey-inan","12":"first","13":"instock","14":"sale","15":"shipping-taxable","16":"purchasable","17":"product-type-simple"},"_links":{"self":[{"href":"https:\/\/roveyayinevi.com.tr\/index.php\/wp-json\/wp\/v2\/product\/729485","targetHints":{"allow":["GET"]}}],"collection":[{"href":"https:\/\/roveyayinevi.com.tr\/index.php\/wp-json\/wp\/v2\/product"}],"about":[{"href":"https:\/\/roveyayinevi.com.tr\/index.php\/wp-json\/wp\/v2\/types\/product"}],"wp:attachment":[{"href":"https:\/\/roveyayinevi.com.tr\/index.php\/wp-json\/wp\/v2\/media?parent=729485"}],"wp:term":[{"taxonomy":"product_brand","embeddable":true,"href":"https:\/\/roveyayinevi.com.tr\/index.php\/wp-json\/wp\/v2\/product_brand?post=729485"},{"taxonomy":"product_cat","embeddable":true,"href":"https:\/\/roveyayinevi.com.tr\/index.php\/wp-json\/wp\/v2\/product_cat?post=729485"},{"taxonomy":"product_tag","embeddable":true,"href":"https:\/\/roveyayinevi.com.tr\/index.php\/wp-json\/wp\/v2\/product_tag?post=729485"}],"curies":[{"name":"wp","href":"https:\/\/api.w.org\/{rel}","templated":true}]}}