{"id":729482,"date":"2025-08-27T20:56:45","date_gmt":"2025-08-27T17:56:45","guid":{"rendered":"https:\/\/roveyayinevi.com.tr\/index.php\/urun\/yasam-kalitesi-ve-kentsel-kalite-uzerine-bir-calisma\/"},"modified":"2026-04-16T02:37:11","modified_gmt":"2026-04-15T23:37:11","slug":"yasam-kalitesi-ve-kentsel-kalite-uzerine-bir-calisma","status":"publish","type":"product","link":"https:\/\/roveyayinevi.com.tr\/index.php\/urun\/yasam-kalitesi-ve-kentsel-kalite-uzerine-bir-calisma\/","title":{"rendered":"Ya\u015fam Kalitesi ve Kentsel Kalite \u00dczerine Bir \u00c7al\u0131\u015fma"},"content":{"rendered":"<p>\u0130nsanlar yaln\u0131zca kendi mutluluklar\u0131 i\u00e7in m\u00fccadele eder, di\u011fer insanlar\u0131n ya\u015famlar\u0131n\u0131 \u00f6nemsiz g\u00f6r\u00fcrler. Kendilerinin mutlulu\u011fu onlar i\u00e7in yeterlidir. Bilmedikleri ger\u00e7ek ise \u015fudur; insanlar kendi \u00e7evrelerinden muhakkak etkilenirler. \u00c7evrelerindeki mutsuz insanlar, zaman i\u00e7erisinde onlar\u0131n da auralar\u0131nda \u00e7e\u015fitli olumsuzluklar olu\u015fturur. Bu durum mutsuz ve ard\u0131ndan ba\u015far\u0131s\u0131z insanlar\u0131n olu\u015fmas\u0131na sebebiyet verir. Ya\u015famlar\u0131n\u0131n her evresinde hayat kaliteleri d\u00fc\u015fer. Bunu \u00f6nlemek i\u00e7in ise ne yapabileceklerini ara\u015ft\u0131rmaya ba\u015flarlar. \u0130\u015fte bu kitab\u0131mda amac\u0131m, uluslararas\u0131 standartlarda, s\u00fcrd\u00fcr\u00fclebilir evreleri d\u00fczenlenmi\u015f bir \u015fekilde ortaya koymaya \u00e7al\u0131\u015fmakt\u0131r.\u201cD\u00fc\u015f\u00fcncelerimiz kaderimizdir.D\u00fc\u015f\u00fcncelerimizin kalitesi y\u00fckseldik\u00e7e ya\u015fam kalitemiz de y\u00fckselir.&#8221;<\/p>\n","protected":false},"excerpt":{"rendered":"<p>\u0130nsanlar yaln\u0131zca kendi mutluluklar\u0131 i\u00e7in m\u00fccadele eder, di\u011fer insanlar\u0131n ya\u015famlar\u0131n\u0131 \u00f6nemsiz g\u00f6r\u00fcrler. Kendilerinin mutlulu\u011fu onlar i\u00e7in yeterlidir. Bilmedikleri ger\u00e7ek ise \u015fudur; insanlar kendi \u00e7evrelerinden muhakkak etkilenirler.<span class=\"excerpt-hellip\"> [\u2026]<\/span><\/p>\n","protected":false},"featured_media":0,"template":"","meta":{"_monsterinsights_skip_tracking":false,"_monsterinsights_sitenote_active":false,"_monsterinsights_sitenote_note":"","_monsterinsights_sitenote_category":0},"product_brand":[],"product_cat":[13072,12291],"product_tag":[],"class_list":{"0":"post-729482","1":"product","2":"type-product","3":"status-publish","5":"product_cat-arastirma-inceleme-referans","6":"product_cat-edebiyat","7":"pa_cilt-ciltsiz","8":"pa_tur-kitap","9":"pa_yayinevi-karina-yayinevi","10":"pa_yazar-murat-can-kirmizi","12":"first","13":"instock","14":"sale","15":"shipping-taxable","16":"purchasable","17":"product-type-simple"},"_links":{"self":[{"href":"https:\/\/roveyayinevi.com.tr\/index.php\/wp-json\/wp\/v2\/product\/729482","targetHints":{"allow":["GET"]}}],"collection":[{"href":"https:\/\/roveyayinevi.com.tr\/index.php\/wp-json\/wp\/v2\/product"}],"about":[{"href":"https:\/\/roveyayinevi.com.tr\/index.php\/wp-json\/wp\/v2\/types\/product"}],"wp:attachment":[{"href":"https:\/\/roveyayinevi.com.tr\/index.php\/wp-json\/wp\/v2\/media?parent=729482"}],"wp:term":[{"taxonomy":"product_brand","embeddable":true,"href":"https:\/\/roveyayinevi.com.tr\/index.php\/wp-json\/wp\/v2\/product_brand?post=729482"},{"taxonomy":"product_cat","embeddable":true,"href":"https:\/\/roveyayinevi.com.tr\/index.php\/wp-json\/wp\/v2\/product_cat?post=729482"},{"taxonomy":"product_tag","embeddable":true,"href":"https:\/\/roveyayinevi.com.tr\/index.php\/wp-json\/wp\/v2\/product_tag?post=729482"}],"curies":[{"name":"wp","href":"https:\/\/api.w.org\/{rel}","templated":true}]}}