{"id":729481,"date":"2025-08-27T20:56:44","date_gmt":"2025-08-27T17:56:44","guid":{"rendered":"https:\/\/roveyayinevi.com.tr\/index.php\/urun\/fatihler-korsanlar-tuccarlar\/"},"modified":"2026-04-16T02:37:11","modified_gmt":"2026-04-15T23:37:11","slug":"fatihler-korsanlar-tuccarlar","status":"publish","type":"product","link":"https:\/\/roveyayinevi.com.tr\/index.php\/urun\/fatihler-korsanlar-tuccarlar\/","title":{"rendered":"Fatihler, Korsanlar, T\u00fcccarlar"},"content":{"rendered":"<p>16. y\u00fczy\u0131l\u0131n ortas\u0131ndan itibaren Amerikan s\u00f6m\u00fcrgelerinden, \u00f6zellikle Meksika ve Peru\u2019dan gelen b\u00fcy\u00fck bir g\u00fcm\u00fc\u015f dalgas\u0131 \u00f6nce \u0130spanya\u2019ya, sonra t\u00fcm Avrupa\u2019ya akmaya ba\u015flad\u0131.Avrupal\u0131lar\u0131n arzulad\u0131klar\u0131 Do\u011fu mallar\u0131n\u0131n kar\u015f\u0131l\u0131\u011f\u0131nda \u00f6denen bu de\u011ferli maden, Bat\u0131dan Do\u011fuya yolculu\u011funu aral\u0131ks\u0131z olarak s\u00fcrd\u00fcrd\u00fc. T\u00fcrkiye\u2019den \u0130ran\u2019a, Hindistan\u2019a, uzak \u00c7in\u2019e kadar devam eden bu ticaret sistemini i\u015fler k\u0131lan, kaba ve a\u011f\u0131r bir g\u00fcm\u00fc\u015f sikkeydi. <\/p>\n","protected":false},"excerpt":{"rendered":"<p>16. y\u00fczy\u0131l\u0131n ortas\u0131ndan itibaren Amerikan s\u00f6m\u00fcrgelerinden, \u00f6zellikle Meksika ve Peru\u2019dan gelen b\u00fcy\u00fck bir g\u00fcm\u00fc\u015f dalgas\u0131 \u00f6nce \u0130spanya\u2019ya, sonra t\u00fcm Avrupa\u2019ya akmaya ba\u015flad\u0131.Avrupal\u0131lar\u0131n arzulad\u0131klar\u0131 Do\u011fu mallar\u0131n\u0131n kar\u015f\u0131l\u0131\u011f\u0131nda<span class=\"excerpt-hellip\"> [\u2026]<\/span><\/p>\n","protected":false},"featured_media":0,"template":"","meta":{"_monsterinsights_skip_tracking":false,"_monsterinsights_sitenote_active":false,"_monsterinsights_sitenote_note":"","_monsterinsights_sitenote_category":0},"product_brand":[],"product_cat":[12370,12304],"product_tag":[],"class_list":{"0":"post-729481","1":"product","2":"type-product","3":"status-publish","5":"product_cat-arastirma-inceleme","6":"product_cat-tarih","7":"pa_cilt-ciltsiz","8":"pa_tur-kitap","9":"pa_yayinevi-alfa-yayinlari","10":"pa_yazar-carlo-m-cipolla","12":"first","13":"instock","14":"sale","15":"shipping-taxable","16":"purchasable","17":"product-type-simple"},"_links":{"self":[{"href":"https:\/\/roveyayinevi.com.tr\/index.php\/wp-json\/wp\/v2\/product\/729481","targetHints":{"allow":["GET"]}}],"collection":[{"href":"https:\/\/roveyayinevi.com.tr\/index.php\/wp-json\/wp\/v2\/product"}],"about":[{"href":"https:\/\/roveyayinevi.com.tr\/index.php\/wp-json\/wp\/v2\/types\/product"}],"wp:attachment":[{"href":"https:\/\/roveyayinevi.com.tr\/index.php\/wp-json\/wp\/v2\/media?parent=729481"}],"wp:term":[{"taxonomy":"product_brand","embeddable":true,"href":"https:\/\/roveyayinevi.com.tr\/index.php\/wp-json\/wp\/v2\/product_brand?post=729481"},{"taxonomy":"product_cat","embeddable":true,"href":"https:\/\/roveyayinevi.com.tr\/index.php\/wp-json\/wp\/v2\/product_cat?post=729481"},{"taxonomy":"product_tag","embeddable":true,"href":"https:\/\/roveyayinevi.com.tr\/index.php\/wp-json\/wp\/v2\/product_tag?post=729481"}],"curies":[{"name":"wp","href":"https:\/\/api.w.org\/{rel}","templated":true}]}}