{"id":729480,"date":"2025-08-27T20:56:43","date_gmt":"2025-08-27T17:56:43","guid":{"rendered":"https:\/\/roveyayinevi.com.tr\/index.php\/urun\/degisim-kolektifi-genclik-dizisi-3-beton-cocuklar\/"},"modified":"2026-04-16T02:37:11","modified_gmt":"2026-04-15T23:37:11","slug":"degisim-kolektifi-genclik-dizisi-3-beton-cocuklar","status":"publish","type":"product","link":"https:\/\/roveyayinevi.com.tr\/index.php\/urun\/degisim-kolektifi-genclik-dizisi-3-beton-cocuklar\/","title":{"rendered":"De\u011fi\u015fim Kolektifi Gen\u00e7lik Dizisi 3: Beton \u00c7ocuklar"},"content":{"rendered":"<p>\u201cDe\u011fi\u015fim Kolektifi gen\u00e7lik dizisi alan ihtiyac\u0131ndan do\u011fdu. D\u00fc\u015f\u00fcnme alan\u0131. Ba\u011f kurma alan\u0131. Kendin olma alan\u0131. \u0130\u015fte bu dizi de birlikte alan a\u00e7al\u0131m diye bize kat\u0131lman i\u00e7in bir davetiye.\u201d   Bu dizinin yazarlar\u0131 gen\u00e7 aktivistler ve sanat\u00e7\u0131lar. Dizinin \u00fc\u00e7\u00fcnc\u00fc kitab\u0131 Beton \u00c7ocuklar\u2019\u0131n yazar\u0131 Amyra Le\u00f3n da oyun yazar\u0131, m\u00fczisyen ve aktivist. Kitab\u0131 \u00e7ocuklu\u011funun ge\u00e7ti\u011fi Harlem\u2019a \u015fiirsel bir yolculuk; Siyah olmak, kaybetmek, sevmek, yas tutmak, m\u00fccadele etmek, iyile\u015fmek \u00fczerine serbest \u015fiir formunda bir ke\u015fif. Ko\u015fullar\u0131n \u00f6tesini hayal etmeye, s\u0131n\u0131rlar\u0131 zorlamaya davet ediyor okurlar\u0131n\u0131 \u2013 ve hayal edebilmenin ne b\u00fcy\u00fck ayr\u0131cal\u0131k oldu\u011funu hat\u0131rlat\u0131yor.\u201cG\u00f6z\u00fcm\u00fc kapat\u0131p bu kitab\u0131n sayfalar\u0131 aras\u0131nda kaybolmaya uzun y\u0131llar devam edece\u011fim.\u201d Hanif Abdurraqib, \u015fair, yazar \u201cAmyra\u2019n\u0131n t\u00fcm deh\u015feti ve g\u00f6rkemiyle ya\u015fama duydu\u011fu e\u015fsiz hayranl\u0131k ilham verici.\u201d Rosario Dawson, akt\u00f6r, \u015fark\u0131c\u0131, aktivist   \u201cBeton \u00e7ocuklar i\u00e7in ve onlar hakk\u0131nda yaz\u0131lm\u0131\u015f etkileyici, b\u00fcy\u00fcleyici bir a\u015fk mektubu. Tenini melanin \u00f6pm\u00fc\u015f \u00e7ocuklara.\u201d Kirkus Reviews <\/p>\n","protected":false},"excerpt":{"rendered":"<p>\u201cDe\u011fi\u015fim Kolektifi gen\u00e7lik dizisi alan ihtiyac\u0131ndan do\u011fdu. D\u00fc\u015f\u00fcnme alan\u0131. Ba\u011f kurma alan\u0131. Kendin olma alan\u0131. \u0130\u015fte bu dizi de birlikte alan a\u00e7al\u0131m diye bize kat\u0131lman i\u00e7in<span class=\"excerpt-hellip\"> [\u2026]<\/span><\/p>\n","protected":false},"featured_media":0,"template":"","meta":{"_monsterinsights_skip_tracking":false,"_monsterinsights_sitenote_active":false,"_monsterinsights_sitenote_note":"","_monsterinsights_sitenote_category":0},"product_brand":[],"product_cat":[12275,12274],"product_tag":[],"class_list":{"0":"post-729480","1":"product","2":"type-product","3":"status-publish","5":"product_cat-6-12-yas-kitaplari","6":"product_cat-cocuk-ve-genclik-kitaplari","7":"pa_cilt-ciltsiz","8":"pa_tur-kitap","9":"pa_yayinevi-kolektif-kitap","10":"pa_yazar-amyra-leon","12":"first","13":"instock","14":"sale","15":"shipping-taxable","16":"purchasable","17":"product-type-simple"},"_links":{"self":[{"href":"https:\/\/roveyayinevi.com.tr\/index.php\/wp-json\/wp\/v2\/product\/729480","targetHints":{"allow":["GET"]}}],"collection":[{"href":"https:\/\/roveyayinevi.com.tr\/index.php\/wp-json\/wp\/v2\/product"}],"about":[{"href":"https:\/\/roveyayinevi.com.tr\/index.php\/wp-json\/wp\/v2\/types\/product"}],"wp:attachment":[{"href":"https:\/\/roveyayinevi.com.tr\/index.php\/wp-json\/wp\/v2\/media?parent=729480"}],"wp:term":[{"taxonomy":"product_brand","embeddable":true,"href":"https:\/\/roveyayinevi.com.tr\/index.php\/wp-json\/wp\/v2\/product_brand?post=729480"},{"taxonomy":"product_cat","embeddable":true,"href":"https:\/\/roveyayinevi.com.tr\/index.php\/wp-json\/wp\/v2\/product_cat?post=729480"},{"taxonomy":"product_tag","embeddable":true,"href":"https:\/\/roveyayinevi.com.tr\/index.php\/wp-json\/wp\/v2\/product_tag?post=729480"}],"curies":[{"name":"wp","href":"https:\/\/api.w.org\/{rel}","templated":true}]}}