{"id":729479,"date":"2025-08-27T20:56:42","date_gmt":"2025-08-27T17:56:42","guid":{"rendered":"https:\/\/roveyayinevi.com.tr\/index.php\/urun\/degisim-kolektifi-genclik-dizisi-2-plastik-kriziyle-mucadele-etmek\/"},"modified":"2026-04-16T02:37:11","modified_gmt":"2026-04-15T23:37:11","slug":"degisim-kolektifi-genclik-dizisi-2-plastik-kriziyle-mucadele-etmek","status":"publish","type":"product","link":"https:\/\/roveyayinevi.com.tr\/index.php\/urun\/degisim-kolektifi-genclik-dizisi-2-plastik-kriziyle-mucadele-etmek\/","title":{"rendered":"De\u011fi\u015fim Kolektifi Gen\u00e7lik Dizisi 2: Plastik Kriziyle M\u00fccadele Etmek"},"content":{"rendered":"<p>\u201cDe\u011fi\u015fim Kolektifi gen\u00e7lik dizisi alan ihtiyac\u0131ndan do\u011fdu. D\u00fc\u015f\u00fcnme alan\u0131. Ba\u011f kurma alan\u0131. Kendin olma alan\u0131. \u0130\u015fte bu dizi de birlikte alan a\u00e7al\u0131m diye bize kat\u0131lman i\u00e7in bir davetiye.\u201d   Bu dizinin yazarlar\u0131 gen\u00e7 aktivistler ve sanat\u00e7\u0131lar. Dizinin ikinci kitab\u0131 Plastik Kriziyle M\u00fccadele Etmek\u2019in yazar\u0131 Hannah Testa okyanuslar\u0131m\u0131zdaki ya\u015fam\u0131, dolay\u0131s\u0131yla t\u00fcm gezegenimizi tehdit eden tek kullan\u0131ml\u0131k plastiklerin daha az t\u00fcketilmesi i\u00e7in bir\u00e7ok ba\u015far\u0131l\u0131 giri\u015fime imza att\u0131. Bu kitapta kendi \u00e7al\u0131\u015fmalar\u0131yla birlikte hem plastik kirlili\u011finin yaratt\u0131\u011f\u0131 krizin sebeplerini ve boyutunu anlat\u0131yor hem de bu krizle hep birlikte m\u00fccadele ederken her birimizin g\u00fcndelik hayat\u0131nda uygulayabilece\u011fi \u00e7\u00f6z\u00fcm \u00f6nerileri getiriyor.   \u201cPlastik Kriziyle M\u00fccadele Etmek kitab\u0131, tek kullan\u0131ml\u0131k plastikleri ortadan kald\u0131racak k\u00fcresel hareketin par\u00e7as\u0131 olma \u00e7a\u011fr\u0131s\u0131 yap\u0131yor.\u201d Booklist\u201cHannah Testa\u2019n\u0131n k\u0131sa ve \u00f6z, ilham verici hik\u00e2yesi gen\u00e7leri de\u011fi\u015fim i\u00e7in ses \u00e7\u0131karmaya te\u015fvik edecek.\u201d Kirkus Reviews<\/p>\n","protected":false},"excerpt":{"rendered":"<p>\u201cDe\u011fi\u015fim Kolektifi gen\u00e7lik dizisi alan ihtiyac\u0131ndan do\u011fdu. D\u00fc\u015f\u00fcnme alan\u0131. Ba\u011f kurma alan\u0131. Kendin olma alan\u0131. \u0130\u015fte bu dizi de birlikte alan a\u00e7al\u0131m diye bize kat\u0131lman i\u00e7in<span class=\"excerpt-hellip\"> [\u2026]<\/span><\/p>\n","protected":false},"featured_media":0,"template":"","meta":{"_monsterinsights_skip_tracking":false,"_monsterinsights_sitenote_active":false,"_monsterinsights_sitenote_note":"","_monsterinsights_sitenote_category":0},"product_brand":[],"product_cat":[12275,12274],"product_tag":[],"class_list":{"0":"post-729479","1":"product","2":"type-product","3":"status-publish","5":"product_cat-6-12-yas-kitaplari","6":"product_cat-cocuk-ve-genclik-kitaplari","7":"pa_cilt-ciltsiz","8":"pa_tur-kitap","9":"pa_yayinevi-kolektif-kitap","10":"pa_yazar-hannah-testa","12":"first","13":"instock","14":"sale","15":"shipping-taxable","16":"purchasable","17":"product-type-simple"},"_links":{"self":[{"href":"https:\/\/roveyayinevi.com.tr\/index.php\/wp-json\/wp\/v2\/product\/729479","targetHints":{"allow":["GET"]}}],"collection":[{"href":"https:\/\/roveyayinevi.com.tr\/index.php\/wp-json\/wp\/v2\/product"}],"about":[{"href":"https:\/\/roveyayinevi.com.tr\/index.php\/wp-json\/wp\/v2\/types\/product"}],"wp:attachment":[{"href":"https:\/\/roveyayinevi.com.tr\/index.php\/wp-json\/wp\/v2\/media?parent=729479"}],"wp:term":[{"taxonomy":"product_brand","embeddable":true,"href":"https:\/\/roveyayinevi.com.tr\/index.php\/wp-json\/wp\/v2\/product_brand?post=729479"},{"taxonomy":"product_cat","embeddable":true,"href":"https:\/\/roveyayinevi.com.tr\/index.php\/wp-json\/wp\/v2\/product_cat?post=729479"},{"taxonomy":"product_tag","embeddable":true,"href":"https:\/\/roveyayinevi.com.tr\/index.php\/wp-json\/wp\/v2\/product_tag?post=729479"}],"curies":[{"name":"wp","href":"https:\/\/api.w.org\/{rel}","templated":true}]}}