{"id":729478,"date":"2025-08-27T20:56:41","date_gmt":"2025-08-27T17:56:41","guid":{"rendered":"https:\/\/roveyayinevi.com.tr\/index.php\/urun\/degisim-kolektifi-genclik-dizisi-1-hayali-sinirlar\/"},"modified":"2026-04-16T02:37:11","modified_gmt":"2026-04-15T23:37:11","slug":"degisim-kolektifi-genclik-dizisi-1-hayali-sinirlar","status":"publish","type":"product","link":"https:\/\/roveyayinevi.com.tr\/index.php\/urun\/degisim-kolektifi-genclik-dizisi-1-hayali-sinirlar\/","title":{"rendered":"De\u011fi\u015fim Kolektifi Gen\u00e7lik Dizisi 1: Hayali S\u0131n\u0131rlar"},"content":{"rendered":"<p>\u201cDe\u011fi\u015fim Kolektifi gen\u00e7lik dizisi alan ihtiyac\u0131ndan do\u011fdu. D\u00fc\u015f\u00fcnme alan\u0131. Ba\u011f kurma alan\u0131. Kendin olma alan\u0131. \u0130\u015fte bu dizi de birlikte alan a\u00e7al\u0131m diye bize kat\u0131lman i\u00e7in bir davetiye.\u201d   Bu dizinin yazarlar\u0131 gen\u00e7 aktivistler ve sanat\u00e7\u0131lar. Dizinin birinci kitab\u0131 Hayali S\u0131n\u0131rlar\u2019\u0131n yazar\u0131 Xiuhtezcatl Martinez de Yerli bir iklim aktivisti ve hip-hop sanat\u00e7\u0131s\u0131. Y\u0131llard\u0131r iklim hareketleri i\u00e7erisinde aktif olarak yer al\u0131yor. Bu kitapta iklim krizinin g\u00f6z ard\u0131 edilemez bir mesele oldu\u011funu, bu meseleden hepimizin sorumlu oldu\u011funu anlat\u0131yor ve bizi de\u011fi\u015fim i\u00e7in ad\u0131m atmaya \u00e7a\u011f\u0131r\u0131yor.\u201cBu kitab\u0131 okumak pek zaman\u0131n\u0131z almayacak ama okuduktan sonra akl\u0131n\u0131zdan ve kalbinizden uzun s\u00fcre \u00e7\u0131kmayacak, belki de bu d\u00fcnyay\u0131 daha iyi s\u00fcrd\u00fcrebilmek i\u00e7in yap\u0131c\u0131, geli\u015fen bir hareketin par\u00e7as\u0131 olman\u0131za vesile olacak. Bill McKibben, \u00e7evre aktivisti, Do\u011fan\u0131n Sonu kitab\u0131n\u0131n yazar\u0131, gazeteci \u201c\u0130klim de\u011fi\u015fikli\u011fi hakk\u0131nda taptaze bir bak\u0131\u015f a\u00e7\u0131s\u0131yla yaz\u0131lm\u0131\u015f umut dolu bir kitap.\u201d  Kirkus Reviews<\/p>\n","protected":false},"excerpt":{"rendered":"<p>\u201cDe\u011fi\u015fim Kolektifi gen\u00e7lik dizisi alan ihtiyac\u0131ndan do\u011fdu. D\u00fc\u015f\u00fcnme alan\u0131. Ba\u011f kurma alan\u0131. Kendin olma alan\u0131. \u0130\u015fte bu dizi de birlikte alan a\u00e7al\u0131m diye bize kat\u0131lman i\u00e7in<span class=\"excerpt-hellip\"> [\u2026]<\/span><\/p>\n","protected":false},"featured_media":0,"template":"","meta":{"_monsterinsights_skip_tracking":false,"_monsterinsights_sitenote_active":false,"_monsterinsights_sitenote_note":"","_monsterinsights_sitenote_category":0},"product_brand":[],"product_cat":[12275,12274],"product_tag":[],"class_list":{"0":"post-729478","1":"product","2":"type-product","3":"status-publish","5":"product_cat-6-12-yas-kitaplari","6":"product_cat-cocuk-ve-genclik-kitaplari","7":"pa_cilt-ciltsiz","8":"pa_tur-kitap","9":"pa_yayinevi-kolektif-kitap","10":"pa_yazar-xiuhtezcatl-martinez","12":"first","13":"instock","14":"sale","15":"shipping-taxable","16":"purchasable","17":"product-type-simple"},"_links":{"self":[{"href":"https:\/\/roveyayinevi.com.tr\/index.php\/wp-json\/wp\/v2\/product\/729478","targetHints":{"allow":["GET"]}}],"collection":[{"href":"https:\/\/roveyayinevi.com.tr\/index.php\/wp-json\/wp\/v2\/product"}],"about":[{"href":"https:\/\/roveyayinevi.com.tr\/index.php\/wp-json\/wp\/v2\/types\/product"}],"wp:attachment":[{"href":"https:\/\/roveyayinevi.com.tr\/index.php\/wp-json\/wp\/v2\/media?parent=729478"}],"wp:term":[{"taxonomy":"product_brand","embeddable":true,"href":"https:\/\/roveyayinevi.com.tr\/index.php\/wp-json\/wp\/v2\/product_brand?post=729478"},{"taxonomy":"product_cat","embeddable":true,"href":"https:\/\/roveyayinevi.com.tr\/index.php\/wp-json\/wp\/v2\/product_cat?post=729478"},{"taxonomy":"product_tag","embeddable":true,"href":"https:\/\/roveyayinevi.com.tr\/index.php\/wp-json\/wp\/v2\/product_tag?post=729478"}],"curies":[{"name":"wp","href":"https:\/\/api.w.org\/{rel}","templated":true}]}}