{"id":729476,"date":"2025-08-27T20:56:39","date_gmt":"2025-08-27T17:56:39","guid":{"rendered":"https:\/\/roveyayinevi.com.tr\/index.php\/urun\/harf-ve-et\/"},"modified":"2026-04-16T02:37:11","modified_gmt":"2026-04-15T23:37:11","slug":"harf-ve-et","status":"publish","type":"product","link":"https:\/\/roveyayinevi.com.tr\/index.php\/urun\/harf-ve-et\/","title":{"rendered":"Harf ve Et"},"content":{"rendered":"<p>Bir kad\u0131n olabilir miydi? Kad\u0131n olmak yine bir \u015feydi. \u00d6ncelikle bir \u015fey olmas\u0131 gerekiyordu. Kad\u0131n olamayacak kadar yoktu. Hi\u00e7 olmaya \u00e7al\u0131\u015fan bir yokluktu onunki. Tek bir organ\u0131n yoklu\u011funu d\u00fc\u015f\u00fcnebilecek kadar vars\u0131l de\u011fildi.\u201d harf ve et an\u0131lar\u0131n sadakatinden \u015f\u00fcphe ettik\u00e7e, anlar\u0131n ger\u00e7ekli\u011fini ve anlam\u0131n\u0131 sorgulamaya ba\u015flayan, anlara da, onlar\u0131n pe\u015fine de e\u015flik eden, yarg\u0131lad\u0131\u011f\u0131 s\u00f6zc\u00fcklerden ka\u00e7\u0131namayarak dile mahpus, bunu ifade i\u00e7in de yine de dile mahk\u00fbm olan, f\u0131rlat\u0131ld\u0131\u011f\u0131 d\u00fcnyada yad\u0131rg\u0131 bir beden, bir ruh -ayn\u0131 zamanda nesne ve eylem- olarak d\u00fcnyaya g\u00f6zlerini a\u00e7\u0131yor. Ya\u015famak\u2019\u0131 d\u00fc\u015f\u00fcnen, d\u00fc\u015f\u00fcnmek\u2019i ya\u015fayan bir kendi kendine konu\u015fma, s\u00f6ylenme; bu s\u00f6yleni\u015fte kimi zaman nesneler-duyular-eylemler d\u00fcnyas\u0131nda denenen zihin, kimi zaman da zihnin kanallar\u0131nda denenen nesneler-duyular-eylemler d\u00fcnyas\u0131. Varl\u0131\u011f\u0131n zamanda ve uzamda olmakl\u0131\u011f\u0131n\u0131 vehimler, yar\u0131lmalar e\u015fli\u011finde bir ara\u015ft\u0131rma, belirli bir mesafeden hem de: \u00d6fkeli ama ba\u011f\u0131rgan de\u011fil, azarlay\u0131c\u0131 ama f\u0131s\u0131lt\u0131s\u0131 daha fazla\u2026 \u0130\u015fi \u00e7\u0131ld\u0131rma\u011fa vard\u0131rmayan bir sayr\u0131l\u0131k halinin dili, kendine \u00f6zg\u00fc bir dil. Belki de bir g\u00f6lgenin e\u015fi\u011finde persona da\u011f\u0131lmakta yahut s\u00f6nd\u00fcr\u00fclmekte. <\/p>\n","protected":false},"excerpt":{"rendered":"<p>Bir kad\u0131n olabilir miydi? Kad\u0131n olmak yine bir \u015feydi. \u00d6ncelikle bir \u015fey olmas\u0131 gerekiyordu. Kad\u0131n olamayacak kadar yoktu. Hi\u00e7 olmaya \u00e7al\u0131\u015fan bir yokluktu onunki. Tek bir<span class=\"excerpt-hellip\"> [\u2026]<\/span><\/p>\n","protected":false},"featured_media":0,"template":"","meta":{"_monsterinsights_skip_tracking":false,"_monsterinsights_sitenote_active":false,"_monsterinsights_sitenote_note":"","_monsterinsights_sitenote_category":0},"product_brand":[],"product_cat":[12777,12291],"product_tag":[],"class_list":{"0":"post-729476","1":"product","2":"type-product","3":"status-publish","5":"product_cat-deneme","6":"product_cat-edebiyat","7":"pa_cilt-ciltsiz","8":"pa_tur-kitap","9":"pa_yayinevi-luna-yayinlari","10":"pa_yazar-mustafa-kilicer","12":"first","13":"instock","14":"sale","15":"shipping-taxable","16":"purchasable","17":"product-type-simple"},"_links":{"self":[{"href":"https:\/\/roveyayinevi.com.tr\/index.php\/wp-json\/wp\/v2\/product\/729476","targetHints":{"allow":["GET"]}}],"collection":[{"href":"https:\/\/roveyayinevi.com.tr\/index.php\/wp-json\/wp\/v2\/product"}],"about":[{"href":"https:\/\/roveyayinevi.com.tr\/index.php\/wp-json\/wp\/v2\/types\/product"}],"wp:attachment":[{"href":"https:\/\/roveyayinevi.com.tr\/index.php\/wp-json\/wp\/v2\/media?parent=729476"}],"wp:term":[{"taxonomy":"product_brand","embeddable":true,"href":"https:\/\/roveyayinevi.com.tr\/index.php\/wp-json\/wp\/v2\/product_brand?post=729476"},{"taxonomy":"product_cat","embeddable":true,"href":"https:\/\/roveyayinevi.com.tr\/index.php\/wp-json\/wp\/v2\/product_cat?post=729476"},{"taxonomy":"product_tag","embeddable":true,"href":"https:\/\/roveyayinevi.com.tr\/index.php\/wp-json\/wp\/v2\/product_tag?post=729476"}],"curies":[{"name":"wp","href":"https:\/\/api.w.org\/{rel}","templated":true}]}}