{"id":729474,"date":"2025-08-27T20:56:37","date_gmt":"2025-08-27T17:56:37","guid":{"rendered":"https:\/\/roveyayinevi.com.tr\/index.php\/urun\/duskapan\/"},"modified":"2026-04-16T02:37:10","modified_gmt":"2026-04-15T23:37:10","slug":"duskapan","status":"publish","type":"product","link":"https:\/\/roveyayinevi.com.tr\/index.php\/urun\/duskapan\/","title":{"rendered":"D\u00fc\u015fkapan"},"content":{"rendered":"<p>\u201cBir b\u00fcy\u00fc var, eski ve ger\u00e7ek, G\u00f6lgeli zihinlerin bozmaya \u00e7al\u0131\u015ft\u0131\u011f\u0131&#8230;\u201d   Kadimkoru\u2019da ya\u015fayan on iki ya\u015f\u0131ndaki Moll Pecksniff, her gece k\u00e2buslar\u0131n\u0131 s\u00fcsleyen davullar, \u00e7\u0131ng\u0131raklar ve maskeli y\u00fczlerin etkisiyle, yine bir gece orman\u0131n derinliklerinde tek ba\u015f\u0131na uyan\u0131yor. Korkun\u00e7 b\u00fcy\u00fcs\u00fcyle r\u00fcyalar\u0131n\u0131 ele ge\u00e7iren D\u00fc\u015fkapan, \u015fimdi \u00e7ok daha \u00f6nemli bir \u015feyin pe\u015finde: Moll\u2019un hayat\u0131n\u0131n&#8230; K\u00e2hin Kemikleri\u2019nin kehanetine g\u00f6re, D\u00fc\u015fkapan\u2019\u0131n karanl\u0131k b\u00fcy\u00fcs\u00fcn\u00fc bir tek Moll ve yan\u0131ndan hi\u00e7 ayr\u0131lmayan yaban kedisi Gryff yenebilir. \u00d6\u011frendi\u011fi bu ger\u00e7ekle kendini bir anda tehlikenin tam ortas\u0131nda bulan Moll\u2019u, ge\u00e7mi\u015finin b\u00fcy\u00fck s\u0131rlar\u0131yla \u00f6r\u00fcl\u00fc, b\u00fcy\u00fcl\u00fc bir macera bekliyor. <\/p>\n","protected":false},"excerpt":{"rendered":"<p>\u201cBir b\u00fcy\u00fc var, eski ve ger\u00e7ek, G\u00f6lgeli zihinlerin bozmaya \u00e7al\u0131\u015ft\u0131\u011f\u0131&#8230;\u201d Kadimkoru\u2019da ya\u015fayan on iki ya\u015f\u0131ndaki Moll Pecksniff, her gece k\u00e2buslar\u0131n\u0131 s\u00fcsleyen davullar, \u00e7\u0131ng\u0131raklar ve maskeli y\u00fczlerin<span class=\"excerpt-hellip\"> [\u2026]<\/span><\/p>\n","protected":false},"featured_media":0,"template":"","meta":{"_monsterinsights_skip_tracking":false,"_monsterinsights_sitenote_active":false,"_monsterinsights_sitenote_note":"","_monsterinsights_sitenote_category":0},"product_brand":[],"product_cat":[12275,12274],"product_tag":[],"class_list":{"0":"post-729474","1":"product","2":"type-product","3":"status-publish","5":"product_cat-6-12-yas-kitaplari","6":"product_cat-cocuk-ve-genclik-kitaplari","7":"pa_cilt-ciltsiz","8":"pa_tur-kitap","9":"pa_yayinevi-ithaki-yayinlari","10":"pa_yazar-abi-elphinstone","12":"first","13":"instock","14":"sale","15":"shipping-taxable","16":"purchasable","17":"product-type-simple"},"_links":{"self":[{"href":"https:\/\/roveyayinevi.com.tr\/index.php\/wp-json\/wp\/v2\/product\/729474","targetHints":{"allow":["GET"]}}],"collection":[{"href":"https:\/\/roveyayinevi.com.tr\/index.php\/wp-json\/wp\/v2\/product"}],"about":[{"href":"https:\/\/roveyayinevi.com.tr\/index.php\/wp-json\/wp\/v2\/types\/product"}],"wp:attachment":[{"href":"https:\/\/roveyayinevi.com.tr\/index.php\/wp-json\/wp\/v2\/media?parent=729474"}],"wp:term":[{"taxonomy":"product_brand","embeddable":true,"href":"https:\/\/roveyayinevi.com.tr\/index.php\/wp-json\/wp\/v2\/product_brand?post=729474"},{"taxonomy":"product_cat","embeddable":true,"href":"https:\/\/roveyayinevi.com.tr\/index.php\/wp-json\/wp\/v2\/product_cat?post=729474"},{"taxonomy":"product_tag","embeddable":true,"href":"https:\/\/roveyayinevi.com.tr\/index.php\/wp-json\/wp\/v2\/product_tag?post=729474"}],"curies":[{"name":"wp","href":"https:\/\/api.w.org\/{rel}","templated":true}]}}