{"id":729473,"date":"2025-08-27T20:56:35","date_gmt":"2025-08-27T17:56:35","guid":{"rendered":"https:\/\/roveyayinevi.com.tr\/index.php\/urun\/erdem-yili\/"},"modified":"2026-04-16T02:37:10","modified_gmt":"2026-04-15T23:37:10","slug":"erdem-yili","status":"publish","type":"product","link":"https:\/\/roveyayinevi.com.tr\/index.php\/urun\/erdem-yili\/","title":{"rendered":"Erdem Y\u0131l\u0131"},"content":{"rendered":"<p>H\u0130\u00c7 K\u0130MSE ERDEM YILI HAKKINDA KONU\u015eMUYOR. YASAK.   Kad\u0131nlar\u0131n sihri oldu\u011fu \u00f6\u011fretildi bize. Erkekleri ba\u015ftan \u00e7\u0131karabilecek, di\u011fer kad\u0131nlar\u0131 k\u0131skan\u00e7l\u0131ktan delirtecek g\u00fcc\u00fcm\u00fcz oldu\u011fu. Kad\u0131nl\u0131\u011f\u0131n e\u015fi\u011findeyken tenimizin en g\u00fc\u00e7l\u00fc afrodizyak oldu\u011fu. Bu y\u00fczden on alt\u0131 ya\u015f\u0131m\u0131za geldi\u011fimizde bizi kasabadan s\u00fcr\u00fcyorlar. Tekrar ar\u0131n\u0131p evlili\u011fe haz\u0131r h\u00e2le gelene kadar yaban hayatta bir y\u0131l ge\u00e7irmemiz gerekiyor. Fakat her k\u0131z eve d\u00f6nmeyi ba\u015faram\u0131yor, tek par\u00e7a olarak de\u011fil.   On alt\u0131 ya\u015f\u0131ndaki Tierney James daha iyi bir d\u00fcnya d\u00fc\u015fl\u00fcyordu: Arkada\u015f\u0131 arkada\u015fa, kad\u0131n\u0131 kad\u0131na d\u00fc\u015f\u00fcrmedikleri bir d\u00fcnya. Kendi erdem y\u0131l\u0131 yakla\u015ft\u0131k\u00e7a, as\u0131l korkmalar\u0131 gerekenin i\u00e7lerindeki sihir olmad\u0131\u011f\u0131n\u0131 anlad\u0131. Hatta onlar\u0131 \u00f6ld\u00fcr\u00fcp par\u00e7alar\u0131n\u0131 karaborsada satmak i\u00e7in a\u011fa\u00e7lar\u0131n aras\u0131nda gizlenen ka\u00e7ak\u00e7\u0131lar da de\u011fildi ger\u00e7ek d\u00fc\u015fman. As\u0131l tehdit unsuru birbirleriydi, t\u00fcm erdem k\u0131zlar\u0131.   Keskin anlat\u0131s\u0131 ve \u00e7arp\u0131c\u0131 ger\u00e7ek\u00e7ili\u011fiyle Erdem Y\u0131l\u0131, kabullenilmi\u015f \u00e7aresizli\u011fin ve geleneklerin alt\u0131nda ezilen k\u0131zlarla kad\u0131nlar aras\u0131ndaki karma\u015f\u0131k ili\u015fkiye ve bu s\u00fcre\u00e7te almak zorunda olduklar\u0131 zor kararlara dair cesur bir distopya.   \u201cYa\u015fad\u0131\u011f\u0131m\u0131z \u00e7a\u011f\u0131 anlatan karanl\u0131k bir peri masal\u0131.\u201d \u2014KELLY LINK, Belaya Bula\u015f\u2019\u0131n yazar\u0131   \u201cErdem Y\u0131l\u0131, kendi sesini bulman\u0131n ve do\u011frular\u0131 korkmadan s\u00f6ylemenin ne kadar g\u00fc\u00e7l\u00fc oldu\u011funun bir kan\u0131t\u0131. Umut ve direni\u015fin bu hik\u00e2yesi, erk sahiplerinin tarih boyunca en \u00e7ok korktuklar\u0131 \u015feyi hat\u0131rlat\u0131yor \u2013 karanl\u0131kta parlayan ve di\u011ferlerini cesaretlendiren tek bir \u0131\u015f\u0131k, herkesin bir a\u011f\u0131zdan hayk\u0131rmas\u0131na \u00f6nc\u00fcl\u00fck eden tek bir f\u0131s\u0131lt\u0131.\u201d \u2014SAMIRA AHMED \u201cKorku \u00f6\u011feleri, y\u00fcrek burkan bir hayatta kalma hik\u00e2yesiyle i\u00e7 i\u00e7e ge\u00e7iyor. T\u00fcyler \u00fcrpertici, dokunakl\u0131, rahats\u0131z edici ve ne yaz\u0131k ki fazlas\u0131yla g\u00fcncel.\u201d \u2014Kirkus, starred review   \u201cDam\u0131zl\u0131k K\u0131z\u0131n \u00d6yk\u00fcs\u00fc\u2019n\u00fc seviyorsan\u0131z, bu kitap tam size g\u00f6re.\u201d \u2014Red Carpet Crash   \u201cKad\u0131nlar\u0131n g\u00fcc\u00fcn\u00fc yok sayan mizojinist bir d\u00fcnyan\u0131n bedeline dair gerilim dolu bir roman, hatta bir direni\u015f manifestosu.\u201d \u2014LIBBA BRAY   \u201cKad\u0131nlar aras\u0131ndaki g\u00fc\u00e7l\u00fc ba\u011fa, bu ba\u011flar\u0131 koparman\u0131n bedeline ve di\u015fil g\u00fcc\u00fc y\u0131kmak isteyen ataerkil arzuya kar\u015f\u0131 koymaya dair dikkate de\u011fer ve olduk\u00e7a g\u00fcncel bir hik\u00e2ye.\u201d \u2014SABAA TAHIR   \u201cErdem Y\u0131l\u0131, ci\u011ferleri patlayacak kadar ba\u011f\u0131rmas\u0131na ra\u011fmen sesini kimseye duyuramayan t\u00fcm kad\u0131nlar i\u00e7in. Oturup susmas\u0131 ve her \u015feye katlanmas\u0131 gerekti\u011fi s\u00f6ylenen hepimiz i\u00e7in. Tierney\u2019nin b\u00fcy\u00fcleyici hik\u00e2yesi, bazen sadece var olman\u0131n bile cesaret gerektirdi\u011fini hat\u0131rlat\u0131yor. Herkes bu kitab\u0131 okumal\u0131!\u201d \u2014JASMINE WARGA <\/p>\n","protected":false},"excerpt":{"rendered":"<p>H\u0130\u00c7 K\u0130MSE ERDEM YILI HAKKINDA KONU\u015eMUYOR. YASAK. Kad\u0131nlar\u0131n sihri oldu\u011fu \u00f6\u011fretildi bize. Erkekleri ba\u015ftan \u00e7\u0131karabilecek, di\u011fer kad\u0131nlar\u0131 k\u0131skan\u00e7l\u0131ktan delirtecek g\u00fcc\u00fcm\u00fcz oldu\u011fu. Kad\u0131nl\u0131\u011f\u0131n e\u015fi\u011findeyken tenimizin en g\u00fc\u00e7l\u00fc<span class=\"excerpt-hellip\"> [\u2026]<\/span><\/p>\n","protected":false},"featured_media":0,"template":"","meta":{"_monsterinsights_skip_tracking":false,"_monsterinsights_sitenote_active":false,"_monsterinsights_sitenote_note":"","_monsterinsights_sitenote_category":0},"product_brand":[],"product_cat":[12291,12711],"product_tag":[],"class_list":{"0":"post-729473","1":"product","2":"type-product","3":"status-publish","5":"product_cat-edebiyat","6":"product_cat-roman-oyku","7":"pa_cilt-ciltsiz","8":"pa_tur-kitap","9":"pa_yayinevi-yabanci-yayinevi","10":"pa_yazar-kim-liggett","12":"first","13":"instock","14":"sale","15":"shipping-taxable","16":"purchasable","17":"product-type-simple"},"_links":{"self":[{"href":"https:\/\/roveyayinevi.com.tr\/index.php\/wp-json\/wp\/v2\/product\/729473","targetHints":{"allow":["GET"]}}],"collection":[{"href":"https:\/\/roveyayinevi.com.tr\/index.php\/wp-json\/wp\/v2\/product"}],"about":[{"href":"https:\/\/roveyayinevi.com.tr\/index.php\/wp-json\/wp\/v2\/types\/product"}],"wp:attachment":[{"href":"https:\/\/roveyayinevi.com.tr\/index.php\/wp-json\/wp\/v2\/media?parent=729473"}],"wp:term":[{"taxonomy":"product_brand","embeddable":true,"href":"https:\/\/roveyayinevi.com.tr\/index.php\/wp-json\/wp\/v2\/product_brand?post=729473"},{"taxonomy":"product_cat","embeddable":true,"href":"https:\/\/roveyayinevi.com.tr\/index.php\/wp-json\/wp\/v2\/product_cat?post=729473"},{"taxonomy":"product_tag","embeddable":true,"href":"https:\/\/roveyayinevi.com.tr\/index.php\/wp-json\/wp\/v2\/product_tag?post=729473"}],"curies":[{"name":"wp","href":"https:\/\/api.w.org\/{rel}","templated":true}]}}