{"id":729472,"date":"2025-08-27T20:56:34","date_gmt":"2025-08-27T17:56:34","guid":{"rendered":"https:\/\/roveyayinevi.com.tr\/index.php\/urun\/hiclige-ucan-anka-kusu\/"},"modified":"2026-04-16T02:37:10","modified_gmt":"2026-04-15T23:37:10","slug":"hiclige-ucan-anka-kusu","status":"publish","type":"product","link":"https:\/\/roveyayinevi.com.tr\/index.php\/urun\/hiclige-ucan-anka-kusu\/","title":{"rendered":"Hi\u00e7li\u011fe U\u00e7an Anka Ku\u015fu"},"content":{"rendered":"<p>\u0130\u015fte tam da b\u00f6yle bir zamanda, esrarengiz bir adam ilgin\u00e7 bir \u015fekilde Poyraz\u2019\u0131n hayat\u0131na girer. Bir\u00e7ok defa yolculuklara \u00e7\u0131karlar ve bu yolculuklarda gizemli adam Poyraz\u2019a sevgi \u00fczerine \u00f6\u011f\u00fctler verir. Poyraz bir yandan a\u015fk\u0131n\u0131n \u00e7at\u0131\u015fmalar\u0131n\u0131 \u00e7\u00f6zmeye \u00e7al\u0131\u015f\u0131rken, bir yandan da bu gizemli adam\u0131n ona neden kar\u015f\u0131l\u0131ks\u0131z bir \u015fekilde iyilik yapt\u0131\u011f\u0131n\u0131 anlamaya \u00e7al\u0131\u015f\u0131r. Bakal\u0131m Poyraz a\u015fk\u0131n\u0131n sorunlar\u0131n\u0131 \u00e7\u00f6zebilecek mi? Gizemli adam\u0131n ona neden yard\u0131m etti\u011fini bulabilecek mi? Bu adam kimdir ve kim taraf\u0131ndan g\u00f6nderilmi\u015ftir? U\u00e7 Anka Ku\u015fu u\u00e7! Korkmaktan korkma! U\u00e7! Bittin dedin, bitmedin. \u00d6ld\u00fcm sand\u0131n \u00f6lmedin. Yine dene, yine yenil ama daha iyi yenil Anka Ku\u015fu Nehre b\u0131rak kendini, teslim ol! Kalbini b\u00fcy\u00fct, kalbinle tart ve sadece ondan iste! Vazge\u00e7me! Her \u015feyden vazge\u00e7, kendinden vazge\u00e7me. U\u00e7 Anka Ku\u015fu u\u00e7! Bildi\u011fini bilme, bilmedi\u011fini bil. Hi\u00e7bir \u015fey bilmesen de kendini bil! Hi\u00e7li\u011fe u\u00e7! <\/p>\n","protected":false},"excerpt":{"rendered":"<p>\u0130\u015fte tam da b\u00f6yle bir zamanda, esrarengiz bir adam ilgin\u00e7 bir \u015fekilde Poyraz\u2019\u0131n hayat\u0131na girer. Bir\u00e7ok defa yolculuklara \u00e7\u0131karlar ve bu yolculuklarda gizemli adam Poyraz\u2019a sevgi<span class=\"excerpt-hellip\"> [\u2026]<\/span><\/p>\n","protected":false},"featured_media":0,"template":"","meta":{"_monsterinsights_skip_tracking":false,"_monsterinsights_sitenote_active":false,"_monsterinsights_sitenote_note":"","_monsterinsights_sitenote_category":0},"product_brand":[],"product_cat":[12291,12711],"product_tag":[],"class_list":{"0":"post-729472","1":"product","2":"type-product","3":"status-publish","5":"product_cat-edebiyat","6":"product_cat-roman-oyku","7":"pa_cilt-ciltsiz","8":"pa_tur-kitap","9":"pa_yayinevi-muptela-yayinevi","10":"pa_yazar-hasan-enes-gunel","12":"first","13":"instock","14":"sale","15":"shipping-taxable","16":"purchasable","17":"product-type-simple"},"_links":{"self":[{"href":"https:\/\/roveyayinevi.com.tr\/index.php\/wp-json\/wp\/v2\/product\/729472","targetHints":{"allow":["GET"]}}],"collection":[{"href":"https:\/\/roveyayinevi.com.tr\/index.php\/wp-json\/wp\/v2\/product"}],"about":[{"href":"https:\/\/roveyayinevi.com.tr\/index.php\/wp-json\/wp\/v2\/types\/product"}],"wp:attachment":[{"href":"https:\/\/roveyayinevi.com.tr\/index.php\/wp-json\/wp\/v2\/media?parent=729472"}],"wp:term":[{"taxonomy":"product_brand","embeddable":true,"href":"https:\/\/roveyayinevi.com.tr\/index.php\/wp-json\/wp\/v2\/product_brand?post=729472"},{"taxonomy":"product_cat","embeddable":true,"href":"https:\/\/roveyayinevi.com.tr\/index.php\/wp-json\/wp\/v2\/product_cat?post=729472"},{"taxonomy":"product_tag","embeddable":true,"href":"https:\/\/roveyayinevi.com.tr\/index.php\/wp-json\/wp\/v2\/product_tag?post=729472"}],"curies":[{"name":"wp","href":"https:\/\/api.w.org\/{rel}","templated":true}]}}