{"id":729468,"date":"2025-08-27T20:56:30","date_gmt":"2025-08-27T17:56:30","guid":{"rendered":"https:\/\/roveyayinevi.com.tr\/index.php\/urun\/dinozor-gezegeni-3-dev-dinozorlarin-saldirisi\/"},"modified":"2026-04-16T02:37:10","modified_gmt":"2026-04-15T23:37:10","slug":"dinozor-gezegeni-3-dev-dinozorlarin-saldirisi","status":"publish","type":"product","link":"https:\/\/roveyayinevi.com.tr\/index.php\/urun\/dinozor-gezegeni-3-dev-dinozorlarin-saldirisi\/","title":{"rendered":"Dinozor Gezegeni 3 &#8211; Dev Dinozorlar\u0131n Sald\u0131r\u0131s\u0131"},"content":{"rendered":"<p>Gezegendeki tek kent olan Toryum&#8217;da dola\u015fan devasa bir Triceratops, s\u00fcpermarketi talan ediyor, yollardaki ara\u00e7lar\u0131 oyuncak gibi f\u0131rlat\u0131yordu. Toryum&#8217;un koruma kalkan\u0131 \u00e7al\u0131\u015fm\u0131yordu \u00e7\u00fcnk\u00fc bir bilgisayar korsan\u0131, sistemi sabote etmi\u015fti. Bilgisayar korsan\u0131n\u0131n bir iste\u011fi vard\u0131; insanlar\u0131n Dinozor Gezegeni&#8217;ni terk etmesi. Sarf, Defne ve Evren, sonunda bilgisayar korsan\u0131n\u0131n kim oldu\u011funa dair bir ipucu yakalamay\u0131 ba\u015fard\u0131lar. Ancak zaman giderek daral\u0131yordu&#8230; <\/p>\n","protected":false},"excerpt":{"rendered":"<p>Gezegendeki tek kent olan Toryum&#8217;da dola\u015fan devasa bir Triceratops, s\u00fcpermarketi talan ediyor, yollardaki ara\u00e7lar\u0131 oyuncak gibi f\u0131rlat\u0131yordu. Toryum&#8217;un koruma kalkan\u0131 \u00e7al\u0131\u015fm\u0131yordu \u00e7\u00fcnk\u00fc bir bilgisayar korsan\u0131, sistemi<span class=\"excerpt-hellip\"> [\u2026]<\/span><\/p>\n","protected":false},"featured_media":0,"template":"","meta":{"_monsterinsights_skip_tracking":false,"_monsterinsights_sitenote_active":false,"_monsterinsights_sitenote_note":"","_monsterinsights_sitenote_category":0},"product_brand":[],"product_cat":[12913,12274],"product_tag":[],"class_list":{"0":"post-729468","1":"product","2":"type-product","3":"status-publish","5":"product_cat-3-6-yas-kitaplari","6":"product_cat-cocuk-ve-genclik-kitaplari","7":"pa_cilt-ciltli","8":"pa_tur-kitap","9":"pa_yayinevi-beyaz-balina-yayinlari","10":"pa_yazar-fabian-lenk","12":"first","13":"instock","14":"sale","15":"shipping-taxable","16":"purchasable","17":"product-type-simple"},"_links":{"self":[{"href":"https:\/\/roveyayinevi.com.tr\/index.php\/wp-json\/wp\/v2\/product\/729468","targetHints":{"allow":["GET"]}}],"collection":[{"href":"https:\/\/roveyayinevi.com.tr\/index.php\/wp-json\/wp\/v2\/product"}],"about":[{"href":"https:\/\/roveyayinevi.com.tr\/index.php\/wp-json\/wp\/v2\/types\/product"}],"wp:attachment":[{"href":"https:\/\/roveyayinevi.com.tr\/index.php\/wp-json\/wp\/v2\/media?parent=729468"}],"wp:term":[{"taxonomy":"product_brand","embeddable":true,"href":"https:\/\/roveyayinevi.com.tr\/index.php\/wp-json\/wp\/v2\/product_brand?post=729468"},{"taxonomy":"product_cat","embeddable":true,"href":"https:\/\/roveyayinevi.com.tr\/index.php\/wp-json\/wp\/v2\/product_cat?post=729468"},{"taxonomy":"product_tag","embeddable":true,"href":"https:\/\/roveyayinevi.com.tr\/index.php\/wp-json\/wp\/v2\/product_tag?post=729468"}],"curies":[{"name":"wp","href":"https:\/\/api.w.org\/{rel}","templated":true}]}}