{"id":729467,"date":"2025-08-27T20:56:30","date_gmt":"2025-08-27T17:56:30","guid":{"rendered":"https:\/\/roveyayinevi.com.tr\/index.php\/urun\/dinozor-gezegeni-2-gurultucu-dinozorlar-ormani\/"},"modified":"2026-04-16T02:37:10","modified_gmt":"2026-04-15T23:37:10","slug":"dinozor-gezegeni-2-gurultucu-dinozorlar-ormani","status":"publish","type":"product","link":"https:\/\/roveyayinevi.com.tr\/index.php\/urun\/dinozor-gezegeni-2-gurultucu-dinozorlar-ormani\/","title":{"rendered":"Dinozor Gezegeni 2 &#8211; G\u00fcr\u00fclt\u00fcc\u00fc Dinozorlar Orman\u0131"},"content":{"rendered":"<p>Sarp, Defne ve Evren bu kadar \u015fansl\u0131 olduklar\u0131na inanam\u0131yorlard\u0131. G\u00f6k g\u00fcr\u00fclt\u00fcs\u00fc gibi ses \u00e7\u0131karan Brontozorlar\u0131n d\u00fcnyas\u0131nda, el de\u011fmemi\u015f ormanda yap\u0131lacak ilk inceleme gezisine onlar da kat\u0131lacakt\u0131. Bu orman\u0131n asl\u0131nda tehlikeler bar\u0131nd\u0131rd\u0131\u011f\u0131n\u0131 bilmeyen ara\u015ft\u0131rma ekibi yola koyuldu. Bir anda kar\u015f\u0131lar\u0131na, y\u0131rt\u0131c\u0131 dinozorlar \u00e7\u0131kt\u0131&#8230; <\/p>\n","protected":false},"excerpt":{"rendered":"<p>Sarp, Defne ve Evren bu kadar \u015fansl\u0131 olduklar\u0131na inanam\u0131yorlard\u0131. G\u00f6k g\u00fcr\u00fclt\u00fcs\u00fc gibi ses \u00e7\u0131karan Brontozorlar\u0131n d\u00fcnyas\u0131nda, el de\u011fmemi\u015f ormanda yap\u0131lacak ilk inceleme gezisine onlar da kat\u0131lacakt\u0131.<span class=\"excerpt-hellip\"> [\u2026]<\/span><\/p>\n","protected":false},"featured_media":0,"template":"","meta":{"_monsterinsights_skip_tracking":false,"_monsterinsights_sitenote_active":false,"_monsterinsights_sitenote_note":"","_monsterinsights_sitenote_category":0},"product_brand":[],"product_cat":[12913,12274],"product_tag":[],"class_list":{"0":"post-729467","1":"product","2":"type-product","3":"status-publish","5":"product_cat-3-6-yas-kitaplari","6":"product_cat-cocuk-ve-genclik-kitaplari","7":"pa_cilt-ciltli","8":"pa_tur-kitap","9":"pa_yayinevi-beyaz-balina-yayinlari","10":"pa_yazar-fabian-lenk","12":"first","13":"instock","14":"sale","15":"shipping-taxable","16":"purchasable","17":"product-type-simple"},"_links":{"self":[{"href":"https:\/\/roveyayinevi.com.tr\/index.php\/wp-json\/wp\/v2\/product\/729467","targetHints":{"allow":["GET"]}}],"collection":[{"href":"https:\/\/roveyayinevi.com.tr\/index.php\/wp-json\/wp\/v2\/product"}],"about":[{"href":"https:\/\/roveyayinevi.com.tr\/index.php\/wp-json\/wp\/v2\/types\/product"}],"wp:attachment":[{"href":"https:\/\/roveyayinevi.com.tr\/index.php\/wp-json\/wp\/v2\/media?parent=729467"}],"wp:term":[{"taxonomy":"product_brand","embeddable":true,"href":"https:\/\/roveyayinevi.com.tr\/index.php\/wp-json\/wp\/v2\/product_brand?post=729467"},{"taxonomy":"product_cat","embeddable":true,"href":"https:\/\/roveyayinevi.com.tr\/index.php\/wp-json\/wp\/v2\/product_cat?post=729467"},{"taxonomy":"product_tag","embeddable":true,"href":"https:\/\/roveyayinevi.com.tr\/index.php\/wp-json\/wp\/v2\/product_tag?post=729467"}],"curies":[{"name":"wp","href":"https:\/\/api.w.org\/{rel}","templated":true}]}}