{"id":729466,"date":"2025-08-27T20:56:29","date_gmt":"2025-08-27T17:56:29","guid":{"rendered":"https:\/\/roveyayinevi.com.tr\/index.php\/urun\/dinozor-gezegeni-1-t-rex-alarmi\/"},"modified":"2026-04-16T02:37:10","modified_gmt":"2026-04-15T23:37:10","slug":"dinozor-gezegeni-1-t-rex-alarmi","status":"publish","type":"product","link":"https:\/\/roveyayinevi.com.tr\/index.php\/urun\/dinozor-gezegeni-1-t-rex-alarmi\/","title":{"rendered":"Dinozor Gezegeni 1 &#8211; T-Rex Alarm\u0131"},"content":{"rendered":"<p>Dino-Park&#8217;ta t\u00fcyler \u00fcrperten bir k\u00fckreme yank\u0131land\u0131. Di\u015fi T-Rex&#8217;i bu kadar k\u0131zd\u0131ran \u015fey ne olabilirdi? Sarp, Evren ve Defne k\u0131sa s\u00fcre i\u00e7inde inan\u0131lmaz bir ke\u015fif yapt\u0131lar. T-Rex&#8217;in yumurtalar\u0131n\u0131n bulundu\u011fu yuva talan edilmi\u015fti. Dino-Park&#8217;\u0131n a\u00e7\u0131l\u0131\u015f\u0131na birka\u00e7 g\u00fcn kalm\u0131\u015fken olacak \u015fey miydi bu? \u0130leri teknoloji \u00fcr\u00fcn\u00fc g\u00fcvenlik sistemi nas\u0131l bozulmu\u015ftu? Bu i\u015fin arkas\u0131nda kim ve nas\u0131l bir plan vard\u0131? <\/p>\n","protected":false},"excerpt":{"rendered":"<p>Dino-Park&#8217;ta t\u00fcyler \u00fcrperten bir k\u00fckreme yank\u0131land\u0131. Di\u015fi T-Rex&#8217;i bu kadar k\u0131zd\u0131ran \u015fey ne olabilirdi? Sarp, Evren ve Defne k\u0131sa s\u00fcre i\u00e7inde inan\u0131lmaz bir ke\u015fif yapt\u0131lar. T-Rex&#8217;in<span class=\"excerpt-hellip\"> [\u2026]<\/span><\/p>\n","protected":false},"featured_media":0,"template":"","meta":{"_monsterinsights_skip_tracking":false,"_monsterinsights_sitenote_active":false,"_monsterinsights_sitenote_note":"","_monsterinsights_sitenote_category":0},"product_brand":[],"product_cat":[12913,12274],"product_tag":[],"class_list":{"0":"post-729466","1":"product","2":"type-product","3":"status-publish","5":"product_cat-3-6-yas-kitaplari","6":"product_cat-cocuk-ve-genclik-kitaplari","7":"pa_cilt-ciltli","8":"pa_tur-kitap","9":"pa_yayinevi-beyaz-balina-yayinlari","10":"pa_yazar-fabian-lenk","12":"first","13":"instock","14":"sale","15":"shipping-taxable","16":"purchasable","17":"product-type-simple"},"_links":{"self":[{"href":"https:\/\/roveyayinevi.com.tr\/index.php\/wp-json\/wp\/v2\/product\/729466","targetHints":{"allow":["GET"]}}],"collection":[{"href":"https:\/\/roveyayinevi.com.tr\/index.php\/wp-json\/wp\/v2\/product"}],"about":[{"href":"https:\/\/roveyayinevi.com.tr\/index.php\/wp-json\/wp\/v2\/types\/product"}],"wp:attachment":[{"href":"https:\/\/roveyayinevi.com.tr\/index.php\/wp-json\/wp\/v2\/media?parent=729466"}],"wp:term":[{"taxonomy":"product_brand","embeddable":true,"href":"https:\/\/roveyayinevi.com.tr\/index.php\/wp-json\/wp\/v2\/product_brand?post=729466"},{"taxonomy":"product_cat","embeddable":true,"href":"https:\/\/roveyayinevi.com.tr\/index.php\/wp-json\/wp\/v2\/product_cat?post=729466"},{"taxonomy":"product_tag","embeddable":true,"href":"https:\/\/roveyayinevi.com.tr\/index.php\/wp-json\/wp\/v2\/product_tag?post=729466"}],"curies":[{"name":"wp","href":"https:\/\/api.w.org\/{rel}","templated":true}]}}