{"id":729463,"date":"2025-08-27T20:56:26","date_gmt":"2025-08-27T17:56:26","guid":{"rendered":"https:\/\/roveyayinevi.com.tr\/index.php\/urun\/muzik-nedir\/"},"modified":"2026-04-16T02:37:10","modified_gmt":"2026-04-15T23:37:10","slug":"muzik-nedir","status":"publish","type":"product","link":"https:\/\/roveyayinevi.com.tr\/index.php\/urun\/muzik-nedir\/","title":{"rendered":"M\u00fczik Nedir?"},"content":{"rendered":"<p>M\u00fczik Nedir? \u201cDuygu ve d\u00fc\u015f\u00fcncelerin sesler yard\u0131m\u0131yla d\u0131\u015fa aktar\u0131lmas\u0131d\u0131r. Veya baz\u0131 hocalar \u015f\u00f6yle der ya; \u201cBelirli kurallar i\u00e7inde duygular\u0131n sesler yard\u0131m\u0131yla d\u0131\u015fa vurulmas\u0131 veya aktar\u0131lmas\u0131d\u0131r\u2026\u201d Tamam bunu hepimiz biliyoruz art\u0131k. Peki; \u201cM\u00fczik sanat\u0131 nas\u0131l ortaya \u00e7\u0131km\u0131\u015ft\u0131r? \/ Sesin fiziksel \u00f6zellikleri nelerdir? \/ Porte nedir? \/ Anahtar nedir? \/ Ka\u00e7 \u00e7e\u015fit anahtar vard\u0131r? \/ Titre\u015fim nedir ve nas\u0131l olu\u015fur? \/ Ton nedir? \/ Nota nedir? \/ Zaman nedir? \/ De\u011fi\u015ftirici i\u015faretler nelerdir? \/ Sus i\u015fareti nedir? \/ Bona nedir ya da kimdir? \/ Solfej nedir?\u201d gibi Temel M\u00fczik Bilgileri sorular\u0131n\u0131n cevaplar\u0131n\u0131 e\u011flenceli bir \u015fekilde \u00f6\u011frenebilece\u011finiz m\u00fczikalin kitap formudur M\u00fczik Nedir? Ayn\u0131 isimdeki m\u00fczikal bir ders saatti uzunlu\u011funda olmas\u0131 i\u00e7in tasarland\u0131\u011f\u0131ndan, karakterler kitaptaki kadar detayl\u0131 i\u015flenmemi\u015ftir. M\u00fczikaldeki karakterlerin detayl\u0131 ge\u00e7mi\u015flerini bu kitapta okuyabilir, m\u00fczikalin par\u00e7alar\u0131n\u0131 kitab\u0131n i\u00e7inde yer alan barkodlar\u0131 telefonunuza tarat\u0131p dinleyebilirsiniz. Ayr\u0131ca par\u00e7alar\u0131n s\u00f6zleri de kitab\u0131n i\u00e7inde yer almaktad\u0131r. Bu m\u00fczikal yolculuktan umar\u0131z siz de en az bizim kadar zevk al\u0131rs\u0131n\u0131z. \u0130yi okumalar ve iyi dinlemeler! M\u00fczik zek\u00e2 geli\u015fiminin yan\u0131 s\u0131ra; mutlu eder, dinginle\u015ftirir ve insanlar\u0131 birle\u015ftirir. Ho\u015f\u00e7a kal\u0131n, m\u00fczikle kal\u0131n!<\/p>\n","protected":false},"excerpt":{"rendered":"<p>M\u00fczik Nedir? \u201cDuygu ve d\u00fc\u015f\u00fcncelerin sesler yard\u0131m\u0131yla d\u0131\u015fa aktar\u0131lmas\u0131d\u0131r. Veya baz\u0131 hocalar \u015f\u00f6yle der ya; \u201cBelirli kurallar i\u00e7inde duygular\u0131n sesler yard\u0131m\u0131yla d\u0131\u015fa vurulmas\u0131 veya aktar\u0131lmas\u0131d\u0131r\u2026\u201d Tamam<span class=\"excerpt-hellip\"> [\u2026]<\/span><\/p>\n","protected":false},"featured_media":0,"template":"","meta":{"_monsterinsights_skip_tracking":false,"_monsterinsights_sitenote_active":false,"_monsterinsights_sitenote_note":"","_monsterinsights_sitenote_category":0},"product_brand":[],"product_cat":[14556,20810],"product_tag":[],"class_list":{"0":"post-729463","1":"product","2":"type-product","3":"status-publish","5":"product_cat-muzik","6":"product_cat-ogrenim-kitaplari","7":"pa_cilt-ciltsiz","8":"pa_tur-kitap","9":"pa_yayinevi-muzik-egitimi-yayinlari","10":"pa_yazar-deren-eladag","12":"first","13":"instock","14":"sale","15":"shipping-taxable","16":"purchasable","17":"product-type-simple"},"_links":{"self":[{"href":"https:\/\/roveyayinevi.com.tr\/index.php\/wp-json\/wp\/v2\/product\/729463","targetHints":{"allow":["GET"]}}],"collection":[{"href":"https:\/\/roveyayinevi.com.tr\/index.php\/wp-json\/wp\/v2\/product"}],"about":[{"href":"https:\/\/roveyayinevi.com.tr\/index.php\/wp-json\/wp\/v2\/types\/product"}],"wp:attachment":[{"href":"https:\/\/roveyayinevi.com.tr\/index.php\/wp-json\/wp\/v2\/media?parent=729463"}],"wp:term":[{"taxonomy":"product_brand","embeddable":true,"href":"https:\/\/roveyayinevi.com.tr\/index.php\/wp-json\/wp\/v2\/product_brand?post=729463"},{"taxonomy":"product_cat","embeddable":true,"href":"https:\/\/roveyayinevi.com.tr\/index.php\/wp-json\/wp\/v2\/product_cat?post=729463"},{"taxonomy":"product_tag","embeddable":true,"href":"https:\/\/roveyayinevi.com.tr\/index.php\/wp-json\/wp\/v2\/product_tag?post=729463"}],"curies":[{"name":"wp","href":"https:\/\/api.w.org\/{rel}","templated":true}]}}