{"id":729462,"date":"2025-08-27T20:56:25","date_gmt":"2025-08-27T17:56:25","guid":{"rendered":"https:\/\/roveyayinevi.com.tr\/index.php\/urun\/do-anahtarinda-solfej-calismalari\/"},"modified":"2026-04-16T02:37:10","modified_gmt":"2026-04-15T23:37:10","slug":"do-anahtarinda-solfej-calismalari","status":"publish","type":"product","link":"https:\/\/roveyayinevi.com.tr\/index.php\/urun\/do-anahtarinda-solfej-calismalari\/","title":{"rendered":"Do Anahtar\u0131nda Solfej \u00c7al\u0131\u015fmalar\u0131"},"content":{"rendered":"<p>Do Anahtar\u0131nda Solfej \u00c7al\u0131\u015fmalar\u0131 kitab\u0131, do anahtar\u0131n\u0131 \u00f6\u011frenmeye yeni ba\u015flayanlar ve do anahtar\u0131 okuma becerilerini geli\u015ftirmek isteyenler i\u00e7in \u00f6nemli bir kaynak niteli\u011findedir. Kitab\u0131n b\u00f6l\u00fcmleri sistematik ve basamakland\u0131rmal\u0131 bir yol izleyerek \u00f6\u011frenciye ritmik ve melodik okuma yapt\u0131rarak anahtar okuma becerisinde ak\u0131c\u0131l\u0131k kazand\u0131rmay\u0131ama\u00e7lamaktad\u0131r.  Anahtar okuma becerisindeki ak\u0131c\u0131l\u0131k, \u00f6\u011frencinin ilgili alandaki de\u015fifre becerisini, h\u0131z\u0131n\u0131 ve tekni\u011fini do\u011frudan etkilemektedir. \u00d6zellikle profesyonel m\u00fczik e\u011fitimi s\u00fcrecinin ba\u015flar\u0131nda farkl\u0131 anahtarlarda okuma becerisinin geli\u015ftirilmesi, farkl\u0131 zorluk ve nitelikteki eserlerle kar\u015f\u0131la\u015f\u0131lmas\u0131 durumunda okuma ve de\u015fifre becerisini artt\u0131racakt\u0131r.             Do anahtar\u0131 okuma becerilerini geli\u015ftirmek amac\u0131yla T\u00fcrkiye\u2019de bu alanda ilk defa yaz\u0131lm\u0131\u015f bu \u00e7al\u0131\u015fmay\u0131 t\u00fcm m\u00fczisyenlere \u00f6nemli bir kaynak ve rehber olarak  tavsiye ederim.<\/p>\n","protected":false},"excerpt":{"rendered":"<p>Do Anahtar\u0131nda Solfej \u00c7al\u0131\u015fmalar\u0131 kitab\u0131, do anahtar\u0131n\u0131 \u00f6\u011frenmeye yeni ba\u015flayanlar ve do anahtar\u0131 okuma becerilerini geli\u015ftirmek isteyenler i\u00e7in \u00f6nemli bir kaynak niteli\u011findedir. Kitab\u0131n b\u00f6l\u00fcmleri sistematik ve<span class=\"excerpt-hellip\"> [\u2026]<\/span><\/p>\n","protected":false},"featured_media":0,"template":"","meta":{"_monsterinsights_skip_tracking":false,"_monsterinsights_sitenote_active":false,"_monsterinsights_sitenote_note":"","_monsterinsights_sitenote_category":0},"product_brand":[],"product_cat":[14556,20810],"product_tag":[],"class_list":{"0":"post-729462","1":"product","2":"type-product","3":"status-publish","5":"product_cat-muzik","6":"product_cat-ogrenim-kitaplari","7":"pa_cilt-ciltsiz","8":"pa_tur-kitap","9":"pa_yayinevi-muzik-egitimi-yayinlari","10":"pa_yazar-kutup-ata-tuncer","12":"first","13":"instock","14":"sale","15":"shipping-taxable","16":"purchasable","17":"product-type-simple"},"_links":{"self":[{"href":"https:\/\/roveyayinevi.com.tr\/index.php\/wp-json\/wp\/v2\/product\/729462","targetHints":{"allow":["GET"]}}],"collection":[{"href":"https:\/\/roveyayinevi.com.tr\/index.php\/wp-json\/wp\/v2\/product"}],"about":[{"href":"https:\/\/roveyayinevi.com.tr\/index.php\/wp-json\/wp\/v2\/types\/product"}],"wp:attachment":[{"href":"https:\/\/roveyayinevi.com.tr\/index.php\/wp-json\/wp\/v2\/media?parent=729462"}],"wp:term":[{"taxonomy":"product_brand","embeddable":true,"href":"https:\/\/roveyayinevi.com.tr\/index.php\/wp-json\/wp\/v2\/product_brand?post=729462"},{"taxonomy":"product_cat","embeddable":true,"href":"https:\/\/roveyayinevi.com.tr\/index.php\/wp-json\/wp\/v2\/product_cat?post=729462"},{"taxonomy":"product_tag","embeddable":true,"href":"https:\/\/roveyayinevi.com.tr\/index.php\/wp-json\/wp\/v2\/product_tag?post=729462"}],"curies":[{"name":"wp","href":"https:\/\/api.w.org\/{rel}","templated":true}]}}