{"id":729457,"date":"2025-08-27T20:56:21","date_gmt":"2025-08-27T17:56:21","guid":{"rendered":"https:\/\/roveyayinevi.com.tr\/index.php\/urun\/bu-ne-dunya-kardesim-catlak\/"},"modified":"2026-04-08T02:46:11","modified_gmt":"2026-04-07T23:46:11","slug":"bu-ne-dunya-kardesim-catlak","status":"publish","type":"product","link":"https:\/\/roveyayinevi.com.tr\/index.php\/urun\/bu-ne-dunya-kardesim-catlak\/","title":{"rendered":"Bu Ne D\u00fcnya Karde\u015fim! &#8211; \u00c7atlak"},"content":{"rendered":"<p>Mahallenin yeni sakinlerinden sonra garip olaylar ya\u015fanmaya ba\u015flam\u0131\u015ft\u0131r. Sevdikleri ortadan kaybolurken \u00c7atlak ve arkada\u015flar\u0131n\u0131n h\u0131zl\u0131 hareket etmesi gerekmektedir. \u00c7ember h\u0131zla daral\u0131rken k\u0131rm\u0131z\u0131 g\u00f6zlerin gizemini \u00e7\u00f6z\u00fcp herkesi kurtarmal\u0131d\u0131rlar.S\u00fcper sorunlarla m\u00fccadele edebilmek i\u00e7in biraz s\u00fcper olmak gerekir. Bizim \u00c7atlak\u2019\u0131n ne kadar s\u00fcper g\u00fcc\u00fc var bilinmez ama s\u00fcper dostlar\u0131 ve s\u00fcper cesareti oldu\u011fu kesin.\u00c7atlak\u2019la ad\u0131 gibi bir macera seni bekliyor!<\/p>\n","protected":false},"excerpt":{"rendered":"<p>Mahallenin yeni sakinlerinden sonra garip olaylar ya\u015fanmaya ba\u015flam\u0131\u015ft\u0131r. Sevdikleri ortadan kaybolurken \u00c7atlak ve arkada\u015flar\u0131n\u0131n h\u0131zl\u0131 hareket etmesi gerekmektedir. \u00c7ember h\u0131zla daral\u0131rken k\u0131rm\u0131z\u0131 g\u00f6zlerin gizemini \u00e7\u00f6z\u00fcp herkesi<span class=\"excerpt-hellip\"> [\u2026]<\/span><\/p>\n","protected":false},"featured_media":0,"template":"","meta":{"_monsterinsights_skip_tracking":false,"_monsterinsights_sitenote_active":false,"_monsterinsights_sitenote_note":"","_monsterinsights_sitenote_category":0},"product_brand":[],"product_cat":[12274,12284],"product_tag":[],"class_list":{"0":"post-729457","1":"product","2":"type-product","3":"status-publish","5":"product_cat-cocuk-ve-genclik-kitaplari","6":"product_cat-hikayeler","7":"pa_cilt-ciltsiz","8":"pa_tur-kitap","9":"pa_yayinevi-acayip-kitaplar","10":"pa_yazar-sehri-madan","12":"first","13":"instock","14":"sale","15":"shipping-taxable","16":"purchasable","17":"product-type-simple"},"_links":{"self":[{"href":"https:\/\/roveyayinevi.com.tr\/index.php\/wp-json\/wp\/v2\/product\/729457","targetHints":{"allow":["GET"]}}],"collection":[{"href":"https:\/\/roveyayinevi.com.tr\/index.php\/wp-json\/wp\/v2\/product"}],"about":[{"href":"https:\/\/roveyayinevi.com.tr\/index.php\/wp-json\/wp\/v2\/types\/product"}],"wp:attachment":[{"href":"https:\/\/roveyayinevi.com.tr\/index.php\/wp-json\/wp\/v2\/media?parent=729457"}],"wp:term":[{"taxonomy":"product_brand","embeddable":true,"href":"https:\/\/roveyayinevi.com.tr\/index.php\/wp-json\/wp\/v2\/product_brand?post=729457"},{"taxonomy":"product_cat","embeddable":true,"href":"https:\/\/roveyayinevi.com.tr\/index.php\/wp-json\/wp\/v2\/product_cat?post=729457"},{"taxonomy":"product_tag","embeddable":true,"href":"https:\/\/roveyayinevi.com.tr\/index.php\/wp-json\/wp\/v2\/product_tag?post=729457"}],"curies":[{"name":"wp","href":"https:\/\/api.w.org\/{rel}","templated":true}]}}