{"id":729456,"date":"2025-08-27T20:56:20","date_gmt":"2025-08-27T17:56:20","guid":{"rendered":"https:\/\/roveyayinevi.com.tr\/index.php\/urun\/ofke-atesini-sonduren-ejderha\/"},"modified":"2026-04-16T02:37:10","modified_gmt":"2026-04-15T23:37:10","slug":"ofke-atesini-sonduren-ejderha","status":"publish","type":"product","link":"https:\/\/roveyayinevi.com.tr\/index.php\/urun\/ofke-atesini-sonduren-ejderha\/","title":{"rendered":"\u00d6fke Ate\u015fini S\u00f6nd\u00fcren Ejderha"},"content":{"rendered":"<p>Psikolog Tavsiyeli, Terapi Tad\u0131nda Bir \u00d6yk\u00fcHerkes zaman zaman \u00f6fkelenir. Hatta bazen \u00f6fkesine h\u00e2kim olamay\u0131p sonradan pi\u015fman olaca\u011f\u0131 \u015feyler de yapar. Ama hi\u00e7 kimsenin \u00f6fkesi bir ejderhan\u0131nki kadar yak\u0131c\u0131 de\u011fildir.Ira da \u00f6fkesini kontrol etmekte zorlanan gen\u00e7 bir ejderhad\u0131r. Ancak sevdiklerine ve \u00e7evresine zarar vermeye ba\u015flayan \u00f6fkesini dizginlemenin zaman\u0131 gelmi\u015ftir.Ira\u2019n\u0131n \u00f6fke ate\u015fini s\u00f6nd\u00fcrece\u011fi terapi maceras\u0131na seni de bekliyoruz.<\/p>\n","protected":false},"excerpt":{"rendered":"<p>Psikolog Tavsiyeli, Terapi Tad\u0131nda Bir \u00d6yk\u00fcHerkes zaman zaman \u00f6fkelenir. Hatta bazen \u00f6fkesine h\u00e2kim olamay\u0131p sonradan pi\u015fman olaca\u011f\u0131 \u015feyler de yapar. Ama hi\u00e7 kimsenin \u00f6fkesi bir ejderhan\u0131nki<span class=\"excerpt-hellip\"> [\u2026]<\/span><\/p>\n","protected":false},"featured_media":0,"template":"","meta":{"_monsterinsights_skip_tracking":false,"_monsterinsights_sitenote_active":false,"_monsterinsights_sitenote_note":"","_monsterinsights_sitenote_category":0},"product_brand":[],"product_cat":[12275,12274],"product_tag":[],"class_list":{"0":"post-729456","1":"product","2":"type-product","3":"status-publish","5":"product_cat-6-12-yas-kitaplari","6":"product_cat-cocuk-ve-genclik-kitaplari","7":"pa_cilt-ciltsiz","8":"pa_tur-kitap","9":"pa_yayinevi-acayip-kitaplar","10":"pa_yazar-aysegul-bayindir","12":"first","13":"instock","14":"sale","15":"shipping-taxable","16":"purchasable","17":"product-type-simple"},"_links":{"self":[{"href":"https:\/\/roveyayinevi.com.tr\/index.php\/wp-json\/wp\/v2\/product\/729456","targetHints":{"allow":["GET"]}}],"collection":[{"href":"https:\/\/roveyayinevi.com.tr\/index.php\/wp-json\/wp\/v2\/product"}],"about":[{"href":"https:\/\/roveyayinevi.com.tr\/index.php\/wp-json\/wp\/v2\/types\/product"}],"wp:attachment":[{"href":"https:\/\/roveyayinevi.com.tr\/index.php\/wp-json\/wp\/v2\/media?parent=729456"}],"wp:term":[{"taxonomy":"product_brand","embeddable":true,"href":"https:\/\/roveyayinevi.com.tr\/index.php\/wp-json\/wp\/v2\/product_brand?post=729456"},{"taxonomy":"product_cat","embeddable":true,"href":"https:\/\/roveyayinevi.com.tr\/index.php\/wp-json\/wp\/v2\/product_cat?post=729456"},{"taxonomy":"product_tag","embeddable":true,"href":"https:\/\/roveyayinevi.com.tr\/index.php\/wp-json\/wp\/v2\/product_tag?post=729456"}],"curies":[{"name":"wp","href":"https:\/\/api.w.org\/{rel}","templated":true}]}}