{"id":729454,"date":"2025-08-27T20:56:18","date_gmt":"2025-08-27T17:56:18","guid":{"rendered":"https:\/\/roveyayinevi.com.tr\/index.php\/urun\/golgedeki-sirlar\/"},"modified":"2026-04-16T02:37:10","modified_gmt":"2026-04-15T23:37:10","slug":"golgedeki-sirlar","status":"publish","type":"product","link":"https:\/\/roveyayinevi.com.tr\/index.php\/urun\/golgedeki-sirlar\/","title":{"rendered":"G\u00f6lgedeki S\u0131rlar"},"content":{"rendered":"<p>\u00d6ld\u00fcrd\u00fc\u011f\u00fcn\u00fc d\u00fc\u015f\u00fcnd\u00fc\u011f\u00fc gen\u00e7 k\u0131z\u0131n hayalini kendine yak\u0131n arkada\u015f edinen Sirap, s\u0131rlarla dolu oldu\u011funu ke\u015ffetti\u011fi hayat\u0131na tutunmaya \u00e7abalar.\u00d6zlemle bekledi\u011fi ilk bebe\u011finin do\u011fumuna iki hafta kalm\u0131\u015ft\u0131r. \u0130nsanlar\u0131n karanl\u0131k y\u00fcz\u00fcn\u00fc \u0131srarla g\u00f6rmezden gelen Sirap, s\u0131rlar a\u00e7\u0131\u011fa \u00e7\u0131kt\u0131k\u00e7a yumdu\u011fu g\u00f6zlerini aralamak zorunda kal\u0131r.Lanetli oldu\u011funa inanan gen\u00e7 adam, ger\u00e7ekleri \u00f6\u011frendi\u011finde bu karanl\u0131\u011f\u0131n i\u00e7inden \u00e7\u0131kabilecek midir?Osmanl\u0131 \u0130mparatorlu\u011fu\u2019nun k\u00fclt\u00fcrel yap\u0131s\u0131n\u0131 ve s\u0131radan hayatlar\u0131 aniden de\u011fi\u015fen cesur insanlar\u0131n sevgiye ve dostlu\u011fa olan tutkusunu aktaran G\u00f6lgedeki S\u0131rlar; cinayetler, ihanetler, kervanlara yap\u0131lan sald\u0131r\u0131lar aras\u0131nda s\u0131k\u0131\u015fan kahramanlar\u0131n manevi \u00e7\u00f6k\u00fc\u015f\u00fcn\u00fc ve g\u00fcl\u00fcmsemelerindeki ac\u0131y\u0131 ba\u015far\u0131yla resmeder.<\/p>\n","protected":false},"excerpt":{"rendered":"<p>\u00d6ld\u00fcrd\u00fc\u011f\u00fcn\u00fc d\u00fc\u015f\u00fcnd\u00fc\u011f\u00fc gen\u00e7 k\u0131z\u0131n hayalini kendine yak\u0131n arkada\u015f edinen Sirap, s\u0131rlarla dolu oldu\u011funu ke\u015ffetti\u011fi hayat\u0131na tutunmaya \u00e7abalar.\u00d6zlemle bekledi\u011fi ilk bebe\u011finin do\u011fumuna iki hafta kalm\u0131\u015ft\u0131r. \u0130nsanlar\u0131n karanl\u0131k<span class=\"excerpt-hellip\"> [\u2026]<\/span><\/p>\n","protected":false},"featured_media":0,"template":"","meta":{"_monsterinsights_skip_tracking":false,"_monsterinsights_sitenote_active":false,"_monsterinsights_sitenote_note":"","_monsterinsights_sitenote_category":0},"product_brand":[],"product_cat":[12291,12711],"product_tag":[],"class_list":{"0":"post-729454","1":"product","2":"type-product","3":"status-publish","5":"product_cat-edebiyat","6":"product_cat-roman-oyku","7":"pa_cilt-ciltsiz","8":"pa_tur-kitap","9":"pa_yayinevi-bilgi-yayinevi","10":"pa_yazar-rana-erol","12":"first","13":"instock","14":"sale","15":"shipping-taxable","16":"purchasable","17":"product-type-simple"},"_links":{"self":[{"href":"https:\/\/roveyayinevi.com.tr\/index.php\/wp-json\/wp\/v2\/product\/729454","targetHints":{"allow":["GET"]}}],"collection":[{"href":"https:\/\/roveyayinevi.com.tr\/index.php\/wp-json\/wp\/v2\/product"}],"about":[{"href":"https:\/\/roveyayinevi.com.tr\/index.php\/wp-json\/wp\/v2\/types\/product"}],"wp:attachment":[{"href":"https:\/\/roveyayinevi.com.tr\/index.php\/wp-json\/wp\/v2\/media?parent=729454"}],"wp:term":[{"taxonomy":"product_brand","embeddable":true,"href":"https:\/\/roveyayinevi.com.tr\/index.php\/wp-json\/wp\/v2\/product_brand?post=729454"},{"taxonomy":"product_cat","embeddable":true,"href":"https:\/\/roveyayinevi.com.tr\/index.php\/wp-json\/wp\/v2\/product_cat?post=729454"},{"taxonomy":"product_tag","embeddable":true,"href":"https:\/\/roveyayinevi.com.tr\/index.php\/wp-json\/wp\/v2\/product_tag?post=729454"}],"curies":[{"name":"wp","href":"https:\/\/api.w.org\/{rel}","templated":true}]}}